{"id":1457,"date":"2025-12-19T15:08:11","date_gmt":"2025-12-19T13:08:11","guid":{"rendered":"https:\/\/pro.viljatuote.fi\/tuote\/fullkornsorghummjol\/"},"modified":"2026-03-11T13:42:01","modified_gmt":"2026-03-11T11:42:01","slug":"fullkornsorghummjol","status":"publish","type":"product","link":"https:\/\/pro.viljatuote.fi\/sv\/tuote\/fullkornsorghummjol\/","title":{"rendered":"Fullkornsorghummj\u00f6l"},"content":{"rendered":"","protected":false},"excerpt":{"rendered":"<p>Fullkornsorghummj\u00f6l \u00e4r naturligt glutenfritt och inneh\u00e5ller rikligt med fiber och vegetabiliskt protein samt mycket j\u00e4rn och mineraler. Det liknar vetemj\u00f6l i smak och konsistens. <\/p>\n<p>\u2705 m\u00e5ngsidig mj\u00f6lblandning f\u00f6r salt och s\u00f6t bakning<br \/>\n\u2705 passar m\u00e5nga med multipla allergier och specialkoster<br \/>\n\u2705 utm\u00e4rkta n\u00e4ringsv\u00e4rden<br \/>\n\u274c inneh\u00e5ller inga tillsatser eller konserveringsmedel<\/p>\n<p><strong>Ingredienser: <\/strong>fullkornsorghum<\/p>\n","protected":false},"featured_media":1458,"template":"","meta":{"_acf_changed":false,"inline_featured_image":false,"_kad_blocks_custom_css":"","_kad_blocks_head_custom_js":"","_kad_blocks_body_custom_js":"","_kad_blocks_footer_custom_js":"","_kad_post_transparent":"default","_kad_post_title":"","_kad_post_layout":"default","_kad_post_sidebar_id":"","_kad_post_content_style":"default","_kad_post_vertical_padding":"default","_kad_post_feature":"","_kad_post_feature_position":"","_kad_post_header":false,"_kad_post_footer":false,"_kad_post_classname":""},"product_brand":[],"product_cat":[141],"product_tag":[145,143,144,169,142],"class_list":{"0":"post-1457","1":"product","2":"type-product","3":"status-publish","4":"has-post-thumbnail","6":"product_cat-durra","7":"product_tag-fullkornsmjol","8":"product_tag-glutenfri","9":"product_tag-mjol","10":"product_tag-sorghum-2","11":"product_tag-sorghum","13":"first","14":"instock","15":"taxable","16":"shipping-taxable","17":"purchasable","18":"product-type-variable","19":"entry","20":"content-bg","21":"loop-entry"},"acf":[],"yoast_head":"<!-- This site is optimized with the Yoast SEO plugin v27.2 - https:\/\/yoast.com\/product\/yoast-seo-wordpress\/ -->\n<title>Glutenfritt Fullkornsorghummj\u00f6l | Viljatuote F\u00f6retagsf\u00f6rs\u00e4ljning<\/title>\n<meta name=\"description\" content=\"Viljatuotes Glutenfria Fullkornsorghummj\u00f6l passar utm\u00e4rkt f\u00f6r b\u00e5de salt och s\u00f6t bakning. F\u00f6rpackningsstorlekar 500 g och 25 kg.\" \/>\n<meta name=\"robots\" content=\"index, follow, max-snippet:-1, max-image-preview:large, max-video-preview:-1\" \/>\n<link rel=\"canonical\" href=\"https:\/\/pro.viljatuote.fi\/sv\/tuote\/fullkornsorghummjol\/\" \/>\n<meta property=\"og:locale\" content=\"sv_SE\" \/>\n<meta property=\"og:type\" content=\"article\" \/>\n<meta property=\"og:title\" content=\"Glutenfritt Fullkornsorghummj\u00f6l | Viljatuote F\u00f6retagsf\u00f6rs\u00e4ljning\" \/>\n<meta property=\"og:description\" content=\"Viljatuotes Glutenfria Fullkornsorghummj\u00f6l passar utm\u00e4rkt f\u00f6r b\u00e5de salt och s\u00f6t bakning. F\u00f6rpackningsstorlekar 500 g och 25 kg.\" \/>\n<meta property=\"og:url\" content=\"https:\/\/pro.viljatuote.fi\/sv\/tuote\/fullkornsorghummjol\/\" \/>\n<meta property=\"og:site_name\" content=\"Viljatuote Pro\" \/>\n<meta property=\"article:modified_time\" content=\"2026-03-11T11:42:01+00:00\" \/>\n<meta property=\"og:image\" content=\"https:\/\/pro.viljatuote.fi\/wp-content\/uploads\/2025\/12\/2.png\" \/>\n\t<meta property=\"og:image:width\" content=\"1080\" \/>\n\t<meta property=\"og:image:height\" content=\"1080\" \/>\n\t<meta property=\"og:image:type\" content=\"image\/png\" \/>\n<script type=\"application\/ld+json\" class=\"yoast-schema-graph\">{\"@context\":\"https:\/\/schema.org\",\"@graph\":[{\"@type\":\"WebPage\",\"@id\":\"https:\/\/pro.viljatuote.fi\/sv\/tuote\/fullkornsorghummjol\/\",\"url\":\"https:\/\/pro.viljatuote.fi\/sv\/tuote\/fullkornsorghummjol\/\",\"name\":\"Glutenfritt Fullkornsorghummj\u00f6l | Viljatuote F\u00f6retagsf\u00f6rs\u00e4ljning\",\"isPartOf\":{\"@id\":\"https:\/\/pro.viljatuote.fi\/sv\/#website\"},\"primaryImageOfPage\":{\"@id\":\"https:\/\/pro.viljatuote.fi\/sv\/tuote\/fullkornsorghummjol\/#primaryimage\"},\"image\":{\"@id\":\"https:\/\/pro.viljatuote.fi\/sv\/tuote\/fullkornsorghummjol\/#primaryimage\"},\"thumbnailUrl\":\"https:\/\/pro.viljatuote.fi\/wp-content\/uploads\/2025\/12\/2.png\",\"datePublished\":\"2025-12-19T13:08:11+00:00\",\"dateModified\":\"2026-03-11T11:42:01+00:00\",\"description\":\"Viljatuotes Glutenfria Fullkornsorghummj\u00f6l passar utm\u00e4rkt f\u00f6r b\u00e5de salt och s\u00f6t bakning. F\u00f6rpackningsstorlekar 500 g och 25 kg.\",\"breadcrumb\":{\"@id\":\"https:\/\/pro.viljatuote.fi\/sv\/tuote\/fullkornsorghummjol\/#breadcrumb\"},\"inLanguage\":\"sv-SE\",\"potentialAction\":[{\"@type\":\"ReadAction\",\"target\":[\"https:\/\/pro.viljatuote.fi\/sv\/tuote\/fullkornsorghummjol\/\"]}]},{\"@type\":\"ImageObject\",\"inLanguage\":\"sv-SE\",\"@id\":\"https:\/\/pro.viljatuote.fi\/sv\/tuote\/fullkornsorghummjol\/#primaryimage\",\"url\":\"https:\/\/pro.viljatuote.fi\/wp-content\/uploads\/2025\/12\/2.png\",\"contentUrl\":\"https:\/\/pro.viljatuote.fi\/wp-content\/uploads\/2025\/12\/2.png\",\"width\":1080,\"height\":1080,\"caption\":\"Viljatuote Glutenfritt Fullkornsorghummj\u00f6l\"},{\"@type\":\"BreadcrumbList\",\"@id\":\"https:\/\/pro.viljatuote.fi\/sv\/tuote\/fullkornsorghummjol\/#breadcrumb\",\"itemListElement\":[{\"@type\":\"ListItem\",\"position\":1,\"name\":\"Hemsida\",\"item\":\"https:\/\/pro.viljatuote.fi\/sv\/\"},{\"@type\":\"ListItem\",\"position\":2,\"name\":\"Webbutik\",\"item\":\"https:\/\/pro.viljatuote.fi\/sv\/butik\/\"},{\"@type\":\"ListItem\",\"position\":3,\"name\":\"Fullkornsorghummj\u00f6l\"}]},{\"@type\":\"WebSite\",\"@id\":\"https:\/\/pro.viljatuote.fi\/sv\/#website\",\"url\":\"https:\/\/pro.viljatuote.fi\/sv\/\",\"name\":\"Viljatuote Pro\",\"description\":\"Verkkokauppa\",\"publisher\":{\"@id\":\"https:\/\/pro.viljatuote.fi\/sv\/#organization\"},\"potentialAction\":[{\"@type\":\"SearchAction\",\"target\":{\"@type\":\"EntryPoint\",\"urlTemplate\":\"https:\/\/pro.viljatuote.fi\/sv\/?s={search_term_string}\"},\"query-input\":{\"@type\":\"PropertyValueSpecification\",\"valueRequired\":true,\"valueName\":\"search_term_string\"}}],\"inLanguage\":\"sv-SE\"},{\"@type\":\"Organization\",\"@id\":\"https:\/\/pro.viljatuote.fi\/sv\/#organization\",\"name\":\"Virtasalmen Viljatuote\",\"url\":\"https:\/\/pro.viljatuote.fi\/sv\/\",\"logo\":{\"@type\":\"ImageObject\",\"inLanguage\":\"sv-SE\",\"@id\":\"https:\/\/pro.viljatuote.fi\/sv\/#\/schema\/logo\/image\/\",\"url\":\"https:\/\/pro.viljatuote.fi\/wp-content\/uploads\/2025\/11\/Viljatuote-logo-GREEN.svg\",\"contentUrl\":\"https:\/\/pro.viljatuote.fi\/wp-content\/uploads\/2025\/11\/Viljatuote-logo-GREEN.svg\",\"width\":245,\"height\":113,\"caption\":\"Virtasalmen Viljatuote\"},\"image\":{\"@id\":\"https:\/\/pro.viljatuote.fi\/sv\/#\/schema\/logo\/image\/\"}}]}<\/script>\n<!-- \/ Yoast SEO plugin. -->","yoast_head_json":{"title":"Glutenfritt Fullkornsorghummj\u00f6l | Viljatuote F\u00f6retagsf\u00f6rs\u00e4ljning","description":"Viljatuotes Glutenfria Fullkornsorghummj\u00f6l passar utm\u00e4rkt f\u00f6r b\u00e5de salt och s\u00f6t bakning. F\u00f6rpackningsstorlekar 500 g och 25 kg.","robots":{"index":"index","follow":"follow","max-snippet":"max-snippet:-1","max-image-preview":"max-image-preview:large","max-video-preview":"max-video-preview:-1"},"canonical":"https:\/\/pro.viljatuote.fi\/sv\/tuote\/fullkornsorghummjol\/","og_locale":"sv_SE","og_type":"article","og_title":"Glutenfritt Fullkornsorghummj\u00f6l | Viljatuote F\u00f6retagsf\u00f6rs\u00e4ljning","og_description":"Viljatuotes Glutenfria Fullkornsorghummj\u00f6l passar utm\u00e4rkt f\u00f6r b\u00e5de salt och s\u00f6t bakning. F\u00f6rpackningsstorlekar 500 g och 25 kg.","og_url":"https:\/\/pro.viljatuote.fi\/sv\/tuote\/fullkornsorghummjol\/","og_site_name":"Viljatuote Pro","article_modified_time":"2026-03-11T11:42:01+00:00","og_image":[{"width":1080,"height":1080,"url":"https:\/\/pro.viljatuote.fi\/wp-content\/uploads\/2025\/12\/2.png","type":"image\/png"}],"schema":{"@context":"https:\/\/schema.org","@graph":[{"@type":"WebPage","@id":"https:\/\/pro.viljatuote.fi\/sv\/tuote\/fullkornsorghummjol\/","url":"https:\/\/pro.viljatuote.fi\/sv\/tuote\/fullkornsorghummjol\/","name":"Glutenfritt Fullkornsorghummj\u00f6l | Viljatuote F\u00f6retagsf\u00f6rs\u00e4ljning","isPartOf":{"@id":"https:\/\/pro.viljatuote.fi\/sv\/#website"},"primaryImageOfPage":{"@id":"https:\/\/pro.viljatuote.fi\/sv\/tuote\/fullkornsorghummjol\/#primaryimage"},"image":{"@id":"https:\/\/pro.viljatuote.fi\/sv\/tuote\/fullkornsorghummjol\/#primaryimage"},"thumbnailUrl":"https:\/\/pro.viljatuote.fi\/wp-content\/uploads\/2025\/12\/2.png","datePublished":"2025-12-19T13:08:11+00:00","dateModified":"2026-03-11T11:42:01+00:00","description":"Viljatuotes Glutenfria Fullkornsorghummj\u00f6l passar utm\u00e4rkt f\u00f6r b\u00e5de salt och s\u00f6t bakning. F\u00f6rpackningsstorlekar 500 g och 25 kg.","breadcrumb":{"@id":"https:\/\/pro.viljatuote.fi\/sv\/tuote\/fullkornsorghummjol\/#breadcrumb"},"inLanguage":"sv-SE","potentialAction":[{"@type":"ReadAction","target":["https:\/\/pro.viljatuote.fi\/sv\/tuote\/fullkornsorghummjol\/"]}]},{"@type":"ImageObject","inLanguage":"sv-SE","@id":"https:\/\/pro.viljatuote.fi\/sv\/tuote\/fullkornsorghummjol\/#primaryimage","url":"https:\/\/pro.viljatuote.fi\/wp-content\/uploads\/2025\/12\/2.png","contentUrl":"https:\/\/pro.viljatuote.fi\/wp-content\/uploads\/2025\/12\/2.png","width":1080,"height":1080,"caption":"Viljatuote Glutenfritt Fullkornsorghummj\u00f6l"},{"@type":"BreadcrumbList","@id":"https:\/\/pro.viljatuote.fi\/sv\/tuote\/fullkornsorghummjol\/#breadcrumb","itemListElement":[{"@type":"ListItem","position":1,"name":"Hemsida","item":"https:\/\/pro.viljatuote.fi\/sv\/"},{"@type":"ListItem","position":2,"name":"Webbutik","item":"https:\/\/pro.viljatuote.fi\/sv\/butik\/"},{"@type":"ListItem","position":3,"name":"Fullkornsorghummj\u00f6l"}]},{"@type":"WebSite","@id":"https:\/\/pro.viljatuote.fi\/sv\/#website","url":"https:\/\/pro.viljatuote.fi\/sv\/","name":"Viljatuote Pro","description":"Verkkokauppa","publisher":{"@id":"https:\/\/pro.viljatuote.fi\/sv\/#organization"},"potentialAction":[{"@type":"SearchAction","target":{"@type":"EntryPoint","urlTemplate":"https:\/\/pro.viljatuote.fi\/sv\/?s={search_term_string}"},"query-input":{"@type":"PropertyValueSpecification","valueRequired":true,"valueName":"search_term_string"}}],"inLanguage":"sv-SE"},{"@type":"Organization","@id":"https:\/\/pro.viljatuote.fi\/sv\/#organization","name":"Virtasalmen Viljatuote","url":"https:\/\/pro.viljatuote.fi\/sv\/","logo":{"@type":"ImageObject","inLanguage":"sv-SE","@id":"https:\/\/pro.viljatuote.fi\/sv\/#\/schema\/logo\/image\/","url":"https:\/\/pro.viljatuote.fi\/wp-content\/uploads\/2025\/11\/Viljatuote-logo-GREEN.svg","contentUrl":"https:\/\/pro.viljatuote.fi\/wp-content\/uploads\/2025\/11\/Viljatuote-logo-GREEN.svg","width":245,"height":113,"caption":"Virtasalmen Viljatuote"},"image":{"@id":"https:\/\/pro.viljatuote.fi\/sv\/#\/schema\/logo\/image\/"}}]}},"taxonomy_info":{"product_cat":[{"value":141,"label":"Durra (Sorghum)"}],"product_tag":[{"value":145,"label":"Fullkornsmj\u00f6l"},{"value":143,"label":"Glutenfri"},{"value":144,"label":"Mj\u00f6l"},{"value":169,"label":"Sorghum"},{"value":142,"label":"Sorghum"}]},"featured_image_src_large":["https:\/\/pro.viljatuote.fi\/wp-content\/uploads\/2025\/12\/2-1024x1024.png",1024,1024,true],"author_info":[],"comment_info":"","_links":{"self":[{"href":"https:\/\/pro.viljatuote.fi\/sv\/wp-json\/wp\/v2\/product\/1457","targetHints":{"allow":["GET"]}}],"collection":[{"href":"https:\/\/pro.viljatuote.fi\/sv\/wp-json\/wp\/v2\/product"}],"about":[{"href":"https:\/\/pro.viljatuote.fi\/sv\/wp-json\/wp\/v2\/types\/product"}],"wp:featuredmedia":[{"embeddable":true,"href":"https:\/\/pro.viljatuote.fi\/sv\/wp-json\/wp\/v2\/media\/1458"}],"wp:attachment":[{"href":"https:\/\/pro.viljatuote.fi\/sv\/wp-json\/wp\/v2\/media?parent=1457"}],"wp:term":[{"taxonomy":"product_brand","embeddable":true,"href":"https:\/\/pro.viljatuote.fi\/sv\/wp-json\/wp\/v2\/product_brand?post=1457"},{"taxonomy":"product_cat","embeddable":true,"href":"https:\/\/pro.viljatuote.fi\/sv\/wp-json\/wp\/v2\/product_cat?post=1457"},{"taxonomy":"product_tag","embeddable":true,"href":"https:\/\/pro.viljatuote.fi\/sv\/wp-json\/wp\/v2\/product_tag?post=1457"}],"curies":[{"name":"wp","href":"https:\/\/api.w.org\/{rel}","templated":true}]}}