{"id":1461,"date":"2025-12-19T15:07:59","date_gmt":"2025-12-19T13:07:59","guid":{"rendered":"https:\/\/pro.viljatuote.fi\/tuote\/durramjolmix\/"},"modified":"2026-01-27T10:48:26","modified_gmt":"2026-01-27T08:48:26","slug":"durramjolmix","status":"publish","type":"product","link":"https:\/\/pro.viljatuote.fi\/sv\/tuote\/durramjolmix\/","title":{"rendered":"Durramj\u00f6lmix"},"content":{"rendered":"","protected":false},"excerpt":{"rendered":"<p>En mj\u00f6lmix som passar m\u00e5ngsidigt f\u00f6r b\u00e5de salt och s\u00f6t glutenfri bakning. Glutenfri Durramj\u00f6lmix inneh\u00e5ller rikligt med fiber och vegetabiliskt protein samt mycket j\u00e4rn och mineraler. Med denna mj\u00f6lmix f\u00e5r du en veteliknande smak och konsistens i dina bakverk.  <\/p>\n<p>\u2705 m\u00e5ngsidig mj\u00f6lmix f\u00f6r salt och s\u00f6t bakning<br \/>\n\u2705 passar m\u00e5nga som f\u00f6ljer specialkost<br \/>\n\u274c ingen vetest\u00e4rkelse, inga tillsatser eller konserveringsmedel<br \/>\n\u274c inneh\u00e5ller inte ris, majs eller bovete<\/p>\n<p><strong>Ingredienser: <\/strong>Fullkornsdurramj\u00f6l 70% (EU), potatismj\u00f6l, tapiokast\u00e4rkelse, psyllium.<\/p>\n","protected":false},"featured_media":1462,"template":"","meta":{"_acf_changed":false,"inline_featured_image":false,"_kad_blocks_custom_css":"","_kad_blocks_head_custom_js":"","_kad_blocks_body_custom_js":"","_kad_blocks_footer_custom_js":"","_kad_post_transparent":"","_kad_post_title":"","_kad_post_layout":"","_kad_post_sidebar_id":"","_kad_post_content_style":"","_kad_post_vertical_padding":"","_kad_post_feature":"","_kad_post_feature_position":"","_kad_post_header":false,"_kad_post_footer":false,"_kad_post_classname":""},"product_brand":[],"product_cat":[146],"product_tag":[143,147,148,142],"class_list":{"0":"post-1461","1":"product","2":"type-product","3":"status-publish","4":"has-post-thumbnail","6":"product_cat-mjolmixer","7":"product_tag-glutenfri","8":"product_tag-glutenfri-produktmarkning","9":"product_tag-mjolmix","10":"product_tag-sorghum","12":"first","13":"instock","14":"taxable","15":"shipping-taxable","16":"purchasable","17":"product-type-variable","18":"entry","19":"content-bg","20":"loop-entry"},"acf":[],"yoast_head":"<!-- This site is optimized with the Yoast SEO plugin v27.2 - https:\/\/yoast.com\/product\/yoast-seo-wordpress\/ -->\n<title>Glutenfri sorghummj\u00f6lmix | Virtasalmen Viljatuote | F\u00f6retagsf\u00f6rs\u00e4ljning<\/title>\n<meta name=\"description\" content=\"Glutenfri Durramj\u00f6lmix passar m\u00e5nga med kostbegr\u00e4nsningar. Denna mj\u00f6lmix \u00e4r tillverkad utan ris, bovete eller majs. Storlekar 500 g, 3 kg och 25 kg.\" \/>\n<meta name=\"robots\" content=\"index, follow, max-snippet:-1, max-image-preview:large, max-video-preview:-1\" \/>\n<link rel=\"canonical\" href=\"https:\/\/pro.viljatuote.fi\/sv\/tuote\/durramjolmix\/\" \/>\n<meta property=\"og:locale\" content=\"sv_SE\" \/>\n<meta property=\"og:type\" content=\"article\" \/>\n<meta property=\"og:title\" content=\"Glutenfri sorghummj\u00f6lmix | Virtasalmen Viljatuote | F\u00f6retagsf\u00f6rs\u00e4ljning\" \/>\n<meta property=\"og:description\" content=\"Glutenfri Durramj\u00f6lmix passar m\u00e5nga med kostbegr\u00e4nsningar. Denna mj\u00f6lmix \u00e4r tillverkad utan ris, bovete eller majs. Storlekar 500 g, 3 kg och 25 kg.\" \/>\n<meta property=\"og:url\" content=\"https:\/\/pro.viljatuote.fi\/sv\/tuote\/durramjolmix\/\" \/>\n<meta property=\"og:site_name\" content=\"Viljatuote Pro\" \/>\n<meta property=\"article:modified_time\" content=\"2026-01-27T08:48:26+00:00\" \/>\n<meta property=\"og:image\" content=\"https:\/\/pro.viljatuote.fi\/wp-content\/uploads\/2025\/12\/ei-taustaa.png\" \/>\n\t<meta property=\"og:image:width\" content=\"1080\" \/>\n\t<meta property=\"og:image:height\" content=\"1080\" \/>\n\t<meta property=\"og:image:type\" content=\"image\/png\" \/>\n<script type=\"application\/ld+json\" class=\"yoast-schema-graph\">{\"@context\":\"https:\/\/schema.org\",\"@graph\":[{\"@type\":\"WebPage\",\"@id\":\"https:\/\/pro.viljatuote.fi\/sv\/tuote\/durramjolmix\/\",\"url\":\"https:\/\/pro.viljatuote.fi\/sv\/tuote\/durramjolmix\/\",\"name\":\"Glutenfri sorghummj\u00f6lmix | Virtasalmen Viljatuote | F\u00f6retagsf\u00f6rs\u00e4ljning\",\"isPartOf\":{\"@id\":\"https:\/\/pro.viljatuote.fi\/sv\/#website\"},\"primaryImageOfPage\":{\"@id\":\"https:\/\/pro.viljatuote.fi\/sv\/tuote\/durramjolmix\/#primaryimage\"},\"image\":{\"@id\":\"https:\/\/pro.viljatuote.fi\/sv\/tuote\/durramjolmix\/#primaryimage\"},\"thumbnailUrl\":\"https:\/\/pro.viljatuote.fi\/wp-content\/uploads\/2025\/12\/ei-taustaa.png\",\"datePublished\":\"2025-12-19T13:07:59+00:00\",\"dateModified\":\"2026-01-27T08:48:26+00:00\",\"description\":\"Glutenfri Durramj\u00f6lmix passar m\u00e5nga med kostbegr\u00e4nsningar. Denna mj\u00f6lmix \u00e4r tillverkad utan ris, bovete eller majs. Storlekar 500 g, 3 kg och 25 kg.\",\"breadcrumb\":{\"@id\":\"https:\/\/pro.viljatuote.fi\/sv\/tuote\/durramjolmix\/#breadcrumb\"},\"inLanguage\":\"sv-SE\",\"potentialAction\":[{\"@type\":\"ReadAction\",\"target\":[\"https:\/\/pro.viljatuote.fi\/sv\/tuote\/durramjolmix\/\"]}]},{\"@type\":\"ImageObject\",\"inLanguage\":\"sv-SE\",\"@id\":\"https:\/\/pro.viljatuote.fi\/sv\/tuote\/durramjolmix\/#primaryimage\",\"url\":\"https:\/\/pro.viljatuote.fi\/wp-content\/uploads\/2025\/12\/ei-taustaa.png\",\"contentUrl\":\"https:\/\/pro.viljatuote.fi\/wp-content\/uploads\/2025\/12\/ei-taustaa.png\",\"width\":1080,\"height\":1080,\"caption\":\"Glutenfri Durramj\u00f6lmix 500 g\"},{\"@type\":\"BreadcrumbList\",\"@id\":\"https:\/\/pro.viljatuote.fi\/sv\/tuote\/durramjolmix\/#breadcrumb\",\"itemListElement\":[{\"@type\":\"ListItem\",\"position\":1,\"name\":\"Hemsida\",\"item\":\"https:\/\/pro.viljatuote.fi\/sv\/\"},{\"@type\":\"ListItem\",\"position\":2,\"name\":\"Webbutik\",\"item\":\"https:\/\/pro.viljatuote.fi\/sv\/butik\/\"},{\"@type\":\"ListItem\",\"position\":3,\"name\":\"Durramj\u00f6lmix\"}]},{\"@type\":\"WebSite\",\"@id\":\"https:\/\/pro.viljatuote.fi\/sv\/#website\",\"url\":\"https:\/\/pro.viljatuote.fi\/sv\/\",\"name\":\"Viljatuote Pro\",\"description\":\"Verkkokauppa\",\"publisher\":{\"@id\":\"https:\/\/pro.viljatuote.fi\/sv\/#organization\"},\"potentialAction\":[{\"@type\":\"SearchAction\",\"target\":{\"@type\":\"EntryPoint\",\"urlTemplate\":\"https:\/\/pro.viljatuote.fi\/sv\/?s={search_term_string}\"},\"query-input\":{\"@type\":\"PropertyValueSpecification\",\"valueRequired\":true,\"valueName\":\"search_term_string\"}}],\"inLanguage\":\"sv-SE\"},{\"@type\":\"Organization\",\"@id\":\"https:\/\/pro.viljatuote.fi\/sv\/#organization\",\"name\":\"Virtasalmen Viljatuote\",\"url\":\"https:\/\/pro.viljatuote.fi\/sv\/\",\"logo\":{\"@type\":\"ImageObject\",\"inLanguage\":\"sv-SE\",\"@id\":\"https:\/\/pro.viljatuote.fi\/sv\/#\/schema\/logo\/image\/\",\"url\":\"https:\/\/pro.viljatuote.fi\/wp-content\/uploads\/2025\/11\/Viljatuote-logo-GREEN.svg\",\"contentUrl\":\"https:\/\/pro.viljatuote.fi\/wp-content\/uploads\/2025\/11\/Viljatuote-logo-GREEN.svg\",\"width\":245,\"height\":113,\"caption\":\"Virtasalmen Viljatuote\"},\"image\":{\"@id\":\"https:\/\/pro.viljatuote.fi\/sv\/#\/schema\/logo\/image\/\"}}]}<\/script>\n<!-- \/ Yoast SEO plugin. -->","yoast_head_json":{"title":"Glutenfri sorghummj\u00f6lmix | Virtasalmen Viljatuote | F\u00f6retagsf\u00f6rs\u00e4ljning","description":"Glutenfri Durramj\u00f6lmix passar m\u00e5nga med kostbegr\u00e4nsningar. Denna mj\u00f6lmix \u00e4r tillverkad utan ris, bovete eller majs. Storlekar 500 g, 3 kg och 25 kg.","robots":{"index":"index","follow":"follow","max-snippet":"max-snippet:-1","max-image-preview":"max-image-preview:large","max-video-preview":"max-video-preview:-1"},"canonical":"https:\/\/pro.viljatuote.fi\/sv\/tuote\/durramjolmix\/","og_locale":"sv_SE","og_type":"article","og_title":"Glutenfri sorghummj\u00f6lmix | Virtasalmen Viljatuote | F\u00f6retagsf\u00f6rs\u00e4ljning","og_description":"Glutenfri Durramj\u00f6lmix passar m\u00e5nga med kostbegr\u00e4nsningar. Denna mj\u00f6lmix \u00e4r tillverkad utan ris, bovete eller majs. Storlekar 500 g, 3 kg och 25 kg.","og_url":"https:\/\/pro.viljatuote.fi\/sv\/tuote\/durramjolmix\/","og_site_name":"Viljatuote Pro","article_modified_time":"2026-01-27T08:48:26+00:00","og_image":[{"width":1080,"height":1080,"url":"https:\/\/pro.viljatuote.fi\/wp-content\/uploads\/2025\/12\/ei-taustaa.png","type":"image\/png"}],"schema":{"@context":"https:\/\/schema.org","@graph":[{"@type":"WebPage","@id":"https:\/\/pro.viljatuote.fi\/sv\/tuote\/durramjolmix\/","url":"https:\/\/pro.viljatuote.fi\/sv\/tuote\/durramjolmix\/","name":"Glutenfri sorghummj\u00f6lmix | Virtasalmen Viljatuote | F\u00f6retagsf\u00f6rs\u00e4ljning","isPartOf":{"@id":"https:\/\/pro.viljatuote.fi\/sv\/#website"},"primaryImageOfPage":{"@id":"https:\/\/pro.viljatuote.fi\/sv\/tuote\/durramjolmix\/#primaryimage"},"image":{"@id":"https:\/\/pro.viljatuote.fi\/sv\/tuote\/durramjolmix\/#primaryimage"},"thumbnailUrl":"https:\/\/pro.viljatuote.fi\/wp-content\/uploads\/2025\/12\/ei-taustaa.png","datePublished":"2025-12-19T13:07:59+00:00","dateModified":"2026-01-27T08:48:26+00:00","description":"Glutenfri Durramj\u00f6lmix passar m\u00e5nga med kostbegr\u00e4nsningar. Denna mj\u00f6lmix \u00e4r tillverkad utan ris, bovete eller majs. Storlekar 500 g, 3 kg och 25 kg.","breadcrumb":{"@id":"https:\/\/pro.viljatuote.fi\/sv\/tuote\/durramjolmix\/#breadcrumb"},"inLanguage":"sv-SE","potentialAction":[{"@type":"ReadAction","target":["https:\/\/pro.viljatuote.fi\/sv\/tuote\/durramjolmix\/"]}]},{"@type":"ImageObject","inLanguage":"sv-SE","@id":"https:\/\/pro.viljatuote.fi\/sv\/tuote\/durramjolmix\/#primaryimage","url":"https:\/\/pro.viljatuote.fi\/wp-content\/uploads\/2025\/12\/ei-taustaa.png","contentUrl":"https:\/\/pro.viljatuote.fi\/wp-content\/uploads\/2025\/12\/ei-taustaa.png","width":1080,"height":1080,"caption":"Glutenfri Durramj\u00f6lmix 500 g"},{"@type":"BreadcrumbList","@id":"https:\/\/pro.viljatuote.fi\/sv\/tuote\/durramjolmix\/#breadcrumb","itemListElement":[{"@type":"ListItem","position":1,"name":"Hemsida","item":"https:\/\/pro.viljatuote.fi\/sv\/"},{"@type":"ListItem","position":2,"name":"Webbutik","item":"https:\/\/pro.viljatuote.fi\/sv\/butik\/"},{"@type":"ListItem","position":3,"name":"Durramj\u00f6lmix"}]},{"@type":"WebSite","@id":"https:\/\/pro.viljatuote.fi\/sv\/#website","url":"https:\/\/pro.viljatuote.fi\/sv\/","name":"Viljatuote Pro","description":"Verkkokauppa","publisher":{"@id":"https:\/\/pro.viljatuote.fi\/sv\/#organization"},"potentialAction":[{"@type":"SearchAction","target":{"@type":"EntryPoint","urlTemplate":"https:\/\/pro.viljatuote.fi\/sv\/?s={search_term_string}"},"query-input":{"@type":"PropertyValueSpecification","valueRequired":true,"valueName":"search_term_string"}}],"inLanguage":"sv-SE"},{"@type":"Organization","@id":"https:\/\/pro.viljatuote.fi\/sv\/#organization","name":"Virtasalmen Viljatuote","url":"https:\/\/pro.viljatuote.fi\/sv\/","logo":{"@type":"ImageObject","inLanguage":"sv-SE","@id":"https:\/\/pro.viljatuote.fi\/sv\/#\/schema\/logo\/image\/","url":"https:\/\/pro.viljatuote.fi\/wp-content\/uploads\/2025\/11\/Viljatuote-logo-GREEN.svg","contentUrl":"https:\/\/pro.viljatuote.fi\/wp-content\/uploads\/2025\/11\/Viljatuote-logo-GREEN.svg","width":245,"height":113,"caption":"Virtasalmen Viljatuote"},"image":{"@id":"https:\/\/pro.viljatuote.fi\/sv\/#\/schema\/logo\/image\/"}}]}},"taxonomy_info":{"product_cat":[{"value":146,"label":"Mj\u00f6lmixer"}],"product_tag":[{"value":143,"label":"Glutenfri"},{"value":147,"label":"Glutenfri produktm\u00e4rkning"},{"value":148,"label":"Mj\u00f6lmix"},{"value":142,"label":"Sorghum"}]},"featured_image_src_large":["https:\/\/pro.viljatuote.fi\/wp-content\/uploads\/2025\/12\/ei-taustaa-1024x1024.png",1024,1024,true],"author_info":[],"comment_info":"","_links":{"self":[{"href":"https:\/\/pro.viljatuote.fi\/sv\/wp-json\/wp\/v2\/product\/1461","targetHints":{"allow":["GET"]}}],"collection":[{"href":"https:\/\/pro.viljatuote.fi\/sv\/wp-json\/wp\/v2\/product"}],"about":[{"href":"https:\/\/pro.viljatuote.fi\/sv\/wp-json\/wp\/v2\/types\/product"}],"wp:featuredmedia":[{"embeddable":true,"href":"https:\/\/pro.viljatuote.fi\/sv\/wp-json\/wp\/v2\/media\/1462"}],"wp:attachment":[{"href":"https:\/\/pro.viljatuote.fi\/sv\/wp-json\/wp\/v2\/media?parent=1461"}],"wp:term":[{"taxonomy":"product_brand","embeddable":true,"href":"https:\/\/pro.viljatuote.fi\/sv\/wp-json\/wp\/v2\/product_brand?post=1461"},{"taxonomy":"product_cat","embeddable":true,"href":"https:\/\/pro.viljatuote.fi\/sv\/wp-json\/wp\/v2\/product_cat?post=1461"},{"taxonomy":"product_tag","embeddable":true,"href":"https:\/\/pro.viljatuote.fi\/sv\/wp-json\/wp\/v2\/product_tag?post=1461"}],"curies":[{"name":"wp","href":"https:\/\/api.w.org\/{rel}","templated":true}]}}