{"id":2119,"date":"2026-01-07T16:40:35","date_gmt":"2026-01-07T14:40:35","guid":{"rendered":"https:\/\/pro.viljatuote.fi\/tuote\/pasforslutare\/"},"modified":"2026-01-27T10:57:37","modified_gmt":"2026-01-27T08:57:37","slug":"pasforslutare","status":"publish","type":"product","link":"https:\/\/pro.viljatuote.fi\/sv\/tuote\/pasforslutare\/","title":{"rendered":"P\u00e5sf\u00f6rslutare"},"content":{"rendered":"","protected":false},"excerpt":{"rendered":"<p>Praktisk p\u00e5sf\u00f6rslutare f\u00f6r att st\u00e4nga Viljatuotes mj\u00f6lp\u00e5sar om och om igen. Minskar risken f\u00f6r korskontaminering och h\u00e5ller sk\u00e5p och l\u00e5dor renare. <\/p>\n<p>\u2705 f\u00f6rsluter mj\u00f6l- och mj\u00f6lblandningsp\u00e5sar t\u00e4tt<br \/>\n\u2705 avsedd f\u00f6r en 3 kg p\u00e5se<br \/>\n\u2705 p\u00e5s\u00f6ppning som ska f\u00f6rslutas max 22 cm bred<\/p>\n<p>Du kan ocks\u00e5 anv\u00e4nda p\u00e5sf\u00f6rslutaren f\u00f6r att st\u00e4nga v\u00e5ra mindre p\u00e5sar. Med f\u00f6rslutaren kan du st\u00e4nga tv\u00e5 till tre sm\u00e5 p\u00e5sar samtidigt, beroende p\u00e5 p\u00e5sarnas storlek. <\/p>\n","protected":false},"featured_media":1539,"template":"","meta":{"_acf_changed":false,"inline_featured_image":false,"_kad_blocks_custom_css":"","_kad_blocks_head_custom_js":"","_kad_blocks_body_custom_js":"","_kad_blocks_footer_custom_js":"","_kad_post_transparent":"","_kad_post_title":"","_kad_post_layout":"","_kad_post_sidebar_id":"","_kad_post_content_style":"","_kad_post_vertical_padding":"","_kad_post_feature":"","_kad_post_feature_position":"","_kad_post_header":false,"_kad_post_footer":false,"_kad_post_classname":""},"product_brand":[],"product_cat":[240],"product_tag":[],"class_list":{"0":"post-2119","1":"product","2":"type-product","3":"status-publish","4":"has-post-thumbnail","6":"product_cat-diverse","8":"first","9":"instock","10":"taxable","11":"shipping-taxable","12":"purchasable","13":"product-type-simple","14":"entry","15":"content-bg","16":"loop-entry"},"acf":[],"yoast_head":"<!-- This site is optimized with the Yoast SEO plugin v27.2 - https:\/\/yoast.com\/product\/yoast-seo-wordpress\/ -->\n<title>P\u00e5sf\u00f6rslutare | Viljatuote Pro | \u00d6vriga tillbeh\u00f6r<\/title>\n<meta name=\"description\" content=\"Praktisk p\u00e5sf\u00f6rslutare f\u00f6r att st\u00e4nga Viljatuotes mj\u00f6lp\u00e5sar om och om igen. Minskar risken f\u00f6r korskontaminering. L\u00e4ngd 22 cm.\" \/>\n<meta name=\"robots\" content=\"index, follow, max-snippet:-1, max-image-preview:large, max-video-preview:-1\" \/>\n<link rel=\"canonical\" href=\"https:\/\/pro.viljatuote.fi\/sv\/tuote\/pasforslutare\/\" \/>\n<meta property=\"og:locale\" content=\"sv_SE\" \/>\n<meta property=\"og:type\" content=\"article\" \/>\n<meta property=\"og:title\" content=\"P\u00e5sf\u00f6rslutare | Viljatuote Pro | \u00d6vriga tillbeh\u00f6r\" \/>\n<meta property=\"og:description\" content=\"Praktisk p\u00e5sf\u00f6rslutare f\u00f6r att st\u00e4nga Viljatuotes mj\u00f6lp\u00e5sar om och om igen. Minskar risken f\u00f6r korskontaminering. L\u00e4ngd 22 cm.\" \/>\n<meta property=\"og:url\" content=\"https:\/\/pro.viljatuote.fi\/sv\/tuote\/pasforslutare\/\" \/>\n<meta property=\"og:site_name\" content=\"Viljatuote Pro\" \/>\n<meta property=\"article:modified_time\" content=\"2026-01-27T08:57:37+00:00\" \/>\n<meta property=\"og:image\" content=\"https:\/\/pro.viljatuote.fi\/wp-content\/uploads\/2026\/01\/2.png\" \/>\n\t<meta property=\"og:image:width\" content=\"1080\" \/>\n\t<meta property=\"og:image:height\" content=\"1080\" \/>\n\t<meta property=\"og:image:type\" content=\"image\/png\" \/>\n<script type=\"application\/ld+json\" class=\"yoast-schema-graph\">{\"@context\":\"https:\/\/schema.org\",\"@graph\":[{\"@type\":\"WebPage\",\"@id\":\"https:\/\/pro.viljatuote.fi\/sv\/tuote\/pasforslutare\/\",\"url\":\"https:\/\/pro.viljatuote.fi\/sv\/tuote\/pasforslutare\/\",\"name\":\"P\u00e5sf\u00f6rslutare | Viljatuote Pro | \u00d6vriga tillbeh\u00f6r\",\"isPartOf\":{\"@id\":\"https:\/\/pro.viljatuote.fi\/sv\/#website\"},\"primaryImageOfPage\":{\"@id\":\"https:\/\/pro.viljatuote.fi\/sv\/tuote\/pasforslutare\/#primaryimage\"},\"image\":{\"@id\":\"https:\/\/pro.viljatuote.fi\/sv\/tuote\/pasforslutare\/#primaryimage\"},\"thumbnailUrl\":\"https:\/\/pro.viljatuote.fi\/wp-content\/uploads\/2026\/01\/2.png\",\"datePublished\":\"2026-01-07T14:40:35+00:00\",\"dateModified\":\"2026-01-27T08:57:37+00:00\",\"description\":\"Praktisk p\u00e5sf\u00f6rslutare f\u00f6r att st\u00e4nga Viljatuotes mj\u00f6lp\u00e5sar om och om igen. Minskar risken f\u00f6r korskontaminering. L\u00e4ngd 22 cm.\",\"breadcrumb\":{\"@id\":\"https:\/\/pro.viljatuote.fi\/sv\/tuote\/pasforslutare\/#breadcrumb\"},\"inLanguage\":\"sv-SE\",\"potentialAction\":[{\"@type\":\"ReadAction\",\"target\":[\"https:\/\/pro.viljatuote.fi\/sv\/tuote\/pasforslutare\/\"]}]},{\"@type\":\"ImageObject\",\"inLanguage\":\"sv-SE\",\"@id\":\"https:\/\/pro.viljatuote.fi\/sv\/tuote\/pasforslutare\/#primaryimage\",\"url\":\"https:\/\/pro.viljatuote.fi\/wp-content\/uploads\/2026\/01\/2.png\",\"contentUrl\":\"https:\/\/pro.viljatuote.fi\/wp-content\/uploads\/2026\/01\/2.png\",\"width\":1080,\"height\":1080,\"caption\":\"Viljatuote pussinsulkija 22 cm\"},{\"@type\":\"BreadcrumbList\",\"@id\":\"https:\/\/pro.viljatuote.fi\/sv\/tuote\/pasforslutare\/#breadcrumb\",\"itemListElement\":[{\"@type\":\"ListItem\",\"position\":1,\"name\":\"Hemsida\",\"item\":\"https:\/\/pro.viljatuote.fi\/sv\/\"},{\"@type\":\"ListItem\",\"position\":2,\"name\":\"Webbutik\",\"item\":\"https:\/\/pro.viljatuote.fi\/sv\/butik\/\"},{\"@type\":\"ListItem\",\"position\":3,\"name\":\"P\u00e5sf\u00f6rslutare\"}]},{\"@type\":\"WebSite\",\"@id\":\"https:\/\/pro.viljatuote.fi\/sv\/#website\",\"url\":\"https:\/\/pro.viljatuote.fi\/sv\/\",\"name\":\"Viljatuote Pro\",\"description\":\"Verkkokauppa\",\"publisher\":{\"@id\":\"https:\/\/pro.viljatuote.fi\/sv\/#organization\"},\"potentialAction\":[{\"@type\":\"SearchAction\",\"target\":{\"@type\":\"EntryPoint\",\"urlTemplate\":\"https:\/\/pro.viljatuote.fi\/sv\/?s={search_term_string}\"},\"query-input\":{\"@type\":\"PropertyValueSpecification\",\"valueRequired\":true,\"valueName\":\"search_term_string\"}}],\"inLanguage\":\"sv-SE\"},{\"@type\":\"Organization\",\"@id\":\"https:\/\/pro.viljatuote.fi\/sv\/#organization\",\"name\":\"Virtasalmen Viljatuote\",\"url\":\"https:\/\/pro.viljatuote.fi\/sv\/\",\"logo\":{\"@type\":\"ImageObject\",\"inLanguage\":\"sv-SE\",\"@id\":\"https:\/\/pro.viljatuote.fi\/sv\/#\/schema\/logo\/image\/\",\"url\":\"https:\/\/pro.viljatuote.fi\/wp-content\/uploads\/2025\/11\/Viljatuote-logo-GREEN.svg\",\"contentUrl\":\"https:\/\/pro.viljatuote.fi\/wp-content\/uploads\/2025\/11\/Viljatuote-logo-GREEN.svg\",\"width\":245,\"height\":113,\"caption\":\"Virtasalmen Viljatuote\"},\"image\":{\"@id\":\"https:\/\/pro.viljatuote.fi\/sv\/#\/schema\/logo\/image\/\"}}]}<\/script>\n<!-- \/ Yoast SEO plugin. -->","yoast_head_json":{"title":"P\u00e5sf\u00f6rslutare | Viljatuote Pro | \u00d6vriga tillbeh\u00f6r","description":"Praktisk p\u00e5sf\u00f6rslutare f\u00f6r att st\u00e4nga Viljatuotes mj\u00f6lp\u00e5sar om och om igen. Minskar risken f\u00f6r korskontaminering. L\u00e4ngd 22 cm.","robots":{"index":"index","follow":"follow","max-snippet":"max-snippet:-1","max-image-preview":"max-image-preview:large","max-video-preview":"max-video-preview:-1"},"canonical":"https:\/\/pro.viljatuote.fi\/sv\/tuote\/pasforslutare\/","og_locale":"sv_SE","og_type":"article","og_title":"P\u00e5sf\u00f6rslutare | Viljatuote Pro | \u00d6vriga tillbeh\u00f6r","og_description":"Praktisk p\u00e5sf\u00f6rslutare f\u00f6r att st\u00e4nga Viljatuotes mj\u00f6lp\u00e5sar om och om igen. Minskar risken f\u00f6r korskontaminering. L\u00e4ngd 22 cm.","og_url":"https:\/\/pro.viljatuote.fi\/sv\/tuote\/pasforslutare\/","og_site_name":"Viljatuote Pro","article_modified_time":"2026-01-27T08:57:37+00:00","og_image":[{"width":1080,"height":1080,"url":"https:\/\/pro.viljatuote.fi\/wp-content\/uploads\/2026\/01\/2.png","type":"image\/png"}],"schema":{"@context":"https:\/\/schema.org","@graph":[{"@type":"WebPage","@id":"https:\/\/pro.viljatuote.fi\/sv\/tuote\/pasforslutare\/","url":"https:\/\/pro.viljatuote.fi\/sv\/tuote\/pasforslutare\/","name":"P\u00e5sf\u00f6rslutare | Viljatuote Pro | \u00d6vriga tillbeh\u00f6r","isPartOf":{"@id":"https:\/\/pro.viljatuote.fi\/sv\/#website"},"primaryImageOfPage":{"@id":"https:\/\/pro.viljatuote.fi\/sv\/tuote\/pasforslutare\/#primaryimage"},"image":{"@id":"https:\/\/pro.viljatuote.fi\/sv\/tuote\/pasforslutare\/#primaryimage"},"thumbnailUrl":"https:\/\/pro.viljatuote.fi\/wp-content\/uploads\/2026\/01\/2.png","datePublished":"2026-01-07T14:40:35+00:00","dateModified":"2026-01-27T08:57:37+00:00","description":"Praktisk p\u00e5sf\u00f6rslutare f\u00f6r att st\u00e4nga Viljatuotes mj\u00f6lp\u00e5sar om och om igen. Minskar risken f\u00f6r korskontaminering. L\u00e4ngd 22 cm.","breadcrumb":{"@id":"https:\/\/pro.viljatuote.fi\/sv\/tuote\/pasforslutare\/#breadcrumb"},"inLanguage":"sv-SE","potentialAction":[{"@type":"ReadAction","target":["https:\/\/pro.viljatuote.fi\/sv\/tuote\/pasforslutare\/"]}]},{"@type":"ImageObject","inLanguage":"sv-SE","@id":"https:\/\/pro.viljatuote.fi\/sv\/tuote\/pasforslutare\/#primaryimage","url":"https:\/\/pro.viljatuote.fi\/wp-content\/uploads\/2026\/01\/2.png","contentUrl":"https:\/\/pro.viljatuote.fi\/wp-content\/uploads\/2026\/01\/2.png","width":1080,"height":1080,"caption":"Viljatuote pussinsulkija 22 cm"},{"@type":"BreadcrumbList","@id":"https:\/\/pro.viljatuote.fi\/sv\/tuote\/pasforslutare\/#breadcrumb","itemListElement":[{"@type":"ListItem","position":1,"name":"Hemsida","item":"https:\/\/pro.viljatuote.fi\/sv\/"},{"@type":"ListItem","position":2,"name":"Webbutik","item":"https:\/\/pro.viljatuote.fi\/sv\/butik\/"},{"@type":"ListItem","position":3,"name":"P\u00e5sf\u00f6rslutare"}]},{"@type":"WebSite","@id":"https:\/\/pro.viljatuote.fi\/sv\/#website","url":"https:\/\/pro.viljatuote.fi\/sv\/","name":"Viljatuote Pro","description":"Verkkokauppa","publisher":{"@id":"https:\/\/pro.viljatuote.fi\/sv\/#organization"},"potentialAction":[{"@type":"SearchAction","target":{"@type":"EntryPoint","urlTemplate":"https:\/\/pro.viljatuote.fi\/sv\/?s={search_term_string}"},"query-input":{"@type":"PropertyValueSpecification","valueRequired":true,"valueName":"search_term_string"}}],"inLanguage":"sv-SE"},{"@type":"Organization","@id":"https:\/\/pro.viljatuote.fi\/sv\/#organization","name":"Virtasalmen Viljatuote","url":"https:\/\/pro.viljatuote.fi\/sv\/","logo":{"@type":"ImageObject","inLanguage":"sv-SE","@id":"https:\/\/pro.viljatuote.fi\/sv\/#\/schema\/logo\/image\/","url":"https:\/\/pro.viljatuote.fi\/wp-content\/uploads\/2025\/11\/Viljatuote-logo-GREEN.svg","contentUrl":"https:\/\/pro.viljatuote.fi\/wp-content\/uploads\/2025\/11\/Viljatuote-logo-GREEN.svg","width":245,"height":113,"caption":"Virtasalmen Viljatuote"},"image":{"@id":"https:\/\/pro.viljatuote.fi\/sv\/#\/schema\/logo\/image\/"}}]}},"taxonomy_info":{"product_cat":[{"value":240,"label":"Diverse"}]},"featured_image_src_large":["https:\/\/pro.viljatuote.fi\/wp-content\/uploads\/2026\/01\/2-1024x1024.png",1024,1024,true],"author_info":[],"comment_info":"","_links":{"self":[{"href":"https:\/\/pro.viljatuote.fi\/sv\/wp-json\/wp\/v2\/product\/2119","targetHints":{"allow":["GET"]}}],"collection":[{"href":"https:\/\/pro.viljatuote.fi\/sv\/wp-json\/wp\/v2\/product"}],"about":[{"href":"https:\/\/pro.viljatuote.fi\/sv\/wp-json\/wp\/v2\/types\/product"}],"wp:featuredmedia":[{"embeddable":true,"href":"https:\/\/pro.viljatuote.fi\/sv\/wp-json\/wp\/v2\/media\/1539"}],"wp:attachment":[{"href":"https:\/\/pro.viljatuote.fi\/sv\/wp-json\/wp\/v2\/media?parent=2119"}],"wp:term":[{"taxonomy":"product_brand","embeddable":true,"href":"https:\/\/pro.viljatuote.fi\/sv\/wp-json\/wp\/v2\/product_brand?post=2119"},{"taxonomy":"product_cat","embeddable":true,"href":"https:\/\/pro.viljatuote.fi\/sv\/wp-json\/wp\/v2\/product_cat?post=2119"},{"taxonomy":"product_tag","embeddable":true,"href":"https:\/\/pro.viljatuote.fi\/sv\/wp-json\/wp\/v2\/product_tag?post=2119"}],"curies":[{"name":"wp","href":"https:\/\/api.w.org\/{rel}","templated":true}]}}