{"id":2213,"date":"2025-12-19T15:08:02","date_gmt":"2025-12-19T13:08:02","guid":{"rendered":"https:\/\/pro.viljatuote.fi\/tuote\/fin-mjolmix-for-bagerier\/"},"modified":"2026-01-27T10:48:25","modified_gmt":"2026-01-27T08:48:25","slug":"fin-mjolmix-for-bagerier","status":"publish","type":"product","link":"https:\/\/pro.viljatuote.fi\/sv\/tuote\/fin-mjolmix-for-bagerier\/","title":{"rendered":"Fin Mj\u00f6lblandning f\u00f6r Bagerier"},"content":{"rendered":"","protected":false},"excerpt":{"rendered":"<p>En finkorning rismj\u00f6lbaserad mix utvecklad f\u00f6r bageribruk. Klar att anv\u00e4ndas som den \u00e4r eller som en modifierbar mj\u00f6lmixbas efter behov. Passar tack vare sin finkorniga konsistens och milda smak m\u00e5ngsidigt f\u00f6r b\u00e5de s\u00f6t och salt bakning.  <\/p>\n<p>\u2705 M\u00e5ngsidig mj\u00f6lmix med mild smak<br \/>\n\u2705 L\u00e4mplig f\u00f6r bakning av s\u00f6ta och salta bakverk och matr\u00e4tter<br \/>\n\u2705 Inneh\u00e5ller xantangummi<br \/>\n\u274cInga konserveringsmedel, GMO-fri<\/p>\n<p><strong>Ingredienser:<\/strong> Fint rismj\u00f6l 0,5 mm, potatismj\u00f6l, tapiokast\u00e4rkelse, fullkornsdurramj\u00f6l, potatisflakes, psyllium, xantangummi.<\/p>\n","protected":false},"featured_media":617,"template":"","meta":{"_acf_changed":false,"inline_featured_image":false,"_kad_blocks_custom_css":"","_kad_blocks_head_custom_js":"","_kad_blocks_body_custom_js":"","_kad_blocks_footer_custom_js":"","_kad_post_transparent":"","_kad_post_title":"","_kad_post_layout":"","_kad_post_sidebar_id":"","_kad_post_content_style":"","_kad_post_vertical_padding":"","_kad_post_feature":"","_kad_post_feature_position":"","_kad_post_header":false,"_kad_post_footer":false,"_kad_post_classname":""},"product_brand":[],"product_cat":[146],"product_tag":[143,148],"class_list":{"0":"post-2213","1":"product","2":"type-product","3":"status-publish","4":"has-post-thumbnail","6":"product_cat-mjolmixer","7":"product_tag-glutenfri","8":"product_tag-mjolmix","10":"first","11":"instock","12":"taxable","13":"shipping-taxable","14":"purchasable","15":"product-type-variable","16":"entry","17":"content-bg","18":"loop-entry"},"acf":[],"yoast_head":"<!-- This site is optimized with the Yoast SEO plugin v27.2 - https:\/\/yoast.com\/product\/yoast-seo-wordpress\/ -->\n<title>Glutenfri Fin Mj\u00f6lblandning f\u00f6r Bagerier | Virtasalmen Viljatuote<\/title>\n<meta name=\"description\" content=\"Glutenfri Fin Mj\u00f6lblandning f\u00f6r Bagerier - f\u00f6r salt eller s\u00f6t bakning. Anv\u00e4nd som den \u00e4r eller som bas f\u00f6r din egen mj\u00f6lblandning. F\u00f6rpackningsstorlek 25 kg.\" \/>\n<meta name=\"robots\" content=\"index, follow, max-snippet:-1, max-image-preview:large, max-video-preview:-1\" \/>\n<link rel=\"canonical\" href=\"https:\/\/pro.viljatuote.fi\/sv\/tuote\/fin-mjolmix-for-bagerier\/\" \/>\n<meta property=\"og:locale\" content=\"sv_SE\" \/>\n<meta property=\"og:type\" content=\"article\" \/>\n<meta property=\"og:title\" content=\"Glutenfri Fin Mj\u00f6lblandning f\u00f6r Bagerier | Virtasalmen Viljatuote\" \/>\n<meta property=\"og:description\" content=\"Glutenfri Fin Mj\u00f6lblandning f\u00f6r Bagerier - f\u00f6r salt eller s\u00f6t bakning. Anv\u00e4nd som den \u00e4r eller som bas f\u00f6r din egen mj\u00f6lblandning. F\u00f6rpackningsstorlek 25 kg.\" \/>\n<meta property=\"og:url\" content=\"https:\/\/pro.viljatuote.fi\/sv\/tuote\/fin-mjolmix-for-bagerier\/\" \/>\n<meta property=\"og:site_name\" content=\"Viljatuote Pro\" \/>\n<meta property=\"article:modified_time\" content=\"2026-01-27T08:48:25+00:00\" \/>\n<meta property=\"og:image\" content=\"https:\/\/pro.viljatuote.fi\/wp-content\/uploads\/2025\/12\/Hieno-Jauhoseos-25-kg.png\" \/>\n\t<meta property=\"og:image:width\" content=\"800\" \/>\n\t<meta property=\"og:image:height\" content=\"800\" \/>\n\t<meta property=\"og:image:type\" content=\"image\/png\" \/>\n<script type=\"application\/ld+json\" class=\"yoast-schema-graph\">{\"@context\":\"https:\/\/schema.org\",\"@graph\":[{\"@type\":\"WebPage\",\"@id\":\"https:\/\/pro.viljatuote.fi\/sv\/tuote\/fin-mjolmix-for-bagerier\/\",\"url\":\"https:\/\/pro.viljatuote.fi\/sv\/tuote\/fin-mjolmix-for-bagerier\/\",\"name\":\"Glutenfri Fin Mj\u00f6lblandning f\u00f6r Bagerier | Virtasalmen Viljatuote\",\"isPartOf\":{\"@id\":\"https:\/\/pro.viljatuote.fi\/sv\/#website\"},\"primaryImageOfPage\":{\"@id\":\"https:\/\/pro.viljatuote.fi\/sv\/tuote\/fin-mjolmix-for-bagerier\/#primaryimage\"},\"image\":{\"@id\":\"https:\/\/pro.viljatuote.fi\/sv\/tuote\/fin-mjolmix-for-bagerier\/#primaryimage\"},\"thumbnailUrl\":\"https:\/\/pro.viljatuote.fi\/wp-content\/uploads\/2025\/12\/Hieno-Jauhoseos-25-kg.png\",\"datePublished\":\"2025-12-19T13:08:02+00:00\",\"dateModified\":\"2026-01-27T08:48:25+00:00\",\"description\":\"Glutenfri Fin Mj\u00f6lblandning f\u00f6r Bagerier - f\u00f6r salt eller s\u00f6t bakning. Anv\u00e4nd som den \u00e4r eller som bas f\u00f6r din egen mj\u00f6lblandning. F\u00f6rpackningsstorlek 25 kg.\",\"breadcrumb\":{\"@id\":\"https:\/\/pro.viljatuote.fi\/sv\/tuote\/fin-mjolmix-for-bagerier\/#breadcrumb\"},\"inLanguage\":\"sv-SE\",\"potentialAction\":[{\"@type\":\"ReadAction\",\"target\":[\"https:\/\/pro.viljatuote.fi\/sv\/tuote\/fin-mjolmix-for-bagerier\/\"]}]},{\"@type\":\"ImageObject\",\"inLanguage\":\"sv-SE\",\"@id\":\"https:\/\/pro.viljatuote.fi\/sv\/tuote\/fin-mjolmix-for-bagerier\/#primaryimage\",\"url\":\"https:\/\/pro.viljatuote.fi\/wp-content\/uploads\/2025\/12\/Hieno-Jauhoseos-25-kg.png\",\"contentUrl\":\"https:\/\/pro.viljatuote.fi\/wp-content\/uploads\/2025\/12\/Hieno-Jauhoseos-25-kg.png\",\"width\":800,\"height\":800,\"caption\":\"Hieno Jauhoseos 25 kg\"},{\"@type\":\"BreadcrumbList\",\"@id\":\"https:\/\/pro.viljatuote.fi\/sv\/tuote\/fin-mjolmix-for-bagerier\/#breadcrumb\",\"itemListElement\":[{\"@type\":\"ListItem\",\"position\":1,\"name\":\"Hemsida\",\"item\":\"https:\/\/pro.viljatuote.fi\/sv\/\"},{\"@type\":\"ListItem\",\"position\":2,\"name\":\"Webbutik\",\"item\":\"https:\/\/pro.viljatuote.fi\/sv\/butik\/\"},{\"@type\":\"ListItem\",\"position\":3,\"name\":\"Fin Mj\u00f6lblandning f\u00f6r Bagerier\"}]},{\"@type\":\"WebSite\",\"@id\":\"https:\/\/pro.viljatuote.fi\/sv\/#website\",\"url\":\"https:\/\/pro.viljatuote.fi\/sv\/\",\"name\":\"Viljatuote Pro\",\"description\":\"Verkkokauppa\",\"publisher\":{\"@id\":\"https:\/\/pro.viljatuote.fi\/sv\/#organization\"},\"potentialAction\":[{\"@type\":\"SearchAction\",\"target\":{\"@type\":\"EntryPoint\",\"urlTemplate\":\"https:\/\/pro.viljatuote.fi\/sv\/?s={search_term_string}\"},\"query-input\":{\"@type\":\"PropertyValueSpecification\",\"valueRequired\":true,\"valueName\":\"search_term_string\"}}],\"inLanguage\":\"sv-SE\"},{\"@type\":\"Organization\",\"@id\":\"https:\/\/pro.viljatuote.fi\/sv\/#organization\",\"name\":\"Virtasalmen Viljatuote\",\"url\":\"https:\/\/pro.viljatuote.fi\/sv\/\",\"logo\":{\"@type\":\"ImageObject\",\"inLanguage\":\"sv-SE\",\"@id\":\"https:\/\/pro.viljatuote.fi\/sv\/#\/schema\/logo\/image\/\",\"url\":\"https:\/\/pro.viljatuote.fi\/wp-content\/uploads\/2025\/11\/Viljatuote-logo-GREEN.svg\",\"contentUrl\":\"https:\/\/pro.viljatuote.fi\/wp-content\/uploads\/2025\/11\/Viljatuote-logo-GREEN.svg\",\"width\":245,\"height\":113,\"caption\":\"Virtasalmen Viljatuote\"},\"image\":{\"@id\":\"https:\/\/pro.viljatuote.fi\/sv\/#\/schema\/logo\/image\/\"}}]}<\/script>\n<!-- \/ Yoast SEO plugin. -->","yoast_head_json":{"title":"Glutenfri Fin Mj\u00f6lblandning f\u00f6r Bagerier | Virtasalmen Viljatuote","description":"Glutenfri Fin Mj\u00f6lblandning f\u00f6r Bagerier - f\u00f6r salt eller s\u00f6t bakning. Anv\u00e4nd som den \u00e4r eller som bas f\u00f6r din egen mj\u00f6lblandning. F\u00f6rpackningsstorlek 25 kg.","robots":{"index":"index","follow":"follow","max-snippet":"max-snippet:-1","max-image-preview":"max-image-preview:large","max-video-preview":"max-video-preview:-1"},"canonical":"https:\/\/pro.viljatuote.fi\/sv\/tuote\/fin-mjolmix-for-bagerier\/","og_locale":"sv_SE","og_type":"article","og_title":"Glutenfri Fin Mj\u00f6lblandning f\u00f6r Bagerier | Virtasalmen Viljatuote","og_description":"Glutenfri Fin Mj\u00f6lblandning f\u00f6r Bagerier - f\u00f6r salt eller s\u00f6t bakning. Anv\u00e4nd som den \u00e4r eller som bas f\u00f6r din egen mj\u00f6lblandning. F\u00f6rpackningsstorlek 25 kg.","og_url":"https:\/\/pro.viljatuote.fi\/sv\/tuote\/fin-mjolmix-for-bagerier\/","og_site_name":"Viljatuote Pro","article_modified_time":"2026-01-27T08:48:25+00:00","og_image":[{"width":800,"height":800,"url":"https:\/\/pro.viljatuote.fi\/wp-content\/uploads\/2025\/12\/Hieno-Jauhoseos-25-kg.png","type":"image\/png"}],"schema":{"@context":"https:\/\/schema.org","@graph":[{"@type":"WebPage","@id":"https:\/\/pro.viljatuote.fi\/sv\/tuote\/fin-mjolmix-for-bagerier\/","url":"https:\/\/pro.viljatuote.fi\/sv\/tuote\/fin-mjolmix-for-bagerier\/","name":"Glutenfri Fin Mj\u00f6lblandning f\u00f6r Bagerier | Virtasalmen Viljatuote","isPartOf":{"@id":"https:\/\/pro.viljatuote.fi\/sv\/#website"},"primaryImageOfPage":{"@id":"https:\/\/pro.viljatuote.fi\/sv\/tuote\/fin-mjolmix-for-bagerier\/#primaryimage"},"image":{"@id":"https:\/\/pro.viljatuote.fi\/sv\/tuote\/fin-mjolmix-for-bagerier\/#primaryimage"},"thumbnailUrl":"https:\/\/pro.viljatuote.fi\/wp-content\/uploads\/2025\/12\/Hieno-Jauhoseos-25-kg.png","datePublished":"2025-12-19T13:08:02+00:00","dateModified":"2026-01-27T08:48:25+00:00","description":"Glutenfri Fin Mj\u00f6lblandning f\u00f6r Bagerier - f\u00f6r salt eller s\u00f6t bakning. Anv\u00e4nd som den \u00e4r eller som bas f\u00f6r din egen mj\u00f6lblandning. F\u00f6rpackningsstorlek 25 kg.","breadcrumb":{"@id":"https:\/\/pro.viljatuote.fi\/sv\/tuote\/fin-mjolmix-for-bagerier\/#breadcrumb"},"inLanguage":"sv-SE","potentialAction":[{"@type":"ReadAction","target":["https:\/\/pro.viljatuote.fi\/sv\/tuote\/fin-mjolmix-for-bagerier\/"]}]},{"@type":"ImageObject","inLanguage":"sv-SE","@id":"https:\/\/pro.viljatuote.fi\/sv\/tuote\/fin-mjolmix-for-bagerier\/#primaryimage","url":"https:\/\/pro.viljatuote.fi\/wp-content\/uploads\/2025\/12\/Hieno-Jauhoseos-25-kg.png","contentUrl":"https:\/\/pro.viljatuote.fi\/wp-content\/uploads\/2025\/12\/Hieno-Jauhoseos-25-kg.png","width":800,"height":800,"caption":"Hieno Jauhoseos 25 kg"},{"@type":"BreadcrumbList","@id":"https:\/\/pro.viljatuote.fi\/sv\/tuote\/fin-mjolmix-for-bagerier\/#breadcrumb","itemListElement":[{"@type":"ListItem","position":1,"name":"Hemsida","item":"https:\/\/pro.viljatuote.fi\/sv\/"},{"@type":"ListItem","position":2,"name":"Webbutik","item":"https:\/\/pro.viljatuote.fi\/sv\/butik\/"},{"@type":"ListItem","position":3,"name":"Fin Mj\u00f6lblandning f\u00f6r Bagerier"}]},{"@type":"WebSite","@id":"https:\/\/pro.viljatuote.fi\/sv\/#website","url":"https:\/\/pro.viljatuote.fi\/sv\/","name":"Viljatuote Pro","description":"Verkkokauppa","publisher":{"@id":"https:\/\/pro.viljatuote.fi\/sv\/#organization"},"potentialAction":[{"@type":"SearchAction","target":{"@type":"EntryPoint","urlTemplate":"https:\/\/pro.viljatuote.fi\/sv\/?s={search_term_string}"},"query-input":{"@type":"PropertyValueSpecification","valueRequired":true,"valueName":"search_term_string"}}],"inLanguage":"sv-SE"},{"@type":"Organization","@id":"https:\/\/pro.viljatuote.fi\/sv\/#organization","name":"Virtasalmen Viljatuote","url":"https:\/\/pro.viljatuote.fi\/sv\/","logo":{"@type":"ImageObject","inLanguage":"sv-SE","@id":"https:\/\/pro.viljatuote.fi\/sv\/#\/schema\/logo\/image\/","url":"https:\/\/pro.viljatuote.fi\/wp-content\/uploads\/2025\/11\/Viljatuote-logo-GREEN.svg","contentUrl":"https:\/\/pro.viljatuote.fi\/wp-content\/uploads\/2025\/11\/Viljatuote-logo-GREEN.svg","width":245,"height":113,"caption":"Virtasalmen Viljatuote"},"image":{"@id":"https:\/\/pro.viljatuote.fi\/sv\/#\/schema\/logo\/image\/"}}]}},"taxonomy_info":{"product_cat":[{"value":146,"label":"Mj\u00f6lmixer"}],"product_tag":[{"value":143,"label":"Glutenfri"},{"value":148,"label":"Mj\u00f6lmix"}]},"featured_image_src_large":["https:\/\/pro.viljatuote.fi\/wp-content\/uploads\/2025\/12\/Hieno-Jauhoseos-25-kg.png",800,800,false],"author_info":[],"comment_info":"","_links":{"self":[{"href":"https:\/\/pro.viljatuote.fi\/sv\/wp-json\/wp\/v2\/product\/2213","targetHints":{"allow":["GET"]}}],"collection":[{"href":"https:\/\/pro.viljatuote.fi\/sv\/wp-json\/wp\/v2\/product"}],"about":[{"href":"https:\/\/pro.viljatuote.fi\/sv\/wp-json\/wp\/v2\/types\/product"}],"wp:featuredmedia":[{"embeddable":true,"href":"https:\/\/pro.viljatuote.fi\/sv\/wp-json\/wp\/v2\/media\/617"}],"wp:attachment":[{"href":"https:\/\/pro.viljatuote.fi\/sv\/wp-json\/wp\/v2\/media?parent=2213"}],"wp:term":[{"taxonomy":"product_brand","embeddable":true,"href":"https:\/\/pro.viljatuote.fi\/sv\/wp-json\/wp\/v2\/product_brand?post=2213"},{"taxonomy":"product_cat","embeddable":true,"href":"https:\/\/pro.viljatuote.fi\/sv\/wp-json\/wp\/v2\/product_cat?post=2213"},{"taxonomy":"product_tag","embeddable":true,"href":"https:\/\/pro.viljatuote.fi\/sv\/wp-json\/wp\/v2\/product_tag?post=2213"}],"curies":[{"name":"wp","href":"https:\/\/api.w.org\/{rel}","templated":true}]}}