{"id":2238,"date":"2025-12-19T15:08:04","date_gmt":"2025-12-19T13:08:04","guid":{"rendered":"https:\/\/pro.viljatuote.fi\/tuote\/boveteflingor\/"},"modified":"2026-01-27T10:52:36","modified_gmt":"2026-01-27T08:52:36","slug":"boveteflingor","status":"publish","type":"product","link":"https:\/\/pro.viljatuote.fi\/sv\/tuote\/boveteflingor\/","title":{"rendered":"Bovetekli"},"content":{"rendered":"","protected":false},"excerpt":{"rendered":"<p>Bovetekli \u00e4r ett utm\u00e4rkt val n\u00e4r du enkelt vill \u00f6ka intaget av fiber, protein och sp\u00e5r\u00e4mnen i din kost. Bovetekli passar \u00e4ven f\u00f6r dem som inte f\u00f6ljer en glutenfri diet! <\/p>\n<p>\u2705 idealisk, naturlig k\u00e4lla till fiber och protein f\u00f6r personer med celiaki<br \/>\n\u2705 100 g boveteflingor inneh\u00e5ller 9,3 g fiber och 40 g vegetabiliskt protein<br \/>\n\u2705 anv\u00e4nd vid bakning eller matlagning<br \/>\n\u274c inga tillsatser eller konserveringsmedel, GMO-fri<\/p>\n<p><strong>Ingredienser:<\/strong> 100 % bovete<\/p>\n","protected":false},"featured_media":2240,"template":"","meta":{"_acf_changed":false,"inline_featured_image":false,"_kad_blocks_custom_css":"","_kad_blocks_head_custom_js":"","_kad_blocks_body_custom_js":"","_kad_blocks_footer_custom_js":"","_kad_post_transparent":"","_kad_post_title":"","_kad_post_layout":"","_kad_post_sidebar_id":"","_kad_post_content_style":"","_kad_post_vertical_padding":"","_kad_post_feature":"","_kad_post_feature_position":"","_kad_post_header":false,"_kad_post_footer":false,"_kad_post_classname":""},"product_brand":[],"product_cat":[161],"product_tag":[162,164,143,147],"class_list":{"0":"post-2238","1":"product","2":"type-product","3":"status-publish","4":"has-post-thumbnail","6":"product_cat-bovete","7":"product_tag-bovete","8":"product_tag-flingor","9":"product_tag-glutenfri","10":"product_tag-glutenfri-produktmarkning","12":"first","13":"instock","14":"taxable","15":"shipping-taxable","16":"purchasable","17":"product-type-variable","18":"entry","19":"content-bg","20":"loop-entry"},"acf":[],"yoast_head":"<!-- This site is optimized with the Yoast SEO plugin v27.2 - https:\/\/yoast.com\/product\/yoast-seo-wordpress\/ -->\n<title>Glutenfri Bovetekli | Viljatuote F\u00f6retagsf\u00f6rs\u00e4ljning<\/title>\n<meta name=\"description\" content=\"Glutenfri Bovetekli tillf\u00f6r mer fiber, sp\u00e5r\u00e4mnen och vegetabiliskt protein till kosten, d\u00e4rf\u00f6r \u00e4r det ett bra val f\u00f6r de flesta. 250 g, 25 kg och stors\u00e4ck.\" \/>\n<meta name=\"robots\" content=\"index, follow, max-snippet:-1, max-image-preview:large, max-video-preview:-1\" \/>\n<link rel=\"canonical\" href=\"https:\/\/pro.viljatuote.fi\/sv\/tuote\/boveteflingor\/\" \/>\n<meta property=\"og:locale\" content=\"sv_SE\" \/>\n<meta property=\"og:type\" content=\"article\" \/>\n<meta property=\"og:title\" content=\"Glutenfri Bovetekli | Viljatuote F\u00f6retagsf\u00f6rs\u00e4ljning\" \/>\n<meta property=\"og:description\" content=\"Glutenfri Bovetekli tillf\u00f6r mer fiber, sp\u00e5r\u00e4mnen och vegetabiliskt protein till kosten, d\u00e4rf\u00f6r \u00e4r det ett bra val f\u00f6r de flesta. 250 g, 25 kg och stors\u00e4ck.\" \/>\n<meta property=\"og:url\" content=\"https:\/\/pro.viljatuote.fi\/sv\/tuote\/boveteflingor\/\" \/>\n<meta property=\"og:site_name\" content=\"Viljatuote Pro\" \/>\n<meta property=\"article:modified_time\" content=\"2026-01-27T08:52:36+00:00\" \/>\n<meta property=\"og:image\" content=\"https:\/\/pro.viljatuote.fi\/wp-content\/uploads\/2025\/12\/2-12.png\" \/>\n\t<meta property=\"og:image:width\" content=\"1080\" \/>\n\t<meta property=\"og:image:height\" content=\"1080\" \/>\n\t<meta property=\"og:image:type\" content=\"image\/png\" \/>\n<script type=\"application\/ld+json\" class=\"yoast-schema-graph\">{\"@context\":\"https:\/\/schema.org\",\"@graph\":[{\"@type\":\"WebPage\",\"@id\":\"https:\/\/pro.viljatuote.fi\/sv\/tuote\/boveteflingor\/\",\"url\":\"https:\/\/pro.viljatuote.fi\/sv\/tuote\/boveteflingor\/\",\"name\":\"Glutenfri Bovetekli | Viljatuote F\u00f6retagsf\u00f6rs\u00e4ljning\",\"isPartOf\":{\"@id\":\"https:\/\/pro.viljatuote.fi\/sv\/#website\"},\"primaryImageOfPage\":{\"@id\":\"https:\/\/pro.viljatuote.fi\/sv\/tuote\/boveteflingor\/#primaryimage\"},\"image\":{\"@id\":\"https:\/\/pro.viljatuote.fi\/sv\/tuote\/boveteflingor\/#primaryimage\"},\"thumbnailUrl\":\"https:\/\/pro.viljatuote.fi\/wp-content\/uploads\/2025\/12\/2-12.png\",\"datePublished\":\"2025-12-19T13:08:04+00:00\",\"dateModified\":\"2026-01-27T08:52:36+00:00\",\"description\":\"Glutenfri Bovetekli tillf\u00f6r mer fiber, sp\u00e5r\u00e4mnen och vegetabiliskt protein till kosten, d\u00e4rf\u00f6r \u00e4r det ett bra val f\u00f6r de flesta. 250 g, 25 kg och stors\u00e4ck.\",\"breadcrumb\":{\"@id\":\"https:\/\/pro.viljatuote.fi\/sv\/tuote\/boveteflingor\/#breadcrumb\"},\"inLanguage\":\"sv-SE\",\"potentialAction\":[{\"@type\":\"ReadAction\",\"target\":[\"https:\/\/pro.viljatuote.fi\/sv\/tuote\/boveteflingor\/\"]}]},{\"@type\":\"ImageObject\",\"inLanguage\":\"sv-SE\",\"@id\":\"https:\/\/pro.viljatuote.fi\/sv\/tuote\/boveteflingor\/#primaryimage\",\"url\":\"https:\/\/pro.viljatuote.fi\/wp-content\/uploads\/2025\/12\/2-12.png\",\"contentUrl\":\"https:\/\/pro.viljatuote.fi\/wp-content\/uploads\/2025\/12\/2-12.png\",\"width\":1080,\"height\":1080,\"caption\":\"Viljatuote Glutenfri Bovetekli 250 g\"},{\"@type\":\"BreadcrumbList\",\"@id\":\"https:\/\/pro.viljatuote.fi\/sv\/tuote\/boveteflingor\/#breadcrumb\",\"itemListElement\":[{\"@type\":\"ListItem\",\"position\":1,\"name\":\"Hemsida\",\"item\":\"https:\/\/pro.viljatuote.fi\/sv\/\"},{\"@type\":\"ListItem\",\"position\":2,\"name\":\"Webbutik\",\"item\":\"https:\/\/pro.viljatuote.fi\/sv\/butik\/\"},{\"@type\":\"ListItem\",\"position\":3,\"name\":\"Bovetekli\"}]},{\"@type\":\"WebSite\",\"@id\":\"https:\/\/pro.viljatuote.fi\/sv\/#website\",\"url\":\"https:\/\/pro.viljatuote.fi\/sv\/\",\"name\":\"Viljatuote Pro\",\"description\":\"Verkkokauppa\",\"publisher\":{\"@id\":\"https:\/\/pro.viljatuote.fi\/sv\/#organization\"},\"potentialAction\":[{\"@type\":\"SearchAction\",\"target\":{\"@type\":\"EntryPoint\",\"urlTemplate\":\"https:\/\/pro.viljatuote.fi\/sv\/?s={search_term_string}\"},\"query-input\":{\"@type\":\"PropertyValueSpecification\",\"valueRequired\":true,\"valueName\":\"search_term_string\"}}],\"inLanguage\":\"sv-SE\"},{\"@type\":\"Organization\",\"@id\":\"https:\/\/pro.viljatuote.fi\/sv\/#organization\",\"name\":\"Virtasalmen Viljatuote\",\"url\":\"https:\/\/pro.viljatuote.fi\/sv\/\",\"logo\":{\"@type\":\"ImageObject\",\"inLanguage\":\"sv-SE\",\"@id\":\"https:\/\/pro.viljatuote.fi\/sv\/#\/schema\/logo\/image\/\",\"url\":\"https:\/\/pro.viljatuote.fi\/wp-content\/uploads\/2025\/11\/Viljatuote-logo-GREEN.svg\",\"contentUrl\":\"https:\/\/pro.viljatuote.fi\/wp-content\/uploads\/2025\/11\/Viljatuote-logo-GREEN.svg\",\"width\":245,\"height\":113,\"caption\":\"Virtasalmen Viljatuote\"},\"image\":{\"@id\":\"https:\/\/pro.viljatuote.fi\/sv\/#\/schema\/logo\/image\/\"}}]}<\/script>\n<!-- \/ Yoast SEO plugin. -->","yoast_head_json":{"title":"Glutenfri Bovetekli | Viljatuote F\u00f6retagsf\u00f6rs\u00e4ljning","description":"Glutenfri Bovetekli tillf\u00f6r mer fiber, sp\u00e5r\u00e4mnen och vegetabiliskt protein till kosten, d\u00e4rf\u00f6r \u00e4r det ett bra val f\u00f6r de flesta. 250 g, 25 kg och stors\u00e4ck.","robots":{"index":"index","follow":"follow","max-snippet":"max-snippet:-1","max-image-preview":"max-image-preview:large","max-video-preview":"max-video-preview:-1"},"canonical":"https:\/\/pro.viljatuote.fi\/sv\/tuote\/boveteflingor\/","og_locale":"sv_SE","og_type":"article","og_title":"Glutenfri Bovetekli | Viljatuote F\u00f6retagsf\u00f6rs\u00e4ljning","og_description":"Glutenfri Bovetekli tillf\u00f6r mer fiber, sp\u00e5r\u00e4mnen och vegetabiliskt protein till kosten, d\u00e4rf\u00f6r \u00e4r det ett bra val f\u00f6r de flesta. 250 g, 25 kg och stors\u00e4ck.","og_url":"https:\/\/pro.viljatuote.fi\/sv\/tuote\/boveteflingor\/","og_site_name":"Viljatuote Pro","article_modified_time":"2026-01-27T08:52:36+00:00","og_image":[{"width":1080,"height":1080,"url":"https:\/\/pro.viljatuote.fi\/wp-content\/uploads\/2025\/12\/2-12.png","type":"image\/png"}],"schema":{"@context":"https:\/\/schema.org","@graph":[{"@type":"WebPage","@id":"https:\/\/pro.viljatuote.fi\/sv\/tuote\/boveteflingor\/","url":"https:\/\/pro.viljatuote.fi\/sv\/tuote\/boveteflingor\/","name":"Glutenfri Bovetekli | Viljatuote F\u00f6retagsf\u00f6rs\u00e4ljning","isPartOf":{"@id":"https:\/\/pro.viljatuote.fi\/sv\/#website"},"primaryImageOfPage":{"@id":"https:\/\/pro.viljatuote.fi\/sv\/tuote\/boveteflingor\/#primaryimage"},"image":{"@id":"https:\/\/pro.viljatuote.fi\/sv\/tuote\/boveteflingor\/#primaryimage"},"thumbnailUrl":"https:\/\/pro.viljatuote.fi\/wp-content\/uploads\/2025\/12\/2-12.png","datePublished":"2025-12-19T13:08:04+00:00","dateModified":"2026-01-27T08:52:36+00:00","description":"Glutenfri Bovetekli tillf\u00f6r mer fiber, sp\u00e5r\u00e4mnen och vegetabiliskt protein till kosten, d\u00e4rf\u00f6r \u00e4r det ett bra val f\u00f6r de flesta. 250 g, 25 kg och stors\u00e4ck.","breadcrumb":{"@id":"https:\/\/pro.viljatuote.fi\/sv\/tuote\/boveteflingor\/#breadcrumb"},"inLanguage":"sv-SE","potentialAction":[{"@type":"ReadAction","target":["https:\/\/pro.viljatuote.fi\/sv\/tuote\/boveteflingor\/"]}]},{"@type":"ImageObject","inLanguage":"sv-SE","@id":"https:\/\/pro.viljatuote.fi\/sv\/tuote\/boveteflingor\/#primaryimage","url":"https:\/\/pro.viljatuote.fi\/wp-content\/uploads\/2025\/12\/2-12.png","contentUrl":"https:\/\/pro.viljatuote.fi\/wp-content\/uploads\/2025\/12\/2-12.png","width":1080,"height":1080,"caption":"Viljatuote Glutenfri Bovetekli 250 g"},{"@type":"BreadcrumbList","@id":"https:\/\/pro.viljatuote.fi\/sv\/tuote\/boveteflingor\/#breadcrumb","itemListElement":[{"@type":"ListItem","position":1,"name":"Hemsida","item":"https:\/\/pro.viljatuote.fi\/sv\/"},{"@type":"ListItem","position":2,"name":"Webbutik","item":"https:\/\/pro.viljatuote.fi\/sv\/butik\/"},{"@type":"ListItem","position":3,"name":"Bovetekli"}]},{"@type":"WebSite","@id":"https:\/\/pro.viljatuote.fi\/sv\/#website","url":"https:\/\/pro.viljatuote.fi\/sv\/","name":"Viljatuote Pro","description":"Verkkokauppa","publisher":{"@id":"https:\/\/pro.viljatuote.fi\/sv\/#organization"},"potentialAction":[{"@type":"SearchAction","target":{"@type":"EntryPoint","urlTemplate":"https:\/\/pro.viljatuote.fi\/sv\/?s={search_term_string}"},"query-input":{"@type":"PropertyValueSpecification","valueRequired":true,"valueName":"search_term_string"}}],"inLanguage":"sv-SE"},{"@type":"Organization","@id":"https:\/\/pro.viljatuote.fi\/sv\/#organization","name":"Virtasalmen Viljatuote","url":"https:\/\/pro.viljatuote.fi\/sv\/","logo":{"@type":"ImageObject","inLanguage":"sv-SE","@id":"https:\/\/pro.viljatuote.fi\/sv\/#\/schema\/logo\/image\/","url":"https:\/\/pro.viljatuote.fi\/wp-content\/uploads\/2025\/11\/Viljatuote-logo-GREEN.svg","contentUrl":"https:\/\/pro.viljatuote.fi\/wp-content\/uploads\/2025\/11\/Viljatuote-logo-GREEN.svg","width":245,"height":113,"caption":"Virtasalmen Viljatuote"},"image":{"@id":"https:\/\/pro.viljatuote.fi\/sv\/#\/schema\/logo\/image\/"}}]}},"taxonomy_info":{"product_cat":[{"value":161,"label":"Bovete"}],"product_tag":[{"value":162,"label":"Bovete"},{"value":164,"label":"Flingor"},{"value":143,"label":"Glutenfri"},{"value":147,"label":"Glutenfri produktm\u00e4rkning"}]},"featured_image_src_large":["https:\/\/pro.viljatuote.fi\/wp-content\/uploads\/2025\/12\/2-12-1024x1024.png",1024,1024,true],"author_info":[],"comment_info":"","_links":{"self":[{"href":"https:\/\/pro.viljatuote.fi\/sv\/wp-json\/wp\/v2\/product\/2238","targetHints":{"allow":["GET"]}}],"collection":[{"href":"https:\/\/pro.viljatuote.fi\/sv\/wp-json\/wp\/v2\/product"}],"about":[{"href":"https:\/\/pro.viljatuote.fi\/sv\/wp-json\/wp\/v2\/types\/product"}],"wp:featuredmedia":[{"embeddable":true,"href":"https:\/\/pro.viljatuote.fi\/sv\/wp-json\/wp\/v2\/media\/2240"}],"wp:attachment":[{"href":"https:\/\/pro.viljatuote.fi\/sv\/wp-json\/wp\/v2\/media?parent=2238"}],"wp:term":[{"taxonomy":"product_brand","embeddable":true,"href":"https:\/\/pro.viljatuote.fi\/sv\/wp-json\/wp\/v2\/product_brand?post=2238"},{"taxonomy":"product_cat","embeddable":true,"href":"https:\/\/pro.viljatuote.fi\/sv\/wp-json\/wp\/v2\/product_cat?post=2238"},{"taxonomy":"product_tag","embeddable":true,"href":"https:\/\/pro.viljatuote.fi\/sv\/wp-json\/wp\/v2\/product_tag?post=2238"}],"curies":[{"name":"wp","href":"https:\/\/api.w.org\/{rel}","templated":true}]}}