{"id":2243,"date":"2025-12-19T15:08:11","date_gmt":"2025-12-19T13:08:11","guid":{"rendered":"https:\/\/pro.viljatuote.fi\/tuote\/boveteagnar\/"},"modified":"2026-02-03T14:13:57","modified_gmt":"2026-02-03T12:13:57","slug":"boveteagnar","status":"publish","type":"product","link":"https:\/\/pro.viljatuote.fi\/sv\/tuote\/boveteagnar\/","title":{"rendered":"Boveteagnar"},"content":{"rendered":"","protected":false},"excerpt":{"rendered":"<p>Boveteagnar \u00e4r en biprodukt fr\u00e5n bovetef\u00f6r\u00e4dlingen som anv\u00e4nds bl.a. som kuddfyllning och som t\u00e4ckmaterial f\u00f6r prydnadsv\u00e4xter.<\/p>\n<p>Boveteagnar finns endast tillg\u00e4ngliga f\u00f6rpackade i 180 kg stors\u00e4ckar.<\/p>\n","protected":false},"featured_media":2245,"template":"","meta":{"_acf_changed":false,"inline_featured_image":false,"_kad_blocks_custom_css":"","_kad_blocks_head_custom_js":"","_kad_blocks_body_custom_js":"","_kad_blocks_footer_custom_js":"","_kad_post_transparent":"","_kad_post_title":"","_kad_post_layout":"","_kad_post_sidebar_id":"","_kad_post_content_style":"","_kad_post_vertical_padding":"","_kad_post_feature":"","_kad_post_feature_position":"","_kad_post_header":false,"_kad_post_footer":false,"_kad_post_classname":""},"product_brand":[],"product_cat":[161],"product_tag":[165,162,143],"class_list":{"0":"post-2243","1":"product","2":"type-product","3":"status-publish","4":"has-post-thumbnail","6":"product_cat-bovete","7":"product_tag-agnar","8":"product_tag-bovete","9":"product_tag-glutenfri","11":"first","12":"instock","13":"taxable","14":"shipping-taxable","15":"purchasable","16":"product-type-variable","17":"entry","18":"content-bg","19":"loop-entry"},"acf":[],"yoast_head":"<!-- This site is optimized with the Yoast SEO plugin v27.2 - https:\/\/yoast.com\/product\/yoast-seo-wordpress\/ -->\n<title>Glutenfria Boveteagnar | Virtasalmen Viljatuote F\u00f6retagsf\u00f6rs\u00e4ljning<\/title>\n<meta name=\"description\" content=\"Glutenfria Boveteagnar \u00e4r en biprodukt fr\u00e5n bovetetillverkningen som l\u00e4mpar sig bl.a. som kuddfyllning. F\u00f6rpackas i stors\u00e4ckar p\u00e5 ca 180 kg.\" \/>\n<meta name=\"robots\" content=\"index, follow, max-snippet:-1, max-image-preview:large, max-video-preview:-1\" \/>\n<link rel=\"canonical\" href=\"https:\/\/pro.viljatuote.fi\/sv\/tuote\/boveteagnar\/\" \/>\n<meta property=\"og:locale\" content=\"sv_SE\" \/>\n<meta property=\"og:type\" content=\"article\" \/>\n<meta property=\"og:title\" content=\"Glutenfria Boveteagnar | Virtasalmen Viljatuote F\u00f6retagsf\u00f6rs\u00e4ljning\" \/>\n<meta property=\"og:description\" content=\"Glutenfria Boveteagnar \u00e4r en biprodukt fr\u00e5n bovetetillverkningen som l\u00e4mpar sig bl.a. som kuddfyllning. F\u00f6rpackas i stors\u00e4ckar p\u00e5 ca 180 kg.\" \/>\n<meta property=\"og:url\" content=\"https:\/\/pro.viljatuote.fi\/sv\/tuote\/boveteagnar\/\" \/>\n<meta property=\"og:site_name\" content=\"Viljatuote Pro\" \/>\n<meta property=\"article:modified_time\" content=\"2026-02-03T12:13:57+00:00\" \/>\n<meta property=\"og:image\" content=\"https:\/\/pro.viljatuote.fi\/wp-content\/uploads\/2025\/12\/Suursakki-valkoinen-tausta.png\" \/>\n\t<meta property=\"og:image:width\" content=\"800\" \/>\n\t<meta property=\"og:image:height\" content=\"800\" \/>\n\t<meta property=\"og:image:type\" content=\"image\/png\" \/>\n<script type=\"application\/ld+json\" class=\"yoast-schema-graph\">{\"@context\":\"https:\/\/schema.org\",\"@graph\":[{\"@type\":\"WebPage\",\"@id\":\"https:\/\/pro.viljatuote.fi\/sv\/tuote\/boveteagnar\/\",\"url\":\"https:\/\/pro.viljatuote.fi\/sv\/tuote\/boveteagnar\/\",\"name\":\"Glutenfria Boveteagnar | Virtasalmen Viljatuote F\u00f6retagsf\u00f6rs\u00e4ljning\",\"isPartOf\":{\"@id\":\"https:\/\/pro.viljatuote.fi\/sv\/#website\"},\"primaryImageOfPage\":{\"@id\":\"https:\/\/pro.viljatuote.fi\/sv\/tuote\/boveteagnar\/#primaryimage\"},\"image\":{\"@id\":\"https:\/\/pro.viljatuote.fi\/sv\/tuote\/boveteagnar\/#primaryimage\"},\"thumbnailUrl\":\"https:\/\/pro.viljatuote.fi\/wp-content\/uploads\/2025\/12\/Suursakki-valkoinen-tausta.png\",\"datePublished\":\"2025-12-19T13:08:11+00:00\",\"dateModified\":\"2026-02-03T12:13:57+00:00\",\"description\":\"Glutenfria Boveteagnar \u00e4r en biprodukt fr\u00e5n bovetetillverkningen som l\u00e4mpar sig bl.a. som kuddfyllning. F\u00f6rpackas i stors\u00e4ckar p\u00e5 ca 180 kg.\",\"breadcrumb\":{\"@id\":\"https:\/\/pro.viljatuote.fi\/sv\/tuote\/boveteagnar\/#breadcrumb\"},\"inLanguage\":\"sv-SE\",\"potentialAction\":[{\"@type\":\"ReadAction\",\"target\":[\"https:\/\/pro.viljatuote.fi\/sv\/tuote\/boveteagnar\/\"]}]},{\"@type\":\"ImageObject\",\"inLanguage\":\"sv-SE\",\"@id\":\"https:\/\/pro.viljatuote.fi\/sv\/tuote\/boveteagnar\/#primaryimage\",\"url\":\"https:\/\/pro.viljatuote.fi\/wp-content\/uploads\/2025\/12\/Suursakki-valkoinen-tausta.png\",\"contentUrl\":\"https:\/\/pro.viljatuote.fi\/wp-content\/uploads\/2025\/12\/Suursakki-valkoinen-tausta.png\",\"width\":800,\"height\":800,\"caption\":\"Viljatuote Stors\u00e4ck\"},{\"@type\":\"BreadcrumbList\",\"@id\":\"https:\/\/pro.viljatuote.fi\/sv\/tuote\/boveteagnar\/#breadcrumb\",\"itemListElement\":[{\"@type\":\"ListItem\",\"position\":1,\"name\":\"Hemsida\",\"item\":\"https:\/\/pro.viljatuote.fi\/sv\/\"},{\"@type\":\"ListItem\",\"position\":2,\"name\":\"Webbutik\",\"item\":\"https:\/\/pro.viljatuote.fi\/sv\/butik\/\"},{\"@type\":\"ListItem\",\"position\":3,\"name\":\"Boveteagnar\"}]},{\"@type\":\"WebSite\",\"@id\":\"https:\/\/pro.viljatuote.fi\/sv\/#website\",\"url\":\"https:\/\/pro.viljatuote.fi\/sv\/\",\"name\":\"Viljatuote Pro\",\"description\":\"Verkkokauppa\",\"publisher\":{\"@id\":\"https:\/\/pro.viljatuote.fi\/sv\/#organization\"},\"potentialAction\":[{\"@type\":\"SearchAction\",\"target\":{\"@type\":\"EntryPoint\",\"urlTemplate\":\"https:\/\/pro.viljatuote.fi\/sv\/?s={search_term_string}\"},\"query-input\":{\"@type\":\"PropertyValueSpecification\",\"valueRequired\":true,\"valueName\":\"search_term_string\"}}],\"inLanguage\":\"sv-SE\"},{\"@type\":\"Organization\",\"@id\":\"https:\/\/pro.viljatuote.fi\/sv\/#organization\",\"name\":\"Virtasalmen Viljatuote\",\"url\":\"https:\/\/pro.viljatuote.fi\/sv\/\",\"logo\":{\"@type\":\"ImageObject\",\"inLanguage\":\"sv-SE\",\"@id\":\"https:\/\/pro.viljatuote.fi\/sv\/#\/schema\/logo\/image\/\",\"url\":\"https:\/\/pro.viljatuote.fi\/wp-content\/uploads\/2025\/11\/Viljatuote-logo-GREEN.svg\",\"contentUrl\":\"https:\/\/pro.viljatuote.fi\/wp-content\/uploads\/2025\/11\/Viljatuote-logo-GREEN.svg\",\"width\":245,\"height\":113,\"caption\":\"Virtasalmen Viljatuote\"},\"image\":{\"@id\":\"https:\/\/pro.viljatuote.fi\/sv\/#\/schema\/logo\/image\/\"}}]}<\/script>\n<!-- \/ Yoast SEO plugin. -->","yoast_head_json":{"title":"Glutenfria Boveteagnar | Virtasalmen Viljatuote F\u00f6retagsf\u00f6rs\u00e4ljning","description":"Glutenfria Boveteagnar \u00e4r en biprodukt fr\u00e5n bovetetillverkningen som l\u00e4mpar sig bl.a. som kuddfyllning. F\u00f6rpackas i stors\u00e4ckar p\u00e5 ca 180 kg.","robots":{"index":"index","follow":"follow","max-snippet":"max-snippet:-1","max-image-preview":"max-image-preview:large","max-video-preview":"max-video-preview:-1"},"canonical":"https:\/\/pro.viljatuote.fi\/sv\/tuote\/boveteagnar\/","og_locale":"sv_SE","og_type":"article","og_title":"Glutenfria Boveteagnar | Virtasalmen Viljatuote F\u00f6retagsf\u00f6rs\u00e4ljning","og_description":"Glutenfria Boveteagnar \u00e4r en biprodukt fr\u00e5n bovetetillverkningen som l\u00e4mpar sig bl.a. som kuddfyllning. F\u00f6rpackas i stors\u00e4ckar p\u00e5 ca 180 kg.","og_url":"https:\/\/pro.viljatuote.fi\/sv\/tuote\/boveteagnar\/","og_site_name":"Viljatuote Pro","article_modified_time":"2026-02-03T12:13:57+00:00","og_image":[{"width":800,"height":800,"url":"https:\/\/pro.viljatuote.fi\/wp-content\/uploads\/2025\/12\/Suursakki-valkoinen-tausta.png","type":"image\/png"}],"schema":{"@context":"https:\/\/schema.org","@graph":[{"@type":"WebPage","@id":"https:\/\/pro.viljatuote.fi\/sv\/tuote\/boveteagnar\/","url":"https:\/\/pro.viljatuote.fi\/sv\/tuote\/boveteagnar\/","name":"Glutenfria Boveteagnar | Virtasalmen Viljatuote F\u00f6retagsf\u00f6rs\u00e4ljning","isPartOf":{"@id":"https:\/\/pro.viljatuote.fi\/sv\/#website"},"primaryImageOfPage":{"@id":"https:\/\/pro.viljatuote.fi\/sv\/tuote\/boveteagnar\/#primaryimage"},"image":{"@id":"https:\/\/pro.viljatuote.fi\/sv\/tuote\/boveteagnar\/#primaryimage"},"thumbnailUrl":"https:\/\/pro.viljatuote.fi\/wp-content\/uploads\/2025\/12\/Suursakki-valkoinen-tausta.png","datePublished":"2025-12-19T13:08:11+00:00","dateModified":"2026-02-03T12:13:57+00:00","description":"Glutenfria Boveteagnar \u00e4r en biprodukt fr\u00e5n bovetetillverkningen som l\u00e4mpar sig bl.a. som kuddfyllning. F\u00f6rpackas i stors\u00e4ckar p\u00e5 ca 180 kg.","breadcrumb":{"@id":"https:\/\/pro.viljatuote.fi\/sv\/tuote\/boveteagnar\/#breadcrumb"},"inLanguage":"sv-SE","potentialAction":[{"@type":"ReadAction","target":["https:\/\/pro.viljatuote.fi\/sv\/tuote\/boveteagnar\/"]}]},{"@type":"ImageObject","inLanguage":"sv-SE","@id":"https:\/\/pro.viljatuote.fi\/sv\/tuote\/boveteagnar\/#primaryimage","url":"https:\/\/pro.viljatuote.fi\/wp-content\/uploads\/2025\/12\/Suursakki-valkoinen-tausta.png","contentUrl":"https:\/\/pro.viljatuote.fi\/wp-content\/uploads\/2025\/12\/Suursakki-valkoinen-tausta.png","width":800,"height":800,"caption":"Viljatuote Stors\u00e4ck"},{"@type":"BreadcrumbList","@id":"https:\/\/pro.viljatuote.fi\/sv\/tuote\/boveteagnar\/#breadcrumb","itemListElement":[{"@type":"ListItem","position":1,"name":"Hemsida","item":"https:\/\/pro.viljatuote.fi\/sv\/"},{"@type":"ListItem","position":2,"name":"Webbutik","item":"https:\/\/pro.viljatuote.fi\/sv\/butik\/"},{"@type":"ListItem","position":3,"name":"Boveteagnar"}]},{"@type":"WebSite","@id":"https:\/\/pro.viljatuote.fi\/sv\/#website","url":"https:\/\/pro.viljatuote.fi\/sv\/","name":"Viljatuote Pro","description":"Verkkokauppa","publisher":{"@id":"https:\/\/pro.viljatuote.fi\/sv\/#organization"},"potentialAction":[{"@type":"SearchAction","target":{"@type":"EntryPoint","urlTemplate":"https:\/\/pro.viljatuote.fi\/sv\/?s={search_term_string}"},"query-input":{"@type":"PropertyValueSpecification","valueRequired":true,"valueName":"search_term_string"}}],"inLanguage":"sv-SE"},{"@type":"Organization","@id":"https:\/\/pro.viljatuote.fi\/sv\/#organization","name":"Virtasalmen Viljatuote","url":"https:\/\/pro.viljatuote.fi\/sv\/","logo":{"@type":"ImageObject","inLanguage":"sv-SE","@id":"https:\/\/pro.viljatuote.fi\/sv\/#\/schema\/logo\/image\/","url":"https:\/\/pro.viljatuote.fi\/wp-content\/uploads\/2025\/11\/Viljatuote-logo-GREEN.svg","contentUrl":"https:\/\/pro.viljatuote.fi\/wp-content\/uploads\/2025\/11\/Viljatuote-logo-GREEN.svg","width":245,"height":113,"caption":"Virtasalmen Viljatuote"},"image":{"@id":"https:\/\/pro.viljatuote.fi\/sv\/#\/schema\/logo\/image\/"}}]}},"taxonomy_info":{"product_cat":[{"value":161,"label":"Bovete"}],"product_tag":[{"value":165,"label":"Agnar"},{"value":162,"label":"Bovete"},{"value":143,"label":"Glutenfri"}]},"featured_image_src_large":["https:\/\/pro.viljatuote.fi\/wp-content\/uploads\/2025\/12\/Suursakki-valkoinen-tausta.png",800,800,false],"author_info":[],"comment_info":"","_links":{"self":[{"href":"https:\/\/pro.viljatuote.fi\/sv\/wp-json\/wp\/v2\/product\/2243","targetHints":{"allow":["GET"]}}],"collection":[{"href":"https:\/\/pro.viljatuote.fi\/sv\/wp-json\/wp\/v2\/product"}],"about":[{"href":"https:\/\/pro.viljatuote.fi\/sv\/wp-json\/wp\/v2\/types\/product"}],"wp:featuredmedia":[{"embeddable":true,"href":"https:\/\/pro.viljatuote.fi\/sv\/wp-json\/wp\/v2\/media\/2245"}],"wp:attachment":[{"href":"https:\/\/pro.viljatuote.fi\/sv\/wp-json\/wp\/v2\/media?parent=2243"}],"wp:term":[{"taxonomy":"product_brand","embeddable":true,"href":"https:\/\/pro.viljatuote.fi\/sv\/wp-json\/wp\/v2\/product_brand?post=2243"},{"taxonomy":"product_cat","embeddable":true,"href":"https:\/\/pro.viljatuote.fi\/sv\/wp-json\/wp\/v2\/product_cat?post=2243"},{"taxonomy":"product_tag","embeddable":true,"href":"https:\/\/pro.viljatuote.fi\/sv\/wp-json\/wp\/v2\/product_tag?post=2243"}],"curies":[{"name":"wp","href":"https:\/\/api.w.org\/{rel}","templated":true}]}}