{"id":2259,"date":"2025-12-19T15:08:05","date_gmt":"2025-12-19T13:08:05","guid":{"rendered":"https:\/\/pro.viljatuote.fi\/tuote\/grovt-rismjol-10-mm\/"},"modified":"2026-01-27T10:52:31","modified_gmt":"2026-01-27T08:52:31","slug":"grovt-rismjol-10-mm","status":"publish","type":"product","link":"https:\/\/pro.viljatuote.fi\/sv\/tuote\/grovt-rismjol-10-mm\/","title":{"rendered":"Grovt Rismj\u00f6l 1,0 mm"},"content":{"rendered":"","protected":false},"excerpt":{"rendered":"<p>Grovt Rismj\u00f6l 1,0 mm \u00e4r ett rismj\u00f6l med gr\u00f6vre malning \u00e4n vanligt. Det ger vid behov en n\u00e5got gr\u00f6vre textur i bakverk och matr\u00e4tter. <\/p>\n<p>\u2705 grovt mj\u00f6l ger n\u00f6dv\u00e4ndig textur<br \/>\n\u2705 mild, neutral smak och ljus nyans<br \/>\n\u2705 f\u00f6r matlagning eller bakning<br \/>\n\u274c inga tillsatser eller konserveringsmedel, GMO-fri<\/p>\n<p><strong>Ingredienser:<\/strong> 100% rismj\u00f6l<\/p>\n","protected":false},"featured_media":619,"template":"","meta":{"_acf_changed":false,"inline_featured_image":false,"_kad_blocks_custom_css":"","_kad_blocks_head_custom_js":"","_kad_blocks_body_custom_js":"","_kad_blocks_footer_custom_js":"","_kad_post_transparent":"","_kad_post_title":"","_kad_post_layout":"","_kad_post_sidebar_id":"","_kad_post_content_style":"","_kad_post_vertical_padding":"","_kad_post_feature":"","_kad_post_feature_position":"","_kad_post_header":false,"_kad_post_footer":false,"_kad_post_classname":""},"product_brand":[],"product_cat":[166],"product_tag":[143,144,168],"class_list":{"0":"post-2259","1":"product","2":"type-product","3":"status-publish","4":"has-post-thumbnail","6":"product_cat-ris","7":"product_tag-glutenfri","8":"product_tag-mjol","9":"product_tag-ris","11":"first","12":"instock","13":"taxable","14":"shipping-taxable","15":"purchasable","16":"product-type-variable","17":"entry","18":"content-bg","19":"loop-entry"},"acf":[],"yoast_head":"<!-- This site is optimized with the Yoast SEO plugin v27.2 - https:\/\/yoast.com\/product\/yoast-seo-wordpress\/ -->\n<title>Grovt Rismj\u00f6l 1,0 mm - Viljatuote Pro<\/title>\n<meta name=\"description\" content=\"Glutenfritt Grovt Rismj\u00f6l \u00e4r ett gr\u00f6vre, mildsmakande mj\u00f6l som kan anv\u00e4ndas f\u00f6r bakning och matlagning. F\u00f6rpackning 25 kg eller stors\u00e4ck.\" \/>\n<meta name=\"robots\" content=\"index, follow, max-snippet:-1, max-image-preview:large, max-video-preview:-1\" \/>\n<link rel=\"canonical\" href=\"https:\/\/pro.viljatuote.fi\/sv\/tuote\/grovt-rismjol-10-mm\/\" \/>\n<meta property=\"og:locale\" content=\"sv_SE\" \/>\n<meta property=\"og:type\" content=\"article\" \/>\n<meta property=\"og:title\" content=\"Grovt Rismj\u00f6l 1,0 mm - Viljatuote Pro\" \/>\n<meta property=\"og:description\" content=\"Glutenfritt Grovt Rismj\u00f6l \u00e4r ett gr\u00f6vre, mildsmakande mj\u00f6l som kan anv\u00e4ndas f\u00f6r bakning och matlagning. F\u00f6rpackning 25 kg eller stors\u00e4ck.\" \/>\n<meta property=\"og:url\" content=\"https:\/\/pro.viljatuote.fi\/sv\/tuote\/grovt-rismjol-10-mm\/\" \/>\n<meta property=\"og:site_name\" content=\"Viljatuote Pro\" \/>\n<meta property=\"article:modified_time\" content=\"2026-01-27T08:52:31+00:00\" \/>\n<meta property=\"og:image\" content=\"https:\/\/pro.viljatuote.fi\/wp-content\/uploads\/2025\/12\/Karkea-Riisijauho-1-mm-25-kg.png\" \/>\n\t<meta property=\"og:image:width\" content=\"800\" \/>\n\t<meta property=\"og:image:height\" content=\"800\" \/>\n\t<meta property=\"og:image:type\" content=\"image\/png\" \/>\n<script type=\"application\/ld+json\" class=\"yoast-schema-graph\">{\"@context\":\"https:\/\/schema.org\",\"@graph\":[{\"@type\":\"WebPage\",\"@id\":\"https:\/\/pro.viljatuote.fi\/sv\/tuote\/grovt-rismjol-10-mm\/\",\"url\":\"https:\/\/pro.viljatuote.fi\/sv\/tuote\/grovt-rismjol-10-mm\/\",\"name\":\"Grovt Rismj\u00f6l 1,0 mm - Viljatuote Pro\",\"isPartOf\":{\"@id\":\"https:\/\/pro.viljatuote.fi\/sv\/#website\"},\"primaryImageOfPage\":{\"@id\":\"https:\/\/pro.viljatuote.fi\/sv\/tuote\/grovt-rismjol-10-mm\/#primaryimage\"},\"image\":{\"@id\":\"https:\/\/pro.viljatuote.fi\/sv\/tuote\/grovt-rismjol-10-mm\/#primaryimage\"},\"thumbnailUrl\":\"https:\/\/pro.viljatuote.fi\/wp-content\/uploads\/2025\/12\/Karkea-Riisijauho-1-mm-25-kg.png\",\"datePublished\":\"2025-12-19T13:08:05+00:00\",\"dateModified\":\"2026-01-27T08:52:31+00:00\",\"description\":\"Glutenfritt Grovt Rismj\u00f6l \u00e4r ett gr\u00f6vre, mildsmakande mj\u00f6l som kan anv\u00e4ndas f\u00f6r bakning och matlagning. F\u00f6rpackning 25 kg eller stors\u00e4ck.\",\"breadcrumb\":{\"@id\":\"https:\/\/pro.viljatuote.fi\/sv\/tuote\/grovt-rismjol-10-mm\/#breadcrumb\"},\"inLanguage\":\"sv-SE\",\"potentialAction\":[{\"@type\":\"ReadAction\",\"target\":[\"https:\/\/pro.viljatuote.fi\/sv\/tuote\/grovt-rismjol-10-mm\/\"]}]},{\"@type\":\"ImageObject\",\"inLanguage\":\"sv-SE\",\"@id\":\"https:\/\/pro.viljatuote.fi\/sv\/tuote\/grovt-rismjol-10-mm\/#primaryimage\",\"url\":\"https:\/\/pro.viljatuote.fi\/wp-content\/uploads\/2025\/12\/Karkea-Riisijauho-1-mm-25-kg.png\",\"contentUrl\":\"https:\/\/pro.viljatuote.fi\/wp-content\/uploads\/2025\/12\/Karkea-Riisijauho-1-mm-25-kg.png\",\"width\":800,\"height\":800,\"caption\":\"Karkea Riisijauho 1 mm 25 kg\"},{\"@type\":\"BreadcrumbList\",\"@id\":\"https:\/\/pro.viljatuote.fi\/sv\/tuote\/grovt-rismjol-10-mm\/#breadcrumb\",\"itemListElement\":[{\"@type\":\"ListItem\",\"position\":1,\"name\":\"Hemsida\",\"item\":\"https:\/\/pro.viljatuote.fi\/sv\/\"},{\"@type\":\"ListItem\",\"position\":2,\"name\":\"Webbutik\",\"item\":\"https:\/\/pro.viljatuote.fi\/sv\/butik\/\"},{\"@type\":\"ListItem\",\"position\":3,\"name\":\"Grovt Rismj\u00f6l 1,0 mm\"}]},{\"@type\":\"WebSite\",\"@id\":\"https:\/\/pro.viljatuote.fi\/sv\/#website\",\"url\":\"https:\/\/pro.viljatuote.fi\/sv\/\",\"name\":\"Viljatuote Pro\",\"description\":\"Verkkokauppa\",\"publisher\":{\"@id\":\"https:\/\/pro.viljatuote.fi\/sv\/#organization\"},\"potentialAction\":[{\"@type\":\"SearchAction\",\"target\":{\"@type\":\"EntryPoint\",\"urlTemplate\":\"https:\/\/pro.viljatuote.fi\/sv\/?s={search_term_string}\"},\"query-input\":{\"@type\":\"PropertyValueSpecification\",\"valueRequired\":true,\"valueName\":\"search_term_string\"}}],\"inLanguage\":\"sv-SE\"},{\"@type\":\"Organization\",\"@id\":\"https:\/\/pro.viljatuote.fi\/sv\/#organization\",\"name\":\"Virtasalmen Viljatuote\",\"url\":\"https:\/\/pro.viljatuote.fi\/sv\/\",\"logo\":{\"@type\":\"ImageObject\",\"inLanguage\":\"sv-SE\",\"@id\":\"https:\/\/pro.viljatuote.fi\/sv\/#\/schema\/logo\/image\/\",\"url\":\"https:\/\/pro.viljatuote.fi\/wp-content\/uploads\/2025\/11\/Viljatuote-logo-GREEN.svg\",\"contentUrl\":\"https:\/\/pro.viljatuote.fi\/wp-content\/uploads\/2025\/11\/Viljatuote-logo-GREEN.svg\",\"width\":245,\"height\":113,\"caption\":\"Virtasalmen Viljatuote\"},\"image\":{\"@id\":\"https:\/\/pro.viljatuote.fi\/sv\/#\/schema\/logo\/image\/\"}}]}<\/script>\n<!-- \/ Yoast SEO plugin. -->","yoast_head_json":{"title":"Grovt Rismj\u00f6l 1,0 mm - Viljatuote Pro","description":"Glutenfritt Grovt Rismj\u00f6l \u00e4r ett gr\u00f6vre, mildsmakande mj\u00f6l som kan anv\u00e4ndas f\u00f6r bakning och matlagning. F\u00f6rpackning 25 kg eller stors\u00e4ck.","robots":{"index":"index","follow":"follow","max-snippet":"max-snippet:-1","max-image-preview":"max-image-preview:large","max-video-preview":"max-video-preview:-1"},"canonical":"https:\/\/pro.viljatuote.fi\/sv\/tuote\/grovt-rismjol-10-mm\/","og_locale":"sv_SE","og_type":"article","og_title":"Grovt Rismj\u00f6l 1,0 mm - Viljatuote Pro","og_description":"Glutenfritt Grovt Rismj\u00f6l \u00e4r ett gr\u00f6vre, mildsmakande mj\u00f6l som kan anv\u00e4ndas f\u00f6r bakning och matlagning. F\u00f6rpackning 25 kg eller stors\u00e4ck.","og_url":"https:\/\/pro.viljatuote.fi\/sv\/tuote\/grovt-rismjol-10-mm\/","og_site_name":"Viljatuote Pro","article_modified_time":"2026-01-27T08:52:31+00:00","og_image":[{"width":800,"height":800,"url":"https:\/\/pro.viljatuote.fi\/wp-content\/uploads\/2025\/12\/Karkea-Riisijauho-1-mm-25-kg.png","type":"image\/png"}],"schema":{"@context":"https:\/\/schema.org","@graph":[{"@type":"WebPage","@id":"https:\/\/pro.viljatuote.fi\/sv\/tuote\/grovt-rismjol-10-mm\/","url":"https:\/\/pro.viljatuote.fi\/sv\/tuote\/grovt-rismjol-10-mm\/","name":"Grovt Rismj\u00f6l 1,0 mm - Viljatuote Pro","isPartOf":{"@id":"https:\/\/pro.viljatuote.fi\/sv\/#website"},"primaryImageOfPage":{"@id":"https:\/\/pro.viljatuote.fi\/sv\/tuote\/grovt-rismjol-10-mm\/#primaryimage"},"image":{"@id":"https:\/\/pro.viljatuote.fi\/sv\/tuote\/grovt-rismjol-10-mm\/#primaryimage"},"thumbnailUrl":"https:\/\/pro.viljatuote.fi\/wp-content\/uploads\/2025\/12\/Karkea-Riisijauho-1-mm-25-kg.png","datePublished":"2025-12-19T13:08:05+00:00","dateModified":"2026-01-27T08:52:31+00:00","description":"Glutenfritt Grovt Rismj\u00f6l \u00e4r ett gr\u00f6vre, mildsmakande mj\u00f6l som kan anv\u00e4ndas f\u00f6r bakning och matlagning. F\u00f6rpackning 25 kg eller stors\u00e4ck.","breadcrumb":{"@id":"https:\/\/pro.viljatuote.fi\/sv\/tuote\/grovt-rismjol-10-mm\/#breadcrumb"},"inLanguage":"sv-SE","potentialAction":[{"@type":"ReadAction","target":["https:\/\/pro.viljatuote.fi\/sv\/tuote\/grovt-rismjol-10-mm\/"]}]},{"@type":"ImageObject","inLanguage":"sv-SE","@id":"https:\/\/pro.viljatuote.fi\/sv\/tuote\/grovt-rismjol-10-mm\/#primaryimage","url":"https:\/\/pro.viljatuote.fi\/wp-content\/uploads\/2025\/12\/Karkea-Riisijauho-1-mm-25-kg.png","contentUrl":"https:\/\/pro.viljatuote.fi\/wp-content\/uploads\/2025\/12\/Karkea-Riisijauho-1-mm-25-kg.png","width":800,"height":800,"caption":"Karkea Riisijauho 1 mm 25 kg"},{"@type":"BreadcrumbList","@id":"https:\/\/pro.viljatuote.fi\/sv\/tuote\/grovt-rismjol-10-mm\/#breadcrumb","itemListElement":[{"@type":"ListItem","position":1,"name":"Hemsida","item":"https:\/\/pro.viljatuote.fi\/sv\/"},{"@type":"ListItem","position":2,"name":"Webbutik","item":"https:\/\/pro.viljatuote.fi\/sv\/butik\/"},{"@type":"ListItem","position":3,"name":"Grovt Rismj\u00f6l 1,0 mm"}]},{"@type":"WebSite","@id":"https:\/\/pro.viljatuote.fi\/sv\/#website","url":"https:\/\/pro.viljatuote.fi\/sv\/","name":"Viljatuote Pro","description":"Verkkokauppa","publisher":{"@id":"https:\/\/pro.viljatuote.fi\/sv\/#organization"},"potentialAction":[{"@type":"SearchAction","target":{"@type":"EntryPoint","urlTemplate":"https:\/\/pro.viljatuote.fi\/sv\/?s={search_term_string}"},"query-input":{"@type":"PropertyValueSpecification","valueRequired":true,"valueName":"search_term_string"}}],"inLanguage":"sv-SE"},{"@type":"Organization","@id":"https:\/\/pro.viljatuote.fi\/sv\/#organization","name":"Virtasalmen Viljatuote","url":"https:\/\/pro.viljatuote.fi\/sv\/","logo":{"@type":"ImageObject","inLanguage":"sv-SE","@id":"https:\/\/pro.viljatuote.fi\/sv\/#\/schema\/logo\/image\/","url":"https:\/\/pro.viljatuote.fi\/wp-content\/uploads\/2025\/11\/Viljatuote-logo-GREEN.svg","contentUrl":"https:\/\/pro.viljatuote.fi\/wp-content\/uploads\/2025\/11\/Viljatuote-logo-GREEN.svg","width":245,"height":113,"caption":"Virtasalmen Viljatuote"},"image":{"@id":"https:\/\/pro.viljatuote.fi\/sv\/#\/schema\/logo\/image\/"}}]}},"taxonomy_info":{"product_cat":[{"value":166,"label":"Ris"}],"product_tag":[{"value":143,"label":"Glutenfri"},{"value":144,"label":"Mj\u00f6l"},{"value":168,"label":"Ris"}]},"featured_image_src_large":["https:\/\/pro.viljatuote.fi\/wp-content\/uploads\/2025\/12\/Karkea-Riisijauho-1-mm-25-kg.png",800,800,false],"author_info":[],"comment_info":"","_links":{"self":[{"href":"https:\/\/pro.viljatuote.fi\/sv\/wp-json\/wp\/v2\/product\/2259","targetHints":{"allow":["GET"]}}],"collection":[{"href":"https:\/\/pro.viljatuote.fi\/sv\/wp-json\/wp\/v2\/product"}],"about":[{"href":"https:\/\/pro.viljatuote.fi\/sv\/wp-json\/wp\/v2\/types\/product"}],"wp:featuredmedia":[{"embeddable":true,"href":"https:\/\/pro.viljatuote.fi\/sv\/wp-json\/wp\/v2\/media\/619"}],"wp:attachment":[{"href":"https:\/\/pro.viljatuote.fi\/sv\/wp-json\/wp\/v2\/media?parent=2259"}],"wp:term":[{"taxonomy":"product_brand","embeddable":true,"href":"https:\/\/pro.viljatuote.fi\/sv\/wp-json\/wp\/v2\/product_brand?post=2259"},{"taxonomy":"product_cat","embeddable":true,"href":"https:\/\/pro.viljatuote.fi\/sv\/wp-json\/wp\/v2\/product_cat?post=2259"},{"taxonomy":"product_tag","embeddable":true,"href":"https:\/\/pro.viljatuote.fi\/sv\/wp-json\/wp\/v2\/product_tag?post=2259"}],"curies":[{"name":"wp","href":"https:\/\/api.w.org\/{rel}","templated":true}]}}