{"id":2268,"date":"2025-12-19T15:08:07","date_gmt":"2025-12-19T13:08:07","guid":{"rendered":"https:\/\/pro.viljatuote.fi\/tuote\/morkt-teff-fullkornsmjol\/"},"modified":"2026-01-27T10:52:33","modified_gmt":"2026-01-27T08:52:33","slug":"morkt-teff-fullkornsmjol","status":"publish","type":"product","link":"https:\/\/pro.viljatuote.fi\/sv\/tuote\/morkt-teff-fullkornsmjol\/","title":{"rendered":"M\u00f6rkt Teff-fullkornsmj\u00f6l"},"content":{"rendered":"","protected":false},"excerpt":{"rendered":"<p>Teff, som \u00e4r n\u00e4ringsrikt, \u00e4r det minsta s\u00e4desslaget med en m\u00f6rk nyans och en l\u00e4tt n\u00f6tig smak. M\u00f6rkt teff-fullkornsmj\u00f6l passar m\u00e5ngsidigt f\u00f6r bakning och matlagning, bl.a. f\u00f6r att ers\u00e4tta r\u00e5gmj\u00f6l i recept. <\/p>\n<p>\u2705 n\u00e4ringsrikt och fiberrikt fullkornsmj\u00f6l<br \/>\n\u2705 ger m\u00f6rk nyans och n\u00f6tig smak<br \/>\n\u2705 kakor, pajer eller surdegsbr\u00f6d<br \/>\n\u274c inga tillsatser eller konserveringsmedel, GMO-fri<\/p>\n<p><strong>Ingredienser:<\/strong> 100% teff-fullkornsmj\u00f6l.<\/p>\n","protected":false},"featured_media":581,"template":"","meta":{"_acf_changed":false,"inline_featured_image":false,"_kad_blocks_custom_css":"","_kad_blocks_head_custom_js":"","_kad_blocks_body_custom_js":"","_kad_blocks_footer_custom_js":"","_kad_post_transparent":"","_kad_post_title":"","_kad_post_layout":"","_kad_post_sidebar_id":"","_kad_post_content_style":"","_kad_post_vertical_padding":"","_kad_post_feature":"","_kad_post_feature_position":"","_kad_post_header":false,"_kad_post_footer":false,"_kad_post_classname":""},"product_brand":[],"product_cat":[170],"product_tag":[145,143,147,171],"class_list":{"0":"post-2268","1":"product","2":"type-product","3":"status-publish","4":"has-post-thumbnail","6":"product_cat-teff","7":"product_tag-fullkornsmjol","8":"product_tag-glutenfri","9":"product_tag-glutenfri-produktmarkning","10":"product_tag-teff","12":"first","13":"instock","14":"taxable","15":"shipping-taxable","16":"purchasable","17":"product-type-variable","18":"entry","19":"content-bg","20":"loop-entry"},"acf":[],"yoast_head":"<!-- This site is optimized with the Yoast SEO plugin v27.2 - https:\/\/yoast.com\/product\/yoast-seo-wordpress\/ -->\n<title>Glutenfritt M\u00f6rkt Teff-fullkornsmj\u00f6l | Virtasalmen Viljatuote B2B<\/title>\n<meta name=\"description\" content=\"Glutenfritt M\u00f6rkt Teff-fullkornsmj\u00f6l \u00e4r rikt p\u00e5 fiber och n\u00e4rings\u00e4mnen. Ers\u00e4tter r\u00e5gmj\u00f6l i glutenfri bakning. F\u00f6rpackning 500 g, 3 kg och 20 kg.\" \/>\n<meta name=\"robots\" content=\"index, follow, max-snippet:-1, max-image-preview:large, max-video-preview:-1\" \/>\n<link rel=\"canonical\" href=\"https:\/\/pro.viljatuote.fi\/sv\/tuote\/morkt-teff-fullkornsmjol\/\" \/>\n<meta property=\"og:locale\" content=\"sv_SE\" \/>\n<meta property=\"og:type\" content=\"article\" \/>\n<meta property=\"og:title\" content=\"Glutenfritt M\u00f6rkt Teff-fullkornsmj\u00f6l | Virtasalmen Viljatuote B2B\" \/>\n<meta property=\"og:description\" content=\"Glutenfritt M\u00f6rkt Teff-fullkornsmj\u00f6l \u00e4r rikt p\u00e5 fiber och n\u00e4rings\u00e4mnen. Ers\u00e4tter r\u00e5gmj\u00f6l i glutenfri bakning. F\u00f6rpackning 500 g, 3 kg och 20 kg.\" \/>\n<meta property=\"og:url\" content=\"https:\/\/pro.viljatuote.fi\/sv\/tuote\/morkt-teff-fullkornsmjol\/\" \/>\n<meta property=\"og:site_name\" content=\"Viljatuote Pro\" \/>\n<meta property=\"article:modified_time\" content=\"2026-01-27T08:52:33+00:00\" \/>\n<meta property=\"og:image\" content=\"https:\/\/pro.viljatuote.fi\/wp-content\/uploads\/2025\/12\/2-9.png\" \/>\n\t<meta property=\"og:image:width\" content=\"1080\" \/>\n\t<meta property=\"og:image:height\" content=\"1080\" \/>\n\t<meta property=\"og:image:type\" content=\"image\/png\" \/>\n<script type=\"application\/ld+json\" class=\"yoast-schema-graph\">{\"@context\":\"https:\/\/schema.org\",\"@graph\":[{\"@type\":\"WebPage\",\"@id\":\"https:\/\/pro.viljatuote.fi\/sv\/tuote\/morkt-teff-fullkornsmjol\/\",\"url\":\"https:\/\/pro.viljatuote.fi\/sv\/tuote\/morkt-teff-fullkornsmjol\/\",\"name\":\"Glutenfritt M\u00f6rkt Teff-fullkornsmj\u00f6l | Virtasalmen Viljatuote B2B\",\"isPartOf\":{\"@id\":\"https:\/\/pro.viljatuote.fi\/sv\/#website\"},\"primaryImageOfPage\":{\"@id\":\"https:\/\/pro.viljatuote.fi\/sv\/tuote\/morkt-teff-fullkornsmjol\/#primaryimage\"},\"image\":{\"@id\":\"https:\/\/pro.viljatuote.fi\/sv\/tuote\/morkt-teff-fullkornsmjol\/#primaryimage\"},\"thumbnailUrl\":\"https:\/\/pro.viljatuote.fi\/wp-content\/uploads\/2025\/12\/2-9.png\",\"datePublished\":\"2025-12-19T13:08:07+00:00\",\"dateModified\":\"2026-01-27T08:52:33+00:00\",\"description\":\"Glutenfritt M\u00f6rkt Teff-fullkornsmj\u00f6l \u00e4r rikt p\u00e5 fiber och n\u00e4rings\u00e4mnen. Ers\u00e4tter r\u00e5gmj\u00f6l i glutenfri bakning. F\u00f6rpackning 500 g, 3 kg och 20 kg.\",\"breadcrumb\":{\"@id\":\"https:\/\/pro.viljatuote.fi\/sv\/tuote\/morkt-teff-fullkornsmjol\/#breadcrumb\"},\"inLanguage\":\"sv-SE\",\"potentialAction\":[{\"@type\":\"ReadAction\",\"target\":[\"https:\/\/pro.viljatuote.fi\/sv\/tuote\/morkt-teff-fullkornsmjol\/\"]}]},{\"@type\":\"ImageObject\",\"inLanguage\":\"sv-SE\",\"@id\":\"https:\/\/pro.viljatuote.fi\/sv\/tuote\/morkt-teff-fullkornsmjol\/#primaryimage\",\"url\":\"https:\/\/pro.viljatuote.fi\/wp-content\/uploads\/2025\/12\/2-9.png\",\"contentUrl\":\"https:\/\/pro.viljatuote.fi\/wp-content\/uploads\/2025\/12\/2-9.png\",\"width\":1080,\"height\":1080},{\"@type\":\"BreadcrumbList\",\"@id\":\"https:\/\/pro.viljatuote.fi\/sv\/tuote\/morkt-teff-fullkornsmjol\/#breadcrumb\",\"itemListElement\":[{\"@type\":\"ListItem\",\"position\":1,\"name\":\"Hemsida\",\"item\":\"https:\/\/pro.viljatuote.fi\/sv\/\"},{\"@type\":\"ListItem\",\"position\":2,\"name\":\"Webbutik\",\"item\":\"https:\/\/pro.viljatuote.fi\/sv\/butik\/\"},{\"@type\":\"ListItem\",\"position\":3,\"name\":\"M\u00f6rkt Teff-fullkornsmj\u00f6l\"}]},{\"@type\":\"WebSite\",\"@id\":\"https:\/\/pro.viljatuote.fi\/sv\/#website\",\"url\":\"https:\/\/pro.viljatuote.fi\/sv\/\",\"name\":\"Viljatuote Pro\",\"description\":\"Verkkokauppa\",\"publisher\":{\"@id\":\"https:\/\/pro.viljatuote.fi\/sv\/#organization\"},\"potentialAction\":[{\"@type\":\"SearchAction\",\"target\":{\"@type\":\"EntryPoint\",\"urlTemplate\":\"https:\/\/pro.viljatuote.fi\/sv\/?s={search_term_string}\"},\"query-input\":{\"@type\":\"PropertyValueSpecification\",\"valueRequired\":true,\"valueName\":\"search_term_string\"}}],\"inLanguage\":\"sv-SE\"},{\"@type\":\"Organization\",\"@id\":\"https:\/\/pro.viljatuote.fi\/sv\/#organization\",\"name\":\"Virtasalmen Viljatuote\",\"url\":\"https:\/\/pro.viljatuote.fi\/sv\/\",\"logo\":{\"@type\":\"ImageObject\",\"inLanguage\":\"sv-SE\",\"@id\":\"https:\/\/pro.viljatuote.fi\/sv\/#\/schema\/logo\/image\/\",\"url\":\"https:\/\/pro.viljatuote.fi\/wp-content\/uploads\/2025\/11\/Viljatuote-logo-GREEN.svg\",\"contentUrl\":\"https:\/\/pro.viljatuote.fi\/wp-content\/uploads\/2025\/11\/Viljatuote-logo-GREEN.svg\",\"width\":245,\"height\":113,\"caption\":\"Virtasalmen Viljatuote\"},\"image\":{\"@id\":\"https:\/\/pro.viljatuote.fi\/sv\/#\/schema\/logo\/image\/\"}}]}<\/script>\n<!-- \/ Yoast SEO plugin. -->","yoast_head_json":{"title":"Glutenfritt M\u00f6rkt Teff-fullkornsmj\u00f6l | Virtasalmen Viljatuote B2B","description":"Glutenfritt M\u00f6rkt Teff-fullkornsmj\u00f6l \u00e4r rikt p\u00e5 fiber och n\u00e4rings\u00e4mnen. Ers\u00e4tter r\u00e5gmj\u00f6l i glutenfri bakning. F\u00f6rpackning 500 g, 3 kg och 20 kg.","robots":{"index":"index","follow":"follow","max-snippet":"max-snippet:-1","max-image-preview":"max-image-preview:large","max-video-preview":"max-video-preview:-1"},"canonical":"https:\/\/pro.viljatuote.fi\/sv\/tuote\/morkt-teff-fullkornsmjol\/","og_locale":"sv_SE","og_type":"article","og_title":"Glutenfritt M\u00f6rkt Teff-fullkornsmj\u00f6l | Virtasalmen Viljatuote B2B","og_description":"Glutenfritt M\u00f6rkt Teff-fullkornsmj\u00f6l \u00e4r rikt p\u00e5 fiber och n\u00e4rings\u00e4mnen. Ers\u00e4tter r\u00e5gmj\u00f6l i glutenfri bakning. F\u00f6rpackning 500 g, 3 kg och 20 kg.","og_url":"https:\/\/pro.viljatuote.fi\/sv\/tuote\/morkt-teff-fullkornsmjol\/","og_site_name":"Viljatuote Pro","article_modified_time":"2026-01-27T08:52:33+00:00","og_image":[{"width":1080,"height":1080,"url":"https:\/\/pro.viljatuote.fi\/wp-content\/uploads\/2025\/12\/2-9.png","type":"image\/png"}],"schema":{"@context":"https:\/\/schema.org","@graph":[{"@type":"WebPage","@id":"https:\/\/pro.viljatuote.fi\/sv\/tuote\/morkt-teff-fullkornsmjol\/","url":"https:\/\/pro.viljatuote.fi\/sv\/tuote\/morkt-teff-fullkornsmjol\/","name":"Glutenfritt M\u00f6rkt Teff-fullkornsmj\u00f6l | Virtasalmen Viljatuote B2B","isPartOf":{"@id":"https:\/\/pro.viljatuote.fi\/sv\/#website"},"primaryImageOfPage":{"@id":"https:\/\/pro.viljatuote.fi\/sv\/tuote\/morkt-teff-fullkornsmjol\/#primaryimage"},"image":{"@id":"https:\/\/pro.viljatuote.fi\/sv\/tuote\/morkt-teff-fullkornsmjol\/#primaryimage"},"thumbnailUrl":"https:\/\/pro.viljatuote.fi\/wp-content\/uploads\/2025\/12\/2-9.png","datePublished":"2025-12-19T13:08:07+00:00","dateModified":"2026-01-27T08:52:33+00:00","description":"Glutenfritt M\u00f6rkt Teff-fullkornsmj\u00f6l \u00e4r rikt p\u00e5 fiber och n\u00e4rings\u00e4mnen. Ers\u00e4tter r\u00e5gmj\u00f6l i glutenfri bakning. F\u00f6rpackning 500 g, 3 kg och 20 kg.","breadcrumb":{"@id":"https:\/\/pro.viljatuote.fi\/sv\/tuote\/morkt-teff-fullkornsmjol\/#breadcrumb"},"inLanguage":"sv-SE","potentialAction":[{"@type":"ReadAction","target":["https:\/\/pro.viljatuote.fi\/sv\/tuote\/morkt-teff-fullkornsmjol\/"]}]},{"@type":"ImageObject","inLanguage":"sv-SE","@id":"https:\/\/pro.viljatuote.fi\/sv\/tuote\/morkt-teff-fullkornsmjol\/#primaryimage","url":"https:\/\/pro.viljatuote.fi\/wp-content\/uploads\/2025\/12\/2-9.png","contentUrl":"https:\/\/pro.viljatuote.fi\/wp-content\/uploads\/2025\/12\/2-9.png","width":1080,"height":1080},{"@type":"BreadcrumbList","@id":"https:\/\/pro.viljatuote.fi\/sv\/tuote\/morkt-teff-fullkornsmjol\/#breadcrumb","itemListElement":[{"@type":"ListItem","position":1,"name":"Hemsida","item":"https:\/\/pro.viljatuote.fi\/sv\/"},{"@type":"ListItem","position":2,"name":"Webbutik","item":"https:\/\/pro.viljatuote.fi\/sv\/butik\/"},{"@type":"ListItem","position":3,"name":"M\u00f6rkt Teff-fullkornsmj\u00f6l"}]},{"@type":"WebSite","@id":"https:\/\/pro.viljatuote.fi\/sv\/#website","url":"https:\/\/pro.viljatuote.fi\/sv\/","name":"Viljatuote Pro","description":"Verkkokauppa","publisher":{"@id":"https:\/\/pro.viljatuote.fi\/sv\/#organization"},"potentialAction":[{"@type":"SearchAction","target":{"@type":"EntryPoint","urlTemplate":"https:\/\/pro.viljatuote.fi\/sv\/?s={search_term_string}"},"query-input":{"@type":"PropertyValueSpecification","valueRequired":true,"valueName":"search_term_string"}}],"inLanguage":"sv-SE"},{"@type":"Organization","@id":"https:\/\/pro.viljatuote.fi\/sv\/#organization","name":"Virtasalmen Viljatuote","url":"https:\/\/pro.viljatuote.fi\/sv\/","logo":{"@type":"ImageObject","inLanguage":"sv-SE","@id":"https:\/\/pro.viljatuote.fi\/sv\/#\/schema\/logo\/image\/","url":"https:\/\/pro.viljatuote.fi\/wp-content\/uploads\/2025\/11\/Viljatuote-logo-GREEN.svg","contentUrl":"https:\/\/pro.viljatuote.fi\/wp-content\/uploads\/2025\/11\/Viljatuote-logo-GREEN.svg","width":245,"height":113,"caption":"Virtasalmen Viljatuote"},"image":{"@id":"https:\/\/pro.viljatuote.fi\/sv\/#\/schema\/logo\/image\/"}}]}},"taxonomy_info":{"product_cat":[{"value":170,"label":"Teff"}],"product_tag":[{"value":145,"label":"Fullkornsmj\u00f6l"},{"value":143,"label":"Glutenfri"},{"value":147,"label":"Glutenfri produktm\u00e4rkning"},{"value":171,"label":"Teff"}]},"featured_image_src_large":["https:\/\/pro.viljatuote.fi\/wp-content\/uploads\/2025\/12\/2-9-1024x1024.png",1024,1024,true],"author_info":[],"comment_info":"","_links":{"self":[{"href":"https:\/\/pro.viljatuote.fi\/sv\/wp-json\/wp\/v2\/product\/2268","targetHints":{"allow":["GET"]}}],"collection":[{"href":"https:\/\/pro.viljatuote.fi\/sv\/wp-json\/wp\/v2\/product"}],"about":[{"href":"https:\/\/pro.viljatuote.fi\/sv\/wp-json\/wp\/v2\/types\/product"}],"wp:featuredmedia":[{"embeddable":true,"href":"https:\/\/pro.viljatuote.fi\/sv\/wp-json\/wp\/v2\/media\/581"}],"wp:attachment":[{"href":"https:\/\/pro.viljatuote.fi\/sv\/wp-json\/wp\/v2\/media?parent=2268"}],"wp:term":[{"taxonomy":"product_brand","embeddable":true,"href":"https:\/\/pro.viljatuote.fi\/sv\/wp-json\/wp\/v2\/product_brand?post=2268"},{"taxonomy":"product_cat","embeddable":true,"href":"https:\/\/pro.viljatuote.fi\/sv\/wp-json\/wp\/v2\/product_cat?post=2268"},{"taxonomy":"product_tag","embeddable":true,"href":"https:\/\/pro.viljatuote.fi\/sv\/wp-json\/wp\/v2\/product_tag?post=2268"}],"curies":[{"name":"wp","href":"https:\/\/api.w.org\/{rel}","templated":true}]}}