{"id":2272,"date":"2025-12-19T15:08:07","date_gmt":"2025-12-19T13:08:07","guid":{"rendered":"https:\/\/pro.viljatuote.fi\/tuote\/teff-grynsgrot\/"},"modified":"2026-01-27T10:52:32","modified_gmt":"2026-01-27T08:52:32","slug":"teff-grynsgrot","status":"publish","type":"product","link":"https:\/\/pro.viljatuote.fi\/sv\/tuote\/teff-grynsgrot\/","title":{"rendered":"Teff grynsgr\u00f6t"},"content":{"rendered":"","protected":false},"excerpt":{"rendered":"<p>Teff grynsgr\u00f6t gjord av m\u00f6rk teff passar b\u00e5de f\u00f6r kokning och ugnsbakning &#8211; eller f\u00f6r att sv\u00e4lla i hett vatten som snabbgr\u00f6t. B\u00f6rja dagen med en fiberrik och mineralrik gr\u00f6tfrukost. <\/p>\n<p>\u2705 teff \u00e4r naturligt glutenfritt, fiberrikt spannm\u00e5l<br \/>\n\u2705 m\u00f6rk nyans och n\u00e5got n\u00f6tig smak<br \/>\n\u2705 b\u00e4st n\u00e4r den tillagas l\u00e4nge p\u00e5 l\u00e5g v\u00e4rme<br \/>\n\u274c inga tillsatser eller konserveringsmedel, GMO-fri<\/p>\n<p><strong>Ingredienser: <\/strong>100 % teff<\/p>\n","protected":false},"featured_media":2273,"template":"","meta":{"_acf_changed":false,"inline_featured_image":false,"_kad_blocks_custom_css":"","_kad_blocks_head_custom_js":"","_kad_blocks_body_custom_js":"","_kad_blocks_footer_custom_js":"","_kad_post_transparent":"default","_kad_post_title":"","_kad_post_layout":"default","_kad_post_sidebar_id":"","_kad_post_content_style":"default","_kad_post_vertical_padding":"default","_kad_post_feature":"","_kad_post_feature_position":"","_kad_post_header":false,"_kad_post_footer":false,"_kad_post_classname":""},"product_brand":[],"product_cat":[170],"product_tag":[172,143,147,173,171],"class_list":{"0":"post-2272","1":"product","2":"type-product","3":"status-publish","4":"has-post-thumbnail","6":"product_cat-teff","7":"product_tag-fiberrik","8":"product_tag-glutenfri","9":"product_tag-glutenfri-produktmarkning","10":"product_tag-gryn-2","11":"product_tag-teff","13":"first","14":"instock","15":"taxable","16":"shipping-taxable","17":"purchasable","18":"product-type-variable","19":"entry","20":"content-bg","21":"loop-entry"},"acf":[],"yoast_head":"<!-- This site is optimized with the Yoast SEO plugin v27.2 - https:\/\/yoast.com\/product\/yoast-seo-wordpress\/ -->\n<title>Glutenfri Teff grynsgr\u00f6t | Virtasalmen Viljatuote F\u00f6retagsf\u00f6rs\u00e4ljning<\/title>\n<meta name=\"description\" content=\"Glutenfri Teff grynsgr\u00f6t \u00e4r ett fiberrikt alternativ f\u00f6r att tillaga morgongr\u00f6t. B\u00e4sta gr\u00f6ten g\u00f6rs genom l\u00e5ngkok. F\u00f6rpackningsstorlekar 350 g och 20 kg.\" \/>\n<meta name=\"robots\" content=\"index, follow, max-snippet:-1, max-image-preview:large, max-video-preview:-1\" \/>\n<link rel=\"canonical\" href=\"https:\/\/pro.viljatuote.fi\/sv\/tuote\/teff-grynsgrot\/\" \/>\n<meta property=\"og:locale\" content=\"sv_SE\" \/>\n<meta property=\"og:type\" content=\"article\" \/>\n<meta property=\"og:title\" content=\"Glutenfri Teff grynsgr\u00f6t | Virtasalmen Viljatuote F\u00f6retagsf\u00f6rs\u00e4ljning\" \/>\n<meta property=\"og:description\" content=\"Glutenfri Teff grynsgr\u00f6t \u00e4r ett fiberrikt alternativ f\u00f6r att tillaga morgongr\u00f6t. B\u00e4sta gr\u00f6ten g\u00f6rs genom l\u00e5ngkok. F\u00f6rpackningsstorlekar 350 g och 20 kg.\" \/>\n<meta property=\"og:url\" content=\"https:\/\/pro.viljatuote.fi\/sv\/tuote\/teff-grynsgrot\/\" \/>\n<meta property=\"og:site_name\" content=\"Viljatuote Pro\" \/>\n<meta property=\"article:modified_time\" content=\"2026-01-27T08:52:32+00:00\" \/>\n<meta property=\"og:image\" content=\"https:\/\/pro.viljatuote.fi\/wp-content\/uploads\/2025\/12\/2-8.png\" \/>\n\t<meta property=\"og:image:width\" content=\"1080\" \/>\n\t<meta property=\"og:image:height\" content=\"1080\" \/>\n\t<meta property=\"og:image:type\" content=\"image\/png\" \/>\n<script type=\"application\/ld+json\" class=\"yoast-schema-graph\">{\"@context\":\"https:\/\/schema.org\",\"@graph\":[{\"@type\":\"WebPage\",\"@id\":\"https:\/\/pro.viljatuote.fi\/sv\/tuote\/teff-grynsgrot\/\",\"url\":\"https:\/\/pro.viljatuote.fi\/sv\/tuote\/teff-grynsgrot\/\",\"name\":\"Glutenfri Teff grynsgr\u00f6t | Virtasalmen Viljatuote F\u00f6retagsf\u00f6rs\u00e4ljning\",\"isPartOf\":{\"@id\":\"https:\/\/pro.viljatuote.fi\/sv\/#website\"},\"primaryImageOfPage\":{\"@id\":\"https:\/\/pro.viljatuote.fi\/sv\/tuote\/teff-grynsgrot\/#primaryimage\"},\"image\":{\"@id\":\"https:\/\/pro.viljatuote.fi\/sv\/tuote\/teff-grynsgrot\/#primaryimage\"},\"thumbnailUrl\":\"https:\/\/pro.viljatuote.fi\/wp-content\/uploads\/2025\/12\/2-8.png\",\"datePublished\":\"2025-12-19T13:08:07+00:00\",\"dateModified\":\"2026-01-27T08:52:32+00:00\",\"description\":\"Glutenfri Teff grynsgr\u00f6t \u00e4r ett fiberrikt alternativ f\u00f6r att tillaga morgongr\u00f6t. B\u00e4sta gr\u00f6ten g\u00f6rs genom l\u00e5ngkok. F\u00f6rpackningsstorlekar 350 g och 20 kg.\",\"breadcrumb\":{\"@id\":\"https:\/\/pro.viljatuote.fi\/sv\/tuote\/teff-grynsgrot\/#breadcrumb\"},\"inLanguage\":\"sv-SE\",\"potentialAction\":[{\"@type\":\"ReadAction\",\"target\":[\"https:\/\/pro.viljatuote.fi\/sv\/tuote\/teff-grynsgrot\/\"]}]},{\"@type\":\"ImageObject\",\"inLanguage\":\"sv-SE\",\"@id\":\"https:\/\/pro.viljatuote.fi\/sv\/tuote\/teff-grynsgrot\/#primaryimage\",\"url\":\"https:\/\/pro.viljatuote.fi\/wp-content\/uploads\/2025\/12\/2-8.png\",\"contentUrl\":\"https:\/\/pro.viljatuote.fi\/wp-content\/uploads\/2025\/12\/2-8.png\",\"width\":1080,\"height\":1080,\"caption\":\"Teff Grynsgr\u00f6t 350 g\"},{\"@type\":\"BreadcrumbList\",\"@id\":\"https:\/\/pro.viljatuote.fi\/sv\/tuote\/teff-grynsgrot\/#breadcrumb\",\"itemListElement\":[{\"@type\":\"ListItem\",\"position\":1,\"name\":\"Hemsida\",\"item\":\"https:\/\/pro.viljatuote.fi\/sv\/\"},{\"@type\":\"ListItem\",\"position\":2,\"name\":\"Webbutik\",\"item\":\"https:\/\/pro.viljatuote.fi\/sv\/butik\/\"},{\"@type\":\"ListItem\",\"position\":3,\"name\":\"Teff grynsgr\u00f6t\"}]},{\"@type\":\"WebSite\",\"@id\":\"https:\/\/pro.viljatuote.fi\/sv\/#website\",\"url\":\"https:\/\/pro.viljatuote.fi\/sv\/\",\"name\":\"Viljatuote Pro\",\"description\":\"Verkkokauppa\",\"publisher\":{\"@id\":\"https:\/\/pro.viljatuote.fi\/sv\/#organization\"},\"potentialAction\":[{\"@type\":\"SearchAction\",\"target\":{\"@type\":\"EntryPoint\",\"urlTemplate\":\"https:\/\/pro.viljatuote.fi\/sv\/?s={search_term_string}\"},\"query-input\":{\"@type\":\"PropertyValueSpecification\",\"valueRequired\":true,\"valueName\":\"search_term_string\"}}],\"inLanguage\":\"sv-SE\"},{\"@type\":\"Organization\",\"@id\":\"https:\/\/pro.viljatuote.fi\/sv\/#organization\",\"name\":\"Virtasalmen Viljatuote\",\"url\":\"https:\/\/pro.viljatuote.fi\/sv\/\",\"logo\":{\"@type\":\"ImageObject\",\"inLanguage\":\"sv-SE\",\"@id\":\"https:\/\/pro.viljatuote.fi\/sv\/#\/schema\/logo\/image\/\",\"url\":\"https:\/\/pro.viljatuote.fi\/wp-content\/uploads\/2025\/11\/Viljatuote-logo-GREEN.svg\",\"contentUrl\":\"https:\/\/pro.viljatuote.fi\/wp-content\/uploads\/2025\/11\/Viljatuote-logo-GREEN.svg\",\"width\":245,\"height\":113,\"caption\":\"Virtasalmen Viljatuote\"},\"image\":{\"@id\":\"https:\/\/pro.viljatuote.fi\/sv\/#\/schema\/logo\/image\/\"}}]}<\/script>\n<!-- \/ Yoast SEO plugin. -->","yoast_head_json":{"title":"Glutenfri Teff grynsgr\u00f6t | Virtasalmen Viljatuote F\u00f6retagsf\u00f6rs\u00e4ljning","description":"Glutenfri Teff grynsgr\u00f6t \u00e4r ett fiberrikt alternativ f\u00f6r att tillaga morgongr\u00f6t. B\u00e4sta gr\u00f6ten g\u00f6rs genom l\u00e5ngkok. F\u00f6rpackningsstorlekar 350 g och 20 kg.","robots":{"index":"index","follow":"follow","max-snippet":"max-snippet:-1","max-image-preview":"max-image-preview:large","max-video-preview":"max-video-preview:-1"},"canonical":"https:\/\/pro.viljatuote.fi\/sv\/tuote\/teff-grynsgrot\/","og_locale":"sv_SE","og_type":"article","og_title":"Glutenfri Teff grynsgr\u00f6t | Virtasalmen Viljatuote F\u00f6retagsf\u00f6rs\u00e4ljning","og_description":"Glutenfri Teff grynsgr\u00f6t \u00e4r ett fiberrikt alternativ f\u00f6r att tillaga morgongr\u00f6t. B\u00e4sta gr\u00f6ten g\u00f6rs genom l\u00e5ngkok. F\u00f6rpackningsstorlekar 350 g och 20 kg.","og_url":"https:\/\/pro.viljatuote.fi\/sv\/tuote\/teff-grynsgrot\/","og_site_name":"Viljatuote Pro","article_modified_time":"2026-01-27T08:52:32+00:00","og_image":[{"width":1080,"height":1080,"url":"https:\/\/pro.viljatuote.fi\/wp-content\/uploads\/2025\/12\/2-8.png","type":"image\/png"}],"schema":{"@context":"https:\/\/schema.org","@graph":[{"@type":"WebPage","@id":"https:\/\/pro.viljatuote.fi\/sv\/tuote\/teff-grynsgrot\/","url":"https:\/\/pro.viljatuote.fi\/sv\/tuote\/teff-grynsgrot\/","name":"Glutenfri Teff grynsgr\u00f6t | Virtasalmen Viljatuote F\u00f6retagsf\u00f6rs\u00e4ljning","isPartOf":{"@id":"https:\/\/pro.viljatuote.fi\/sv\/#website"},"primaryImageOfPage":{"@id":"https:\/\/pro.viljatuote.fi\/sv\/tuote\/teff-grynsgrot\/#primaryimage"},"image":{"@id":"https:\/\/pro.viljatuote.fi\/sv\/tuote\/teff-grynsgrot\/#primaryimage"},"thumbnailUrl":"https:\/\/pro.viljatuote.fi\/wp-content\/uploads\/2025\/12\/2-8.png","datePublished":"2025-12-19T13:08:07+00:00","dateModified":"2026-01-27T08:52:32+00:00","description":"Glutenfri Teff grynsgr\u00f6t \u00e4r ett fiberrikt alternativ f\u00f6r att tillaga morgongr\u00f6t. B\u00e4sta gr\u00f6ten g\u00f6rs genom l\u00e5ngkok. F\u00f6rpackningsstorlekar 350 g och 20 kg.","breadcrumb":{"@id":"https:\/\/pro.viljatuote.fi\/sv\/tuote\/teff-grynsgrot\/#breadcrumb"},"inLanguage":"sv-SE","potentialAction":[{"@type":"ReadAction","target":["https:\/\/pro.viljatuote.fi\/sv\/tuote\/teff-grynsgrot\/"]}]},{"@type":"ImageObject","inLanguage":"sv-SE","@id":"https:\/\/pro.viljatuote.fi\/sv\/tuote\/teff-grynsgrot\/#primaryimage","url":"https:\/\/pro.viljatuote.fi\/wp-content\/uploads\/2025\/12\/2-8.png","contentUrl":"https:\/\/pro.viljatuote.fi\/wp-content\/uploads\/2025\/12\/2-8.png","width":1080,"height":1080,"caption":"Teff Grynsgr\u00f6t 350 g"},{"@type":"BreadcrumbList","@id":"https:\/\/pro.viljatuote.fi\/sv\/tuote\/teff-grynsgrot\/#breadcrumb","itemListElement":[{"@type":"ListItem","position":1,"name":"Hemsida","item":"https:\/\/pro.viljatuote.fi\/sv\/"},{"@type":"ListItem","position":2,"name":"Webbutik","item":"https:\/\/pro.viljatuote.fi\/sv\/butik\/"},{"@type":"ListItem","position":3,"name":"Teff grynsgr\u00f6t"}]},{"@type":"WebSite","@id":"https:\/\/pro.viljatuote.fi\/sv\/#website","url":"https:\/\/pro.viljatuote.fi\/sv\/","name":"Viljatuote Pro","description":"Verkkokauppa","publisher":{"@id":"https:\/\/pro.viljatuote.fi\/sv\/#organization"},"potentialAction":[{"@type":"SearchAction","target":{"@type":"EntryPoint","urlTemplate":"https:\/\/pro.viljatuote.fi\/sv\/?s={search_term_string}"},"query-input":{"@type":"PropertyValueSpecification","valueRequired":true,"valueName":"search_term_string"}}],"inLanguage":"sv-SE"},{"@type":"Organization","@id":"https:\/\/pro.viljatuote.fi\/sv\/#organization","name":"Virtasalmen Viljatuote","url":"https:\/\/pro.viljatuote.fi\/sv\/","logo":{"@type":"ImageObject","inLanguage":"sv-SE","@id":"https:\/\/pro.viljatuote.fi\/sv\/#\/schema\/logo\/image\/","url":"https:\/\/pro.viljatuote.fi\/wp-content\/uploads\/2025\/11\/Viljatuote-logo-GREEN.svg","contentUrl":"https:\/\/pro.viljatuote.fi\/wp-content\/uploads\/2025\/11\/Viljatuote-logo-GREEN.svg","width":245,"height":113,"caption":"Virtasalmen Viljatuote"},"image":{"@id":"https:\/\/pro.viljatuote.fi\/sv\/#\/schema\/logo\/image\/"}}]}},"taxonomy_info":{"product_cat":[{"value":170,"label":"Teff"}],"product_tag":[{"value":172,"label":"Fiberrik"},{"value":143,"label":"Glutenfri"},{"value":147,"label":"Glutenfri produktm\u00e4rkning"},{"value":173,"label":"Gryn"},{"value":171,"label":"Teff"}]},"featured_image_src_large":["https:\/\/pro.viljatuote.fi\/wp-content\/uploads\/2025\/12\/2-8-1024x1024.png",1024,1024,true],"author_info":[],"comment_info":"","_links":{"self":[{"href":"https:\/\/pro.viljatuote.fi\/sv\/wp-json\/wp\/v2\/product\/2272","targetHints":{"allow":["GET"]}}],"collection":[{"href":"https:\/\/pro.viljatuote.fi\/sv\/wp-json\/wp\/v2\/product"}],"about":[{"href":"https:\/\/pro.viljatuote.fi\/sv\/wp-json\/wp\/v2\/types\/product"}],"wp:featuredmedia":[{"embeddable":true,"href":"https:\/\/pro.viljatuote.fi\/sv\/wp-json\/wp\/v2\/media\/2273"}],"wp:attachment":[{"href":"https:\/\/pro.viljatuote.fi\/sv\/wp-json\/wp\/v2\/media?parent=2272"}],"wp:term":[{"taxonomy":"product_brand","embeddable":true,"href":"https:\/\/pro.viljatuote.fi\/sv\/wp-json\/wp\/v2\/product_brand?post=2272"},{"taxonomy":"product_cat","embeddable":true,"href":"https:\/\/pro.viljatuote.fi\/sv\/wp-json\/wp\/v2\/product_cat?post=2272"},{"taxonomy":"product_tag","embeddable":true,"href":"https:\/\/pro.viljatuote.fi\/sv\/wp-json\/wp\/v2\/product_tag?post=2272"}],"curies":[{"name":"wp","href":"https:\/\/api.w.org\/{rel}","templated":true}]}}