{"id":2284,"date":"2025-12-19T15:08:10","date_gmt":"2025-12-19T13:08:10","guid":{"rendered":"https:\/\/pro.viljatuote.fi\/tuote\/psyllium\/"},"modified":"2026-02-11T08:30:05","modified_gmt":"2026-02-11T06:30:05","slug":"psyllium","status":"publish","type":"product","link":"https:\/\/pro.viljatuote.fi\/sv\/tuote\/psyllium\/","title":{"rendered":"Psyllium"},"content":{"rendered":"","protected":false},"excerpt":{"rendered":"<p>H\u00f6gkvalitativt, 99-procentigt rent psylliumfiber f\u00f6r professionellt bruk. Finhetsgraden 100 garanterar utm\u00e4rkt v\u00e4tskebindning och j\u00e4mn konsistens. Perfekt tillsats i glutenfri bakning f\u00f6r att f\u00f6rb\u00e4ttra degens elasticitet, fuktighet och struktur. Neutral smak och l\u00e4tt att blanda. Kan inneh\u00e5lla sp\u00e5r av sesam eller senap.    <\/p>\n<p>\u2705 100 % naturligt bakhj\u00e4lpmedel<br \/>\n\u2705 fint, luktfritt och neutralsmakande pulver<br \/>\n\u2705 blandas enkelt, drygt<br \/>\n\u274c inga tillsatser eller konserveringsmedel, GMO-fri<\/p>\n<p>Ingredienser: 100 % psyllium.<\/p>\n","protected":false},"featured_media":2780,"template":"","meta":{"_acf_changed":false,"inline_featured_image":false,"_kad_blocks_custom_css":"","_kad_blocks_head_custom_js":"","_kad_blocks_body_custom_js":"","_kad_blocks_footer_custom_js":"","_kad_post_transparent":"","_kad_post_title":"","_kad_post_layout":"","_kad_post_sidebar_id":"","_kad_post_content_style":"","_kad_post_vertical_padding":"","_kad_post_feature":"","_kad_post_feature_position":"","_kad_post_header":false,"_kad_post_footer":false,"_kad_post_classname":""},"product_brand":[],"product_cat":[180],"product_tag":[182,143,147,181],"class_list":{"0":"post-2284","1":"product","2":"type-product","3":"status-publish","4":"has-post-thumbnail","6":"product_cat-psyllium","7":"product_tag-bakhjalpmedel","8":"product_tag-glutenfri","9":"product_tag-glutenfri-produktmarkning","10":"product_tag-psyllium","12":"first","13":"instock","14":"taxable","15":"shipping-taxable","16":"purchasable","17":"product-type-variable","18":"entry","19":"content-bg","20":"loop-entry"},"acf":[],"yoast_head":"<!-- This site is optimized with the Yoast SEO plugin v27.2 - https:\/\/yoast.com\/product\/yoast-seo-wordpress\/ -->\n<title>Glutenfritt Psyllium | Virtasalmen Viljatuote F\u00f6retagsf\u00f6rs\u00e4ljning<\/title>\n<meta name=\"description\" content=\"Glutenfritt Psyllium \u00e4r ett bakhj\u00e4lpmedel som anv\u00e4nds f\u00f6r att f\u00f6rb\u00e4ttra degens struktur och hanterbarhet. F\u00f6rpackningsstorlekar 100 g, 300 g och 25 kg.\" \/>\n<meta name=\"robots\" content=\"index, follow, max-snippet:-1, max-image-preview:large, max-video-preview:-1\" \/>\n<link rel=\"canonical\" href=\"https:\/\/pro.viljatuote.fi\/sv\/tuote\/psyllium\/\" \/>\n<meta property=\"og:locale\" content=\"sv_SE\" \/>\n<meta property=\"og:type\" content=\"article\" \/>\n<meta property=\"og:title\" content=\"Glutenfritt Psyllium | Virtasalmen Viljatuote F\u00f6retagsf\u00f6rs\u00e4ljning\" \/>\n<meta property=\"og:description\" content=\"Glutenfritt Psyllium \u00e4r ett bakhj\u00e4lpmedel som anv\u00e4nds f\u00f6r att f\u00f6rb\u00e4ttra degens struktur och hanterbarhet. F\u00f6rpackningsstorlekar 100 g, 300 g och 25 kg.\" \/>\n<meta property=\"og:url\" content=\"https:\/\/pro.viljatuote.fi\/sv\/tuote\/psyllium\/\" \/>\n<meta property=\"og:site_name\" content=\"Viljatuote Pro\" \/>\n<meta property=\"article:modified_time\" content=\"2026-02-11T06:30:05+00:00\" \/>\n<meta property=\"og:image\" content=\"https:\/\/pro.viljatuote.fi\/wp-content\/uploads\/2025\/12\/Uusi-100-g-Psyllium-800x800px.png\" \/>\n\t<meta property=\"og:image:width\" content=\"800\" \/>\n\t<meta property=\"og:image:height\" content=\"800\" \/>\n\t<meta property=\"og:image:type\" content=\"image\/png\" \/>\n<script type=\"application\/ld+json\" class=\"yoast-schema-graph\">{\"@context\":\"https:\/\/schema.org\",\"@graph\":[{\"@type\":\"WebPage\",\"@id\":\"https:\/\/pro.viljatuote.fi\/sv\/tuote\/psyllium\/\",\"url\":\"https:\/\/pro.viljatuote.fi\/sv\/tuote\/psyllium\/\",\"name\":\"Glutenfritt Psyllium | Virtasalmen Viljatuote F\u00f6retagsf\u00f6rs\u00e4ljning\",\"isPartOf\":{\"@id\":\"https:\/\/pro.viljatuote.fi\/sv\/#website\"},\"primaryImageOfPage\":{\"@id\":\"https:\/\/pro.viljatuote.fi\/sv\/tuote\/psyllium\/#primaryimage\"},\"image\":{\"@id\":\"https:\/\/pro.viljatuote.fi\/sv\/tuote\/psyllium\/#primaryimage\"},\"thumbnailUrl\":\"https:\/\/pro.viljatuote.fi\/wp-content\/uploads\/2025\/12\/Uusi-100-g-Psyllium-800x800px.png\",\"datePublished\":\"2025-12-19T13:08:10+00:00\",\"dateModified\":\"2026-02-11T06:30:05+00:00\",\"description\":\"Glutenfritt Psyllium \u00e4r ett bakhj\u00e4lpmedel som anv\u00e4nds f\u00f6r att f\u00f6rb\u00e4ttra degens struktur och hanterbarhet. F\u00f6rpackningsstorlekar 100 g, 300 g och 25 kg.\",\"breadcrumb\":{\"@id\":\"https:\/\/pro.viljatuote.fi\/sv\/tuote\/psyllium\/#breadcrumb\"},\"inLanguage\":\"sv-SE\",\"potentialAction\":[{\"@type\":\"ReadAction\",\"target\":[\"https:\/\/pro.viljatuote.fi\/sv\/tuote\/psyllium\/\"]}]},{\"@type\":\"ImageObject\",\"inLanguage\":\"sv-SE\",\"@id\":\"https:\/\/pro.viljatuote.fi\/sv\/tuote\/psyllium\/#primaryimage\",\"url\":\"https:\/\/pro.viljatuote.fi\/wp-content\/uploads\/2025\/12\/Uusi-100-g-Psyllium-800x800px.png\",\"contentUrl\":\"https:\/\/pro.viljatuote.fi\/wp-content\/uploads\/2025\/12\/Uusi-100-g-Psyllium-800x800px.png\",\"width\":800,\"height\":800,\"caption\":\"Spannm\u00e5lsprodukt 100 g Psyllium 800x800px\"},{\"@type\":\"BreadcrumbList\",\"@id\":\"https:\/\/pro.viljatuote.fi\/sv\/tuote\/psyllium\/#breadcrumb\",\"itemListElement\":[{\"@type\":\"ListItem\",\"position\":1,\"name\":\"Hemsida\",\"item\":\"https:\/\/pro.viljatuote.fi\/sv\/\"},{\"@type\":\"ListItem\",\"position\":2,\"name\":\"Webbutik\",\"item\":\"https:\/\/pro.viljatuote.fi\/sv\/butik\/\"},{\"@type\":\"ListItem\",\"position\":3,\"name\":\"Psyllium\"}]},{\"@type\":\"WebSite\",\"@id\":\"https:\/\/pro.viljatuote.fi\/sv\/#website\",\"url\":\"https:\/\/pro.viljatuote.fi\/sv\/\",\"name\":\"Viljatuote Pro\",\"description\":\"Verkkokauppa\",\"publisher\":{\"@id\":\"https:\/\/pro.viljatuote.fi\/sv\/#organization\"},\"potentialAction\":[{\"@type\":\"SearchAction\",\"target\":{\"@type\":\"EntryPoint\",\"urlTemplate\":\"https:\/\/pro.viljatuote.fi\/sv\/?s={search_term_string}\"},\"query-input\":{\"@type\":\"PropertyValueSpecification\",\"valueRequired\":true,\"valueName\":\"search_term_string\"}}],\"inLanguage\":\"sv-SE\"},{\"@type\":\"Organization\",\"@id\":\"https:\/\/pro.viljatuote.fi\/sv\/#organization\",\"name\":\"Virtasalmen Viljatuote\",\"url\":\"https:\/\/pro.viljatuote.fi\/sv\/\",\"logo\":{\"@type\":\"ImageObject\",\"inLanguage\":\"sv-SE\",\"@id\":\"https:\/\/pro.viljatuote.fi\/sv\/#\/schema\/logo\/image\/\",\"url\":\"https:\/\/pro.viljatuote.fi\/wp-content\/uploads\/2025\/11\/Viljatuote-logo-GREEN.svg\",\"contentUrl\":\"https:\/\/pro.viljatuote.fi\/wp-content\/uploads\/2025\/11\/Viljatuote-logo-GREEN.svg\",\"width\":245,\"height\":113,\"caption\":\"Virtasalmen Viljatuote\"},\"image\":{\"@id\":\"https:\/\/pro.viljatuote.fi\/sv\/#\/schema\/logo\/image\/\"}}]}<\/script>\n<!-- \/ Yoast SEO plugin. -->","yoast_head_json":{"title":"Glutenfritt Psyllium | Virtasalmen Viljatuote F\u00f6retagsf\u00f6rs\u00e4ljning","description":"Glutenfritt Psyllium \u00e4r ett bakhj\u00e4lpmedel som anv\u00e4nds f\u00f6r att f\u00f6rb\u00e4ttra degens struktur och hanterbarhet. F\u00f6rpackningsstorlekar 100 g, 300 g och 25 kg.","robots":{"index":"index","follow":"follow","max-snippet":"max-snippet:-1","max-image-preview":"max-image-preview:large","max-video-preview":"max-video-preview:-1"},"canonical":"https:\/\/pro.viljatuote.fi\/sv\/tuote\/psyllium\/","og_locale":"sv_SE","og_type":"article","og_title":"Glutenfritt Psyllium | Virtasalmen Viljatuote F\u00f6retagsf\u00f6rs\u00e4ljning","og_description":"Glutenfritt Psyllium \u00e4r ett bakhj\u00e4lpmedel som anv\u00e4nds f\u00f6r att f\u00f6rb\u00e4ttra degens struktur och hanterbarhet. F\u00f6rpackningsstorlekar 100 g, 300 g och 25 kg.","og_url":"https:\/\/pro.viljatuote.fi\/sv\/tuote\/psyllium\/","og_site_name":"Viljatuote Pro","article_modified_time":"2026-02-11T06:30:05+00:00","og_image":[{"width":800,"height":800,"url":"https:\/\/pro.viljatuote.fi\/wp-content\/uploads\/2025\/12\/Uusi-100-g-Psyllium-800x800px.png","type":"image\/png"}],"schema":{"@context":"https:\/\/schema.org","@graph":[{"@type":"WebPage","@id":"https:\/\/pro.viljatuote.fi\/sv\/tuote\/psyllium\/","url":"https:\/\/pro.viljatuote.fi\/sv\/tuote\/psyllium\/","name":"Glutenfritt Psyllium | Virtasalmen Viljatuote F\u00f6retagsf\u00f6rs\u00e4ljning","isPartOf":{"@id":"https:\/\/pro.viljatuote.fi\/sv\/#website"},"primaryImageOfPage":{"@id":"https:\/\/pro.viljatuote.fi\/sv\/tuote\/psyllium\/#primaryimage"},"image":{"@id":"https:\/\/pro.viljatuote.fi\/sv\/tuote\/psyllium\/#primaryimage"},"thumbnailUrl":"https:\/\/pro.viljatuote.fi\/wp-content\/uploads\/2025\/12\/Uusi-100-g-Psyllium-800x800px.png","datePublished":"2025-12-19T13:08:10+00:00","dateModified":"2026-02-11T06:30:05+00:00","description":"Glutenfritt Psyllium \u00e4r ett bakhj\u00e4lpmedel som anv\u00e4nds f\u00f6r att f\u00f6rb\u00e4ttra degens struktur och hanterbarhet. F\u00f6rpackningsstorlekar 100 g, 300 g och 25 kg.","breadcrumb":{"@id":"https:\/\/pro.viljatuote.fi\/sv\/tuote\/psyllium\/#breadcrumb"},"inLanguage":"sv-SE","potentialAction":[{"@type":"ReadAction","target":["https:\/\/pro.viljatuote.fi\/sv\/tuote\/psyllium\/"]}]},{"@type":"ImageObject","inLanguage":"sv-SE","@id":"https:\/\/pro.viljatuote.fi\/sv\/tuote\/psyllium\/#primaryimage","url":"https:\/\/pro.viljatuote.fi\/wp-content\/uploads\/2025\/12\/Uusi-100-g-Psyllium-800x800px.png","contentUrl":"https:\/\/pro.viljatuote.fi\/wp-content\/uploads\/2025\/12\/Uusi-100-g-Psyllium-800x800px.png","width":800,"height":800,"caption":"Spannm\u00e5lsprodukt 100 g Psyllium 800x800px"},{"@type":"BreadcrumbList","@id":"https:\/\/pro.viljatuote.fi\/sv\/tuote\/psyllium\/#breadcrumb","itemListElement":[{"@type":"ListItem","position":1,"name":"Hemsida","item":"https:\/\/pro.viljatuote.fi\/sv\/"},{"@type":"ListItem","position":2,"name":"Webbutik","item":"https:\/\/pro.viljatuote.fi\/sv\/butik\/"},{"@type":"ListItem","position":3,"name":"Psyllium"}]},{"@type":"WebSite","@id":"https:\/\/pro.viljatuote.fi\/sv\/#website","url":"https:\/\/pro.viljatuote.fi\/sv\/","name":"Viljatuote Pro","description":"Verkkokauppa","publisher":{"@id":"https:\/\/pro.viljatuote.fi\/sv\/#organization"},"potentialAction":[{"@type":"SearchAction","target":{"@type":"EntryPoint","urlTemplate":"https:\/\/pro.viljatuote.fi\/sv\/?s={search_term_string}"},"query-input":{"@type":"PropertyValueSpecification","valueRequired":true,"valueName":"search_term_string"}}],"inLanguage":"sv-SE"},{"@type":"Organization","@id":"https:\/\/pro.viljatuote.fi\/sv\/#organization","name":"Virtasalmen Viljatuote","url":"https:\/\/pro.viljatuote.fi\/sv\/","logo":{"@type":"ImageObject","inLanguage":"sv-SE","@id":"https:\/\/pro.viljatuote.fi\/sv\/#\/schema\/logo\/image\/","url":"https:\/\/pro.viljatuote.fi\/wp-content\/uploads\/2025\/11\/Viljatuote-logo-GREEN.svg","contentUrl":"https:\/\/pro.viljatuote.fi\/wp-content\/uploads\/2025\/11\/Viljatuote-logo-GREEN.svg","width":245,"height":113,"caption":"Virtasalmen Viljatuote"},"image":{"@id":"https:\/\/pro.viljatuote.fi\/sv\/#\/schema\/logo\/image\/"}}]}},"taxonomy_info":{"product_cat":[{"value":180,"label":"Psyllium"}],"product_tag":[{"value":182,"label":"Bakhj\u00e4lpmedel"},{"value":143,"label":"Glutenfri"},{"value":147,"label":"Glutenfri produktm\u00e4rkning"},{"value":181,"label":"Psyllium"}]},"featured_image_src_large":["https:\/\/pro.viljatuote.fi\/wp-content\/uploads\/2025\/12\/Uusi-100-g-Psyllium-800x800px.png",800,800,false],"author_info":[],"comment_info":"","_links":{"self":[{"href":"https:\/\/pro.viljatuote.fi\/sv\/wp-json\/wp\/v2\/product\/2284","targetHints":{"allow":["GET"]}}],"collection":[{"href":"https:\/\/pro.viljatuote.fi\/sv\/wp-json\/wp\/v2\/product"}],"about":[{"href":"https:\/\/pro.viljatuote.fi\/sv\/wp-json\/wp\/v2\/types\/product"}],"wp:featuredmedia":[{"embeddable":true,"href":"https:\/\/pro.viljatuote.fi\/sv\/wp-json\/wp\/v2\/media\/2780"}],"wp:attachment":[{"href":"https:\/\/pro.viljatuote.fi\/sv\/wp-json\/wp\/v2\/media?parent=2284"}],"wp:term":[{"taxonomy":"product_brand","embeddable":true,"href":"https:\/\/pro.viljatuote.fi\/sv\/wp-json\/wp\/v2\/product_brand?post=2284"},{"taxonomy":"product_cat","embeddable":true,"href":"https:\/\/pro.viljatuote.fi\/sv\/wp-json\/wp\/v2\/product_cat?post=2284"},{"taxonomy":"product_tag","embeddable":true,"href":"https:\/\/pro.viljatuote.fi\/sv\/wp-json\/wp\/v2\/product_tag?post=2284"}],"curies":[{"name":"wp","href":"https:\/\/api.w.org\/{rel}","templated":true}]}}