{"id":2290,"date":"2025-12-19T15:08:08","date_gmt":"2025-12-19T13:08:08","guid":{"rendered":"https:\/\/pro.viljatuote.fi\/tuote\/angad-liten-havreflinga\/"},"modified":"2026-01-27T10:52:28","modified_gmt":"2026-01-27T08:52:28","slug":"angad-liten-havreflinga","status":"publish","type":"product","link":"https:\/\/pro.viljatuote.fi\/sv\/tuote\/angad-liten-havreflinga\/","title":{"rendered":"\u00c5ngade Sm\u00e5 Havreflingor"},"content":{"rendered":"","protected":false},"excerpt":{"rendered":"<p>Glutenfria \u00c5ngade Sm\u00e5 Havreflingor tillverkade av finl\u00e4ndsk havre \u00e4r l\u00e4mpliga f\u00f6r traditionell gr\u00f6t och m\u00e5ngsidig bakning. V\u00e4rmebehandlingen f\u00f6rb\u00e4ttrar flingornas h\u00e5llbarhet. <\/p>\n<p>\u2705 mild smak och konsistens<br \/>\n\u2705 l\u00e4mplig f\u00f6r bakning och matlagning<br \/>\n\u2705 gr\u00f6t, br\u00f6d, pajer och muffins<br \/>\n\u274c inga tillsatser eller konserveringsmedel<\/p>\n<p><strong>Ingredienser:<\/strong> 100 % finl\u00e4ndsk havre.<\/p>\n","protected":false},"featured_media":577,"template":"","meta":{"_acf_changed":false,"inline_featured_image":false,"_kad_blocks_custom_css":"","_kad_blocks_head_custom_js":"","_kad_blocks_body_custom_js":"","_kad_blocks_footer_custom_js":"","_kad_post_transparent":"","_kad_post_title":"","_kad_post_layout":"","_kad_post_sidebar_id":"","_kad_post_content_style":"","_kad_post_vertical_padding":"","_kad_post_feature":"","_kad_post_feature_position":"","_kad_post_header":false,"_kad_post_footer":false,"_kad_post_classname":""},"product_brand":[],"product_cat":[176],"product_tag":[172,143,147,173,160],"class_list":{"0":"post-2290","1":"product","2":"type-product","3":"status-publish","4":"has-post-thumbnail","6":"product_cat-havre","7":"product_tag-fiberrik","8":"product_tag-glutenfri","9":"product_tag-glutenfri-produktmarkning","10":"product_tag-gryn-2","11":"product_tag-havre","13":"first","14":"instock","15":"taxable","16":"shipping-taxable","17":"purchasable","18":"product-type-variable","19":"entry","20":"content-bg","21":"loop-entry"},"acf":[],"yoast_head":"<!-- This site is optimized with the Yoast SEO plugin v27.2 - https:\/\/yoast.com\/product\/yoast-seo-wordpress\/ -->\n<title>Glutenfri Liten Havreflinga | Virtasalmen Viljatuote F\u00f6retagsf\u00f6rs\u00e4ljning<\/title>\n<meta name=\"description\" content=\"Glutenfria \u00c5ngade Sm\u00e5 Havreflingor passar till gr\u00f6t, bakning och matlagning. V\u00e4rmebehandlingen \u00f6kar h\u00e5llbarheten. F\u00f6rpackningsstorlekar 1 kg, 3 kg och 15 kg.\" \/>\n<meta name=\"robots\" content=\"index, follow, max-snippet:-1, max-image-preview:large, max-video-preview:-1\" \/>\n<link rel=\"canonical\" href=\"https:\/\/pro.viljatuote.fi\/sv\/tuote\/angad-liten-havreflinga\/\" \/>\n<meta property=\"og:locale\" content=\"sv_SE\" \/>\n<meta property=\"og:type\" content=\"article\" \/>\n<meta property=\"og:title\" content=\"Glutenfri Liten Havreflinga | Virtasalmen Viljatuote F\u00f6retagsf\u00f6rs\u00e4ljning\" \/>\n<meta property=\"og:description\" content=\"Glutenfria \u00c5ngade Sm\u00e5 Havreflingor passar till gr\u00f6t, bakning och matlagning. V\u00e4rmebehandlingen \u00f6kar h\u00e5llbarheten. F\u00f6rpackningsstorlekar 1 kg, 3 kg och 15 kg.\" \/>\n<meta property=\"og:url\" content=\"https:\/\/pro.viljatuote.fi\/sv\/tuote\/angad-liten-havreflinga\/\" \/>\n<meta property=\"og:site_name\" content=\"Viljatuote Pro\" \/>\n<meta property=\"article:modified_time\" content=\"2026-01-27T08:52:28+00:00\" \/>\n<meta property=\"og:image\" content=\"https:\/\/pro.viljatuote.fi\/wp-content\/uploads\/2025\/12\/2-7.png\" \/>\n\t<meta property=\"og:image:width\" content=\"1080\" \/>\n\t<meta property=\"og:image:height\" content=\"1080\" \/>\n\t<meta property=\"og:image:type\" content=\"image\/png\" \/>\n<script type=\"application\/ld+json\" class=\"yoast-schema-graph\">{\"@context\":\"https:\/\/schema.org\",\"@graph\":[{\"@type\":\"WebPage\",\"@id\":\"https:\/\/pro.viljatuote.fi\/sv\/tuote\/angad-liten-havreflinga\/\",\"url\":\"https:\/\/pro.viljatuote.fi\/sv\/tuote\/angad-liten-havreflinga\/\",\"name\":\"Glutenfri Liten Havreflinga | Virtasalmen Viljatuote F\u00f6retagsf\u00f6rs\u00e4ljning\",\"isPartOf\":{\"@id\":\"https:\/\/pro.viljatuote.fi\/sv\/#website\"},\"primaryImageOfPage\":{\"@id\":\"https:\/\/pro.viljatuote.fi\/sv\/tuote\/angad-liten-havreflinga\/#primaryimage\"},\"image\":{\"@id\":\"https:\/\/pro.viljatuote.fi\/sv\/tuote\/angad-liten-havreflinga\/#primaryimage\"},\"thumbnailUrl\":\"https:\/\/pro.viljatuote.fi\/wp-content\/uploads\/2025\/12\/2-7.png\",\"datePublished\":\"2025-12-19T13:08:08+00:00\",\"dateModified\":\"2026-01-27T08:52:28+00:00\",\"description\":\"Glutenfria \u00c5ngade Sm\u00e5 Havreflingor passar till gr\u00f6t, bakning och matlagning. V\u00e4rmebehandlingen \u00f6kar h\u00e5llbarheten. F\u00f6rpackningsstorlekar 1 kg, 3 kg och 15 kg.\",\"breadcrumb\":{\"@id\":\"https:\/\/pro.viljatuote.fi\/sv\/tuote\/angad-liten-havreflinga\/#breadcrumb\"},\"inLanguage\":\"sv-SE\",\"potentialAction\":[{\"@type\":\"ReadAction\",\"target\":[\"https:\/\/pro.viljatuote.fi\/sv\/tuote\/angad-liten-havreflinga\/\"]}]},{\"@type\":\"ImageObject\",\"inLanguage\":\"sv-SE\",\"@id\":\"https:\/\/pro.viljatuote.fi\/sv\/tuote\/angad-liten-havreflinga\/#primaryimage\",\"url\":\"https:\/\/pro.viljatuote.fi\/wp-content\/uploads\/2025\/12\/2-7.png\",\"contentUrl\":\"https:\/\/pro.viljatuote.fi\/wp-content\/uploads\/2025\/12\/2-7.png\",\"width\":1080,\"height\":1080},{\"@type\":\"BreadcrumbList\",\"@id\":\"https:\/\/pro.viljatuote.fi\/sv\/tuote\/angad-liten-havreflinga\/#breadcrumb\",\"itemListElement\":[{\"@type\":\"ListItem\",\"position\":1,\"name\":\"Hemsida\",\"item\":\"https:\/\/pro.viljatuote.fi\/sv\/\"},{\"@type\":\"ListItem\",\"position\":2,\"name\":\"Webbutik\",\"item\":\"https:\/\/pro.viljatuote.fi\/sv\/butik\/\"},{\"@type\":\"ListItem\",\"position\":3,\"name\":\"\u00c5ngade Sm\u00e5 Havreflingor\"}]},{\"@type\":\"WebSite\",\"@id\":\"https:\/\/pro.viljatuote.fi\/sv\/#website\",\"url\":\"https:\/\/pro.viljatuote.fi\/sv\/\",\"name\":\"Viljatuote Pro\",\"description\":\"Verkkokauppa\",\"publisher\":{\"@id\":\"https:\/\/pro.viljatuote.fi\/sv\/#organization\"},\"potentialAction\":[{\"@type\":\"SearchAction\",\"target\":{\"@type\":\"EntryPoint\",\"urlTemplate\":\"https:\/\/pro.viljatuote.fi\/sv\/?s={search_term_string}\"},\"query-input\":{\"@type\":\"PropertyValueSpecification\",\"valueRequired\":true,\"valueName\":\"search_term_string\"}}],\"inLanguage\":\"sv-SE\"},{\"@type\":\"Organization\",\"@id\":\"https:\/\/pro.viljatuote.fi\/sv\/#organization\",\"name\":\"Virtasalmen Viljatuote\",\"url\":\"https:\/\/pro.viljatuote.fi\/sv\/\",\"logo\":{\"@type\":\"ImageObject\",\"inLanguage\":\"sv-SE\",\"@id\":\"https:\/\/pro.viljatuote.fi\/sv\/#\/schema\/logo\/image\/\",\"url\":\"https:\/\/pro.viljatuote.fi\/wp-content\/uploads\/2025\/11\/Viljatuote-logo-GREEN.svg\",\"contentUrl\":\"https:\/\/pro.viljatuote.fi\/wp-content\/uploads\/2025\/11\/Viljatuote-logo-GREEN.svg\",\"width\":245,\"height\":113,\"caption\":\"Virtasalmen Viljatuote\"},\"image\":{\"@id\":\"https:\/\/pro.viljatuote.fi\/sv\/#\/schema\/logo\/image\/\"}}]}<\/script>\n<!-- \/ Yoast SEO plugin. -->","yoast_head_json":{"title":"Glutenfri Liten Havreflinga | Virtasalmen Viljatuote F\u00f6retagsf\u00f6rs\u00e4ljning","description":"Glutenfria \u00c5ngade Sm\u00e5 Havreflingor passar till gr\u00f6t, bakning och matlagning. V\u00e4rmebehandlingen \u00f6kar h\u00e5llbarheten. F\u00f6rpackningsstorlekar 1 kg, 3 kg och 15 kg.","robots":{"index":"index","follow":"follow","max-snippet":"max-snippet:-1","max-image-preview":"max-image-preview:large","max-video-preview":"max-video-preview:-1"},"canonical":"https:\/\/pro.viljatuote.fi\/sv\/tuote\/angad-liten-havreflinga\/","og_locale":"sv_SE","og_type":"article","og_title":"Glutenfri Liten Havreflinga | Virtasalmen Viljatuote F\u00f6retagsf\u00f6rs\u00e4ljning","og_description":"Glutenfria \u00c5ngade Sm\u00e5 Havreflingor passar till gr\u00f6t, bakning och matlagning. V\u00e4rmebehandlingen \u00f6kar h\u00e5llbarheten. F\u00f6rpackningsstorlekar 1 kg, 3 kg och 15 kg.","og_url":"https:\/\/pro.viljatuote.fi\/sv\/tuote\/angad-liten-havreflinga\/","og_site_name":"Viljatuote Pro","article_modified_time":"2026-01-27T08:52:28+00:00","og_image":[{"width":1080,"height":1080,"url":"https:\/\/pro.viljatuote.fi\/wp-content\/uploads\/2025\/12\/2-7.png","type":"image\/png"}],"schema":{"@context":"https:\/\/schema.org","@graph":[{"@type":"WebPage","@id":"https:\/\/pro.viljatuote.fi\/sv\/tuote\/angad-liten-havreflinga\/","url":"https:\/\/pro.viljatuote.fi\/sv\/tuote\/angad-liten-havreflinga\/","name":"Glutenfri Liten Havreflinga | Virtasalmen Viljatuote F\u00f6retagsf\u00f6rs\u00e4ljning","isPartOf":{"@id":"https:\/\/pro.viljatuote.fi\/sv\/#website"},"primaryImageOfPage":{"@id":"https:\/\/pro.viljatuote.fi\/sv\/tuote\/angad-liten-havreflinga\/#primaryimage"},"image":{"@id":"https:\/\/pro.viljatuote.fi\/sv\/tuote\/angad-liten-havreflinga\/#primaryimage"},"thumbnailUrl":"https:\/\/pro.viljatuote.fi\/wp-content\/uploads\/2025\/12\/2-7.png","datePublished":"2025-12-19T13:08:08+00:00","dateModified":"2026-01-27T08:52:28+00:00","description":"Glutenfria \u00c5ngade Sm\u00e5 Havreflingor passar till gr\u00f6t, bakning och matlagning. V\u00e4rmebehandlingen \u00f6kar h\u00e5llbarheten. F\u00f6rpackningsstorlekar 1 kg, 3 kg och 15 kg.","breadcrumb":{"@id":"https:\/\/pro.viljatuote.fi\/sv\/tuote\/angad-liten-havreflinga\/#breadcrumb"},"inLanguage":"sv-SE","potentialAction":[{"@type":"ReadAction","target":["https:\/\/pro.viljatuote.fi\/sv\/tuote\/angad-liten-havreflinga\/"]}]},{"@type":"ImageObject","inLanguage":"sv-SE","@id":"https:\/\/pro.viljatuote.fi\/sv\/tuote\/angad-liten-havreflinga\/#primaryimage","url":"https:\/\/pro.viljatuote.fi\/wp-content\/uploads\/2025\/12\/2-7.png","contentUrl":"https:\/\/pro.viljatuote.fi\/wp-content\/uploads\/2025\/12\/2-7.png","width":1080,"height":1080},{"@type":"BreadcrumbList","@id":"https:\/\/pro.viljatuote.fi\/sv\/tuote\/angad-liten-havreflinga\/#breadcrumb","itemListElement":[{"@type":"ListItem","position":1,"name":"Hemsida","item":"https:\/\/pro.viljatuote.fi\/sv\/"},{"@type":"ListItem","position":2,"name":"Webbutik","item":"https:\/\/pro.viljatuote.fi\/sv\/butik\/"},{"@type":"ListItem","position":3,"name":"\u00c5ngade Sm\u00e5 Havreflingor"}]},{"@type":"WebSite","@id":"https:\/\/pro.viljatuote.fi\/sv\/#website","url":"https:\/\/pro.viljatuote.fi\/sv\/","name":"Viljatuote Pro","description":"Verkkokauppa","publisher":{"@id":"https:\/\/pro.viljatuote.fi\/sv\/#organization"},"potentialAction":[{"@type":"SearchAction","target":{"@type":"EntryPoint","urlTemplate":"https:\/\/pro.viljatuote.fi\/sv\/?s={search_term_string}"},"query-input":{"@type":"PropertyValueSpecification","valueRequired":true,"valueName":"search_term_string"}}],"inLanguage":"sv-SE"},{"@type":"Organization","@id":"https:\/\/pro.viljatuote.fi\/sv\/#organization","name":"Virtasalmen Viljatuote","url":"https:\/\/pro.viljatuote.fi\/sv\/","logo":{"@type":"ImageObject","inLanguage":"sv-SE","@id":"https:\/\/pro.viljatuote.fi\/sv\/#\/schema\/logo\/image\/","url":"https:\/\/pro.viljatuote.fi\/wp-content\/uploads\/2025\/11\/Viljatuote-logo-GREEN.svg","contentUrl":"https:\/\/pro.viljatuote.fi\/wp-content\/uploads\/2025\/11\/Viljatuote-logo-GREEN.svg","width":245,"height":113,"caption":"Virtasalmen Viljatuote"},"image":{"@id":"https:\/\/pro.viljatuote.fi\/sv\/#\/schema\/logo\/image\/"}}]}},"taxonomy_info":{"product_cat":[{"value":176,"label":"Havre"}],"product_tag":[{"value":172,"label":"Fiberrik"},{"value":143,"label":"Glutenfri"},{"value":147,"label":"Glutenfri produktm\u00e4rkning"},{"value":173,"label":"Gryn"},{"value":160,"label":"Havre"}]},"featured_image_src_large":["https:\/\/pro.viljatuote.fi\/wp-content\/uploads\/2025\/12\/2-7-1024x1024.png",1024,1024,true],"author_info":[],"comment_info":"","_links":{"self":[{"href":"https:\/\/pro.viljatuote.fi\/sv\/wp-json\/wp\/v2\/product\/2290","targetHints":{"allow":["GET"]}}],"collection":[{"href":"https:\/\/pro.viljatuote.fi\/sv\/wp-json\/wp\/v2\/product"}],"about":[{"href":"https:\/\/pro.viljatuote.fi\/sv\/wp-json\/wp\/v2\/types\/product"}],"wp:featuredmedia":[{"embeddable":true,"href":"https:\/\/pro.viljatuote.fi\/sv\/wp-json\/wp\/v2\/media\/577"}],"wp:attachment":[{"href":"https:\/\/pro.viljatuote.fi\/sv\/wp-json\/wp\/v2\/media?parent=2290"}],"wp:term":[{"taxonomy":"product_brand","embeddable":true,"href":"https:\/\/pro.viljatuote.fi\/sv\/wp-json\/wp\/v2\/product_brand?post=2290"},{"taxonomy":"product_cat","embeddable":true,"href":"https:\/\/pro.viljatuote.fi\/sv\/wp-json\/wp\/v2\/product_cat?post=2290"},{"taxonomy":"product_tag","embeddable":true,"href":"https:\/\/pro.viljatuote.fi\/sv\/wp-json\/wp\/v2\/product_tag?post=2290"}],"curies":[{"name":"wp","href":"https:\/\/api.w.org\/{rel}","templated":true}]}}