{"id":2388,"date":"2025-12-19T15:07:59","date_gmt":"2025-12-19T13:07:59","guid":{"rendered":"https:\/\/pro.viljatuote.fi\/tuote\/bullmjolmix\/"},"modified":"2026-02-03T15:49:31","modified_gmt":"2026-02-03T13:49:31","slug":"bullmjolmix","status":"publish","type":"product","link":"https:\/\/pro.viljatuote.fi\/sv\/tuote\/bullmjolmix\/","title":{"rendered":"Mj\u00f6lblandning f\u00f6r Bullar"},"content":{"rendered":"","protected":false},"excerpt":{"rendered":"<p>En mj\u00f6lmix speciellt utvecklad f\u00f6r bulldegar, som fungerar som ett m\u00e5ngsidigt och bovetefritt, ljust universalmj\u00f6l f\u00f6r glutenfri bakning. Mj\u00f6lmixen inneh\u00e5ller inga kryddor. <\/p>\n<p>\u2705 passar m\u00e5ngsidigt f\u00f6r bakning av ljusa bakverk<br \/>\n\u2705 s\u00f6ta produkter: bullar, l\u00e4ngder, munkar<br \/>\n\u2705 salta pajer och pizzor<br \/>\n\u274c ingen vetest\u00e4rkelse, inga tillsatser eller konserveringsmedel<\/p>\n<p><strong>Ingredienser:<\/strong> rismj\u00f6l, m\u00f6rkt fullkornsrismj\u00f6l, majsmj\u00f6l (GMO-fritt), potatismj\u00f6l och psyllium.<\/p>\n","protected":false},"featured_media":2389,"template":"","meta":{"_acf_changed":false,"inline_featured_image":false,"_kad_blocks_custom_css":"","_kad_blocks_head_custom_js":"","_kad_blocks_body_custom_js":"","_kad_blocks_footer_custom_js":"","_kad_post_transparent":"default","_kad_post_title":"","_kad_post_layout":"default","_kad_post_sidebar_id":"","_kad_post_content_style":"default","_kad_post_vertical_padding":"default","_kad_post_feature":"","_kad_post_feature_position":"","_kad_post_header":false,"_kad_post_footer":false,"_kad_post_classname":""},"product_brand":[],"product_cat":[146],"product_tag":[143,147,148],"class_list":{"0":"post-2388","1":"product","2":"type-product","3":"status-publish","4":"has-post-thumbnail","6":"product_cat-mjolmixer","7":"product_tag-glutenfri","8":"product_tag-glutenfri-produktmarkning","9":"product_tag-mjolmix","11":"first","12":"instock","13":"taxable","14":"shipping-taxable","15":"purchasable","16":"product-type-variable","17":"entry","18":"content-bg","19":"loop-entry"},"acf":[],"yoast_head":"<!-- This site is optimized with the Yoast SEO plugin v27.2 - https:\/\/yoast.com\/product\/yoast-seo-wordpress\/ -->\n<title>Glutenfri Mj\u00f6lblandning f\u00f6r Bullar | Viljatuote F\u00f6retagsf\u00f6rs\u00e4ljning<\/title>\n<meta name=\"description\" content=\"Glutenfri Mj\u00f6lblandning f\u00f6r Bullar \u00e4r en popul\u00e4r ljus, os\u00f6tad mj\u00f6lblandning f\u00f6r bakning av ljusa bakverk. F\u00f6rpackningsstorlekar 500 g, 3 kg och 25 kg.\" \/>\n<meta name=\"robots\" content=\"index, follow, max-snippet:-1, max-image-preview:large, max-video-preview:-1\" \/>\n<link rel=\"canonical\" href=\"https:\/\/pro.viljatuote.fi\/sv\/tuote\/bullmjolmix\/\" \/>\n<meta property=\"og:locale\" content=\"sv_SE\" \/>\n<meta property=\"og:type\" content=\"article\" \/>\n<meta property=\"og:title\" content=\"Glutenfri Mj\u00f6lblandning f\u00f6r Bullar | Viljatuote F\u00f6retagsf\u00f6rs\u00e4ljning\" \/>\n<meta property=\"og:description\" content=\"Glutenfri Mj\u00f6lblandning f\u00f6r Bullar \u00e4r en popul\u00e4r ljus, os\u00f6tad mj\u00f6lblandning f\u00f6r bakning av ljusa bakverk. F\u00f6rpackningsstorlekar 500 g, 3 kg och 25 kg.\" \/>\n<meta property=\"og:url\" content=\"https:\/\/pro.viljatuote.fi\/sv\/tuote\/bullmjolmix\/\" \/>\n<meta property=\"og:site_name\" content=\"Viljatuote Pro\" \/>\n<meta property=\"article:modified_time\" content=\"2026-02-03T13:49:31+00:00\" \/>\n<meta property=\"og:image\" content=\"https:\/\/pro.viljatuote.fi\/wp-content\/uploads\/2025\/12\/2-20.png\" \/>\n\t<meta property=\"og:image:width\" content=\"800\" \/>\n\t<meta property=\"og:image:height\" content=\"800\" \/>\n\t<meta property=\"og:image:type\" content=\"image\/png\" \/>\n<script type=\"application\/ld+json\" class=\"yoast-schema-graph\">{\"@context\":\"https:\/\/schema.org\",\"@graph\":[{\"@type\":\"WebPage\",\"@id\":\"https:\/\/pro.viljatuote.fi\/sv\/tuote\/bullmjolmix\/\",\"url\":\"https:\/\/pro.viljatuote.fi\/sv\/tuote\/bullmjolmix\/\",\"name\":\"Glutenfri Mj\u00f6lblandning f\u00f6r Bullar | Viljatuote F\u00f6retagsf\u00f6rs\u00e4ljning\",\"isPartOf\":{\"@id\":\"https:\/\/pro.viljatuote.fi\/sv\/#website\"},\"primaryImageOfPage\":{\"@id\":\"https:\/\/pro.viljatuote.fi\/sv\/tuote\/bullmjolmix\/#primaryimage\"},\"image\":{\"@id\":\"https:\/\/pro.viljatuote.fi\/sv\/tuote\/bullmjolmix\/#primaryimage\"},\"thumbnailUrl\":\"https:\/\/pro.viljatuote.fi\/wp-content\/uploads\/2025\/12\/2-20.png\",\"datePublished\":\"2025-12-19T13:07:59+00:00\",\"dateModified\":\"2026-02-03T13:49:31+00:00\",\"description\":\"Glutenfri Mj\u00f6lblandning f\u00f6r Bullar \u00e4r en popul\u00e4r ljus, os\u00f6tad mj\u00f6lblandning f\u00f6r bakning av ljusa bakverk. F\u00f6rpackningsstorlekar 500 g, 3 kg och 25 kg.\",\"breadcrumb\":{\"@id\":\"https:\/\/pro.viljatuote.fi\/sv\/tuote\/bullmjolmix\/#breadcrumb\"},\"inLanguage\":\"sv-SE\",\"potentialAction\":[{\"@type\":\"ReadAction\",\"target\":[\"https:\/\/pro.viljatuote.fi\/sv\/tuote\/bullmjolmix\/\"]}]},{\"@type\":\"ImageObject\",\"inLanguage\":\"sv-SE\",\"@id\":\"https:\/\/pro.viljatuote.fi\/sv\/tuote\/bullmjolmix\/#primaryimage\",\"url\":\"https:\/\/pro.viljatuote.fi\/wp-content\/uploads\/2025\/12\/2-20.png\",\"contentUrl\":\"https:\/\/pro.viljatuote.fi\/wp-content\/uploads\/2025\/12\/2-20.png\",\"width\":800,\"height\":800,\"caption\":\"Viljatuote Glutenfri Mj\u00f6lblandning f\u00f6r Bullar 500 g\"},{\"@type\":\"BreadcrumbList\",\"@id\":\"https:\/\/pro.viljatuote.fi\/sv\/tuote\/bullmjolmix\/#breadcrumb\",\"itemListElement\":[{\"@type\":\"ListItem\",\"position\":1,\"name\":\"Hemsida\",\"item\":\"https:\/\/pro.viljatuote.fi\/sv\/\"},{\"@type\":\"ListItem\",\"position\":2,\"name\":\"Webbutik\",\"item\":\"https:\/\/pro.viljatuote.fi\/sv\/butik\/\"},{\"@type\":\"ListItem\",\"position\":3,\"name\":\"Mj\u00f6lblandning f\u00f6r Bullar\"}]},{\"@type\":\"WebSite\",\"@id\":\"https:\/\/pro.viljatuote.fi\/sv\/#website\",\"url\":\"https:\/\/pro.viljatuote.fi\/sv\/\",\"name\":\"Viljatuote Pro\",\"description\":\"Verkkokauppa\",\"publisher\":{\"@id\":\"https:\/\/pro.viljatuote.fi\/sv\/#organization\"},\"potentialAction\":[{\"@type\":\"SearchAction\",\"target\":{\"@type\":\"EntryPoint\",\"urlTemplate\":\"https:\/\/pro.viljatuote.fi\/sv\/?s={search_term_string}\"},\"query-input\":{\"@type\":\"PropertyValueSpecification\",\"valueRequired\":true,\"valueName\":\"search_term_string\"}}],\"inLanguage\":\"sv-SE\"},{\"@type\":\"Organization\",\"@id\":\"https:\/\/pro.viljatuote.fi\/sv\/#organization\",\"name\":\"Virtasalmen Viljatuote\",\"url\":\"https:\/\/pro.viljatuote.fi\/sv\/\",\"logo\":{\"@type\":\"ImageObject\",\"inLanguage\":\"sv-SE\",\"@id\":\"https:\/\/pro.viljatuote.fi\/sv\/#\/schema\/logo\/image\/\",\"url\":\"https:\/\/pro.viljatuote.fi\/wp-content\/uploads\/2025\/11\/Viljatuote-logo-GREEN.svg\",\"contentUrl\":\"https:\/\/pro.viljatuote.fi\/wp-content\/uploads\/2025\/11\/Viljatuote-logo-GREEN.svg\",\"width\":245,\"height\":113,\"caption\":\"Virtasalmen Viljatuote\"},\"image\":{\"@id\":\"https:\/\/pro.viljatuote.fi\/sv\/#\/schema\/logo\/image\/\"}}]}<\/script>\n<!-- \/ Yoast SEO plugin. -->","yoast_head_json":{"title":"Glutenfri Mj\u00f6lblandning f\u00f6r Bullar | Viljatuote F\u00f6retagsf\u00f6rs\u00e4ljning","description":"Glutenfri Mj\u00f6lblandning f\u00f6r Bullar \u00e4r en popul\u00e4r ljus, os\u00f6tad mj\u00f6lblandning f\u00f6r bakning av ljusa bakverk. F\u00f6rpackningsstorlekar 500 g, 3 kg och 25 kg.","robots":{"index":"index","follow":"follow","max-snippet":"max-snippet:-1","max-image-preview":"max-image-preview:large","max-video-preview":"max-video-preview:-1"},"canonical":"https:\/\/pro.viljatuote.fi\/sv\/tuote\/bullmjolmix\/","og_locale":"sv_SE","og_type":"article","og_title":"Glutenfri Mj\u00f6lblandning f\u00f6r Bullar | Viljatuote F\u00f6retagsf\u00f6rs\u00e4ljning","og_description":"Glutenfri Mj\u00f6lblandning f\u00f6r Bullar \u00e4r en popul\u00e4r ljus, os\u00f6tad mj\u00f6lblandning f\u00f6r bakning av ljusa bakverk. F\u00f6rpackningsstorlekar 500 g, 3 kg och 25 kg.","og_url":"https:\/\/pro.viljatuote.fi\/sv\/tuote\/bullmjolmix\/","og_site_name":"Viljatuote Pro","article_modified_time":"2026-02-03T13:49:31+00:00","og_image":[{"width":800,"height":800,"url":"https:\/\/pro.viljatuote.fi\/wp-content\/uploads\/2025\/12\/2-20.png","type":"image\/png"}],"schema":{"@context":"https:\/\/schema.org","@graph":[{"@type":"WebPage","@id":"https:\/\/pro.viljatuote.fi\/sv\/tuote\/bullmjolmix\/","url":"https:\/\/pro.viljatuote.fi\/sv\/tuote\/bullmjolmix\/","name":"Glutenfri Mj\u00f6lblandning f\u00f6r Bullar | Viljatuote F\u00f6retagsf\u00f6rs\u00e4ljning","isPartOf":{"@id":"https:\/\/pro.viljatuote.fi\/sv\/#website"},"primaryImageOfPage":{"@id":"https:\/\/pro.viljatuote.fi\/sv\/tuote\/bullmjolmix\/#primaryimage"},"image":{"@id":"https:\/\/pro.viljatuote.fi\/sv\/tuote\/bullmjolmix\/#primaryimage"},"thumbnailUrl":"https:\/\/pro.viljatuote.fi\/wp-content\/uploads\/2025\/12\/2-20.png","datePublished":"2025-12-19T13:07:59+00:00","dateModified":"2026-02-03T13:49:31+00:00","description":"Glutenfri Mj\u00f6lblandning f\u00f6r Bullar \u00e4r en popul\u00e4r ljus, os\u00f6tad mj\u00f6lblandning f\u00f6r bakning av ljusa bakverk. F\u00f6rpackningsstorlekar 500 g, 3 kg och 25 kg.","breadcrumb":{"@id":"https:\/\/pro.viljatuote.fi\/sv\/tuote\/bullmjolmix\/#breadcrumb"},"inLanguage":"sv-SE","potentialAction":[{"@type":"ReadAction","target":["https:\/\/pro.viljatuote.fi\/sv\/tuote\/bullmjolmix\/"]}]},{"@type":"ImageObject","inLanguage":"sv-SE","@id":"https:\/\/pro.viljatuote.fi\/sv\/tuote\/bullmjolmix\/#primaryimage","url":"https:\/\/pro.viljatuote.fi\/wp-content\/uploads\/2025\/12\/2-20.png","contentUrl":"https:\/\/pro.viljatuote.fi\/wp-content\/uploads\/2025\/12\/2-20.png","width":800,"height":800,"caption":"Viljatuote Glutenfri Mj\u00f6lblandning f\u00f6r Bullar 500 g"},{"@type":"BreadcrumbList","@id":"https:\/\/pro.viljatuote.fi\/sv\/tuote\/bullmjolmix\/#breadcrumb","itemListElement":[{"@type":"ListItem","position":1,"name":"Hemsida","item":"https:\/\/pro.viljatuote.fi\/sv\/"},{"@type":"ListItem","position":2,"name":"Webbutik","item":"https:\/\/pro.viljatuote.fi\/sv\/butik\/"},{"@type":"ListItem","position":3,"name":"Mj\u00f6lblandning f\u00f6r Bullar"}]},{"@type":"WebSite","@id":"https:\/\/pro.viljatuote.fi\/sv\/#website","url":"https:\/\/pro.viljatuote.fi\/sv\/","name":"Viljatuote Pro","description":"Verkkokauppa","publisher":{"@id":"https:\/\/pro.viljatuote.fi\/sv\/#organization"},"potentialAction":[{"@type":"SearchAction","target":{"@type":"EntryPoint","urlTemplate":"https:\/\/pro.viljatuote.fi\/sv\/?s={search_term_string}"},"query-input":{"@type":"PropertyValueSpecification","valueRequired":true,"valueName":"search_term_string"}}],"inLanguage":"sv-SE"},{"@type":"Organization","@id":"https:\/\/pro.viljatuote.fi\/sv\/#organization","name":"Virtasalmen Viljatuote","url":"https:\/\/pro.viljatuote.fi\/sv\/","logo":{"@type":"ImageObject","inLanguage":"sv-SE","@id":"https:\/\/pro.viljatuote.fi\/sv\/#\/schema\/logo\/image\/","url":"https:\/\/pro.viljatuote.fi\/wp-content\/uploads\/2025\/11\/Viljatuote-logo-GREEN.svg","contentUrl":"https:\/\/pro.viljatuote.fi\/wp-content\/uploads\/2025\/11\/Viljatuote-logo-GREEN.svg","width":245,"height":113,"caption":"Virtasalmen Viljatuote"},"image":{"@id":"https:\/\/pro.viljatuote.fi\/sv\/#\/schema\/logo\/image\/"}}]}},"taxonomy_info":{"product_cat":[{"value":146,"label":"Mj\u00f6lmixer"}],"product_tag":[{"value":143,"label":"Glutenfri"},{"value":147,"label":"Glutenfri produktm\u00e4rkning"},{"value":148,"label":"Mj\u00f6lmix"}]},"featured_image_src_large":["https:\/\/pro.viljatuote.fi\/wp-content\/uploads\/2025\/12\/2-20.png",800,800,false],"author_info":[],"comment_info":"","_links":{"self":[{"href":"https:\/\/pro.viljatuote.fi\/sv\/wp-json\/wp\/v2\/product\/2388","targetHints":{"allow":["GET"]}}],"collection":[{"href":"https:\/\/pro.viljatuote.fi\/sv\/wp-json\/wp\/v2\/product"}],"about":[{"href":"https:\/\/pro.viljatuote.fi\/sv\/wp-json\/wp\/v2\/types\/product"}],"wp:featuredmedia":[{"embeddable":true,"href":"https:\/\/pro.viljatuote.fi\/sv\/wp-json\/wp\/v2\/media\/2389"}],"wp:attachment":[{"href":"https:\/\/pro.viljatuote.fi\/sv\/wp-json\/wp\/v2\/media?parent=2388"}],"wp:term":[{"taxonomy":"product_brand","embeddable":true,"href":"https:\/\/pro.viljatuote.fi\/sv\/wp-json\/wp\/v2\/product_brand?post=2388"},{"taxonomy":"product_cat","embeddable":true,"href":"https:\/\/pro.viljatuote.fi\/sv\/wp-json\/wp\/v2\/product_cat?post=2388"},{"taxonomy":"product_tag","embeddable":true,"href":"https:\/\/pro.viljatuote.fi\/sv\/wp-json\/wp\/v2\/product_tag?post=2388"}],"curies":[{"name":"wp","href":"https:\/\/api.w.org\/{rel}","templated":true}]}}