{"id":2899,"date":"2026-03-11T15:01:10","date_gmt":"2026-03-11T13:01:10","guid":{"rendered":"https:\/\/pro.viljatuote.fi\/?post_type=product&#038;p=2899"},"modified":"2026-03-11T15:34:14","modified_gmt":"2026-03-11T13:34:14","slug":"mork-mjolmix-kopio","status":"publish","type":"product","link":"https:\/\/pro.viljatuote.fi\/sv\/tuote\/mork-mjolmix-kopio\/","title":{"rendered":"M\u00f6rk Mj\u00f6lmix"},"content":{"rendered":"","protected":false},"excerpt":{"rendered":"<p>M\u00f6rk bovetenbaserad universalmj\u00f6lmix, perfekt f\u00f6r b\u00e5de salta och s\u00f6ta glutenfria delikatesser. Ger rikligt med fiber, n\u00e4rings\u00e4mnen samt smak och nyans till dina bakverk. <\/p>\n<p>\u2705 mj\u00f6lblandning med goda n\u00e4ringsv\u00e4rden<br \/>\n\u2705 br\u00f6d, pajer, cookies och kladdkaka<br \/>\n\u2705 bovete och linfr\u00f6 ger bakverken m\u00f6rkare nyans<br \/>\n\u274c inget vetemj\u00f6lst\u00e4rkelse, tillsats- eller konserveringsmedel<\/p>\n<p><strong>Ingredienser:<\/strong> Bovetmj\u00f6l EU, tillsatsfri potatisflinga, linfr\u00f6gryn och psyllium.<\/p>\n","protected":false},"featured_media":2910,"template":"","meta":{"_acf_changed":false,"inline_featured_image":false,"_kad_blocks_custom_css":"","_kad_blocks_head_custom_js":"","_kad_blocks_body_custom_js":"","_kad_blocks_footer_custom_js":"","_kad_post_transparent":"default","_kad_post_title":"","_kad_post_layout":"default","_kad_post_sidebar_id":"","_kad_post_content_style":"default","_kad_post_vertical_padding":"default","_kad_post_feature":"","_kad_post_feature_position":"","_kad_post_header":false,"_kad_post_footer":false,"_kad_post_classname":""},"product_brand":[],"product_cat":[146],"product_tag":[143,148],"class_list":{"0":"post-2899","1":"product","2":"type-product","3":"status-publish","4":"has-post-thumbnail","6":"product_cat-mjolmixer","7":"product_tag-glutenfri","8":"product_tag-mjolmix","10":"first","11":"instock","12":"taxable","13":"shipping-taxable","14":"purchasable","15":"product-type-variable","16":"entry","17":"content-bg","18":"loop-entry"},"acf":[],"yoast_head":"<!-- This site is optimized with the Yoast SEO plugin v27.2 - https:\/\/yoast.com\/product\/yoast-seo-wordpress\/ -->\n<title>Glutenfri M\u00f6rk Mj\u00f6lblandning 25 kg | Viljatuote F\u00f6retagsf\u00f6rs\u00e4ljning<\/title>\n<meta name=\"description\" content=\"Bovete-baserad universalmj\u00f6lblandning l\u00e4mpar sig m\u00e5ngsidigt f\u00f6r tillverkning av m\u00f6rkare bakverk. F\u00f6rpackningsstorlekar 25 kg och stors\u00e4ck.\" \/>\n<meta name=\"robots\" content=\"index, follow, max-snippet:-1, max-image-preview:large, max-video-preview:-1\" \/>\n<link rel=\"canonical\" href=\"https:\/\/pro.viljatuote.fi\/sv\/tuote\/mork-mjolmix-kopio\/\" \/>\n<meta property=\"og:locale\" content=\"sv_SE\" \/>\n<meta property=\"og:type\" content=\"article\" \/>\n<meta property=\"og:title\" content=\"Glutenfri M\u00f6rk Mj\u00f6lblandning 25 kg | Viljatuote F\u00f6retagsf\u00f6rs\u00e4ljning\" \/>\n<meta property=\"og:description\" content=\"Bovete-baserad universalmj\u00f6lblandning l\u00e4mpar sig m\u00e5ngsidigt f\u00f6r tillverkning av m\u00f6rkare bakverk. F\u00f6rpackningsstorlekar 25 kg och stors\u00e4ck.\" \/>\n<meta property=\"og:url\" content=\"https:\/\/pro.viljatuote.fi\/sv\/tuote\/mork-mjolmix-kopio\/\" \/>\n<meta property=\"og:site_name\" content=\"Viljatuote Pro\" \/>\n<meta property=\"article:modified_time\" content=\"2026-03-11T13:34:14+00:00\" \/>\n<meta property=\"og:image\" content=\"https:\/\/pro.viljatuote.fi\/wp-content\/uploads\/2025\/12\/Tumma-Gluteeniton-Jauhoseos-25-kg.png\" \/>\n\t<meta property=\"og:image:width\" content=\"800\" \/>\n\t<meta property=\"og:image:height\" content=\"800\" \/>\n\t<meta property=\"og:image:type\" content=\"image\/png\" \/>\n<script type=\"application\/ld+json\" class=\"yoast-schema-graph\">{\"@context\":\"https:\/\/schema.org\",\"@graph\":[{\"@type\":\"WebPage\",\"@id\":\"https:\/\/pro.viljatuote.fi\/sv\/tuote\/mork-mjolmix-kopio\/\",\"url\":\"https:\/\/pro.viljatuote.fi\/sv\/tuote\/mork-mjolmix-kopio\/\",\"name\":\"Glutenfri M\u00f6rk Mj\u00f6lblandning 25 kg | Viljatuote F\u00f6retagsf\u00f6rs\u00e4ljning\",\"isPartOf\":{\"@id\":\"https:\/\/pro.viljatuote.fi\/sv\/#website\"},\"primaryImageOfPage\":{\"@id\":\"https:\/\/pro.viljatuote.fi\/sv\/tuote\/mork-mjolmix-kopio\/#primaryimage\"},\"image\":{\"@id\":\"https:\/\/pro.viljatuote.fi\/sv\/tuote\/mork-mjolmix-kopio\/#primaryimage\"},\"thumbnailUrl\":\"https:\/\/pro.viljatuote.fi\/wp-content\/uploads\/2025\/12\/Tumma-Gluteeniton-Jauhoseos-25-kg.png\",\"datePublished\":\"2026-03-11T13:01:10+00:00\",\"dateModified\":\"2026-03-11T13:34:14+00:00\",\"description\":\"Bovete-baserad universalmj\u00f6lblandning l\u00e4mpar sig m\u00e5ngsidigt f\u00f6r tillverkning av m\u00f6rkare bakverk. F\u00f6rpackningsstorlekar 25 kg och stors\u00e4ck.\",\"breadcrumb\":{\"@id\":\"https:\/\/pro.viljatuote.fi\/sv\/tuote\/mork-mjolmix-kopio\/#breadcrumb\"},\"inLanguage\":\"sv-SE\",\"potentialAction\":[{\"@type\":\"ReadAction\",\"target\":[\"https:\/\/pro.viljatuote.fi\/sv\/tuote\/mork-mjolmix-kopio\/\"]}]},{\"@type\":\"ImageObject\",\"inLanguage\":\"sv-SE\",\"@id\":\"https:\/\/pro.viljatuote.fi\/sv\/tuote\/mork-mjolmix-kopio\/#primaryimage\",\"url\":\"https:\/\/pro.viljatuote.fi\/wp-content\/uploads\/2025\/12\/Tumma-Gluteeniton-Jauhoseos-25-kg.png\",\"contentUrl\":\"https:\/\/pro.viljatuote.fi\/wp-content\/uploads\/2025\/12\/Tumma-Gluteeniton-Jauhoseos-25-kg.png\",\"width\":800,\"height\":800,\"caption\":\"M\u00f6rk Glutenfri Mj\u00f6lmix 25 kg\"},{\"@type\":\"BreadcrumbList\",\"@id\":\"https:\/\/pro.viljatuote.fi\/sv\/tuote\/mork-mjolmix-kopio\/#breadcrumb\",\"itemListElement\":[{\"@type\":\"ListItem\",\"position\":1,\"name\":\"Hemsida\",\"item\":\"https:\/\/pro.viljatuote.fi\/sv\/\"},{\"@type\":\"ListItem\",\"position\":2,\"name\":\"Webbutik\",\"item\":\"https:\/\/pro.viljatuote.fi\/sv\/butik\/\"},{\"@type\":\"ListItem\",\"position\":3,\"name\":\"M\u00f6rk Mj\u00f6lmix\"}]},{\"@type\":\"WebSite\",\"@id\":\"https:\/\/pro.viljatuote.fi\/sv\/#website\",\"url\":\"https:\/\/pro.viljatuote.fi\/sv\/\",\"name\":\"Viljatuote Pro\",\"description\":\"Verkkokauppa\",\"publisher\":{\"@id\":\"https:\/\/pro.viljatuote.fi\/sv\/#organization\"},\"potentialAction\":[{\"@type\":\"SearchAction\",\"target\":{\"@type\":\"EntryPoint\",\"urlTemplate\":\"https:\/\/pro.viljatuote.fi\/sv\/?s={search_term_string}\"},\"query-input\":{\"@type\":\"PropertyValueSpecification\",\"valueRequired\":true,\"valueName\":\"search_term_string\"}}],\"inLanguage\":\"sv-SE\"},{\"@type\":\"Organization\",\"@id\":\"https:\/\/pro.viljatuote.fi\/sv\/#organization\",\"name\":\"Virtasalmen Viljatuote\",\"url\":\"https:\/\/pro.viljatuote.fi\/sv\/\",\"logo\":{\"@type\":\"ImageObject\",\"inLanguage\":\"sv-SE\",\"@id\":\"https:\/\/pro.viljatuote.fi\/sv\/#\/schema\/logo\/image\/\",\"url\":\"https:\/\/pro.viljatuote.fi\/wp-content\/uploads\/2025\/11\/Viljatuote-logo-GREEN.svg\",\"contentUrl\":\"https:\/\/pro.viljatuote.fi\/wp-content\/uploads\/2025\/11\/Viljatuote-logo-GREEN.svg\",\"width\":245,\"height\":113,\"caption\":\"Virtasalmen Viljatuote\"},\"image\":{\"@id\":\"https:\/\/pro.viljatuote.fi\/sv\/#\/schema\/logo\/image\/\"}}]}<\/script>\n<!-- \/ Yoast SEO plugin. -->","yoast_head_json":{"title":"Glutenfri M\u00f6rk Mj\u00f6lblandning 25 kg | Viljatuote F\u00f6retagsf\u00f6rs\u00e4ljning","description":"Bovete-baserad universalmj\u00f6lblandning l\u00e4mpar sig m\u00e5ngsidigt f\u00f6r tillverkning av m\u00f6rkare bakverk. F\u00f6rpackningsstorlekar 25 kg och stors\u00e4ck.","robots":{"index":"index","follow":"follow","max-snippet":"max-snippet:-1","max-image-preview":"max-image-preview:large","max-video-preview":"max-video-preview:-1"},"canonical":"https:\/\/pro.viljatuote.fi\/sv\/tuote\/mork-mjolmix-kopio\/","og_locale":"sv_SE","og_type":"article","og_title":"Glutenfri M\u00f6rk Mj\u00f6lblandning 25 kg | Viljatuote F\u00f6retagsf\u00f6rs\u00e4ljning","og_description":"Bovete-baserad universalmj\u00f6lblandning l\u00e4mpar sig m\u00e5ngsidigt f\u00f6r tillverkning av m\u00f6rkare bakverk. F\u00f6rpackningsstorlekar 25 kg och stors\u00e4ck.","og_url":"https:\/\/pro.viljatuote.fi\/sv\/tuote\/mork-mjolmix-kopio\/","og_site_name":"Viljatuote Pro","article_modified_time":"2026-03-11T13:34:14+00:00","og_image":[{"width":800,"height":800,"url":"https:\/\/pro.viljatuote.fi\/wp-content\/uploads\/2025\/12\/Tumma-Gluteeniton-Jauhoseos-25-kg.png","type":"image\/png"}],"schema":{"@context":"https:\/\/schema.org","@graph":[{"@type":"WebPage","@id":"https:\/\/pro.viljatuote.fi\/sv\/tuote\/mork-mjolmix-kopio\/","url":"https:\/\/pro.viljatuote.fi\/sv\/tuote\/mork-mjolmix-kopio\/","name":"Glutenfri M\u00f6rk Mj\u00f6lblandning 25 kg | Viljatuote F\u00f6retagsf\u00f6rs\u00e4ljning","isPartOf":{"@id":"https:\/\/pro.viljatuote.fi\/sv\/#website"},"primaryImageOfPage":{"@id":"https:\/\/pro.viljatuote.fi\/sv\/tuote\/mork-mjolmix-kopio\/#primaryimage"},"image":{"@id":"https:\/\/pro.viljatuote.fi\/sv\/tuote\/mork-mjolmix-kopio\/#primaryimage"},"thumbnailUrl":"https:\/\/pro.viljatuote.fi\/wp-content\/uploads\/2025\/12\/Tumma-Gluteeniton-Jauhoseos-25-kg.png","datePublished":"2026-03-11T13:01:10+00:00","dateModified":"2026-03-11T13:34:14+00:00","description":"Bovete-baserad universalmj\u00f6lblandning l\u00e4mpar sig m\u00e5ngsidigt f\u00f6r tillverkning av m\u00f6rkare bakverk. F\u00f6rpackningsstorlekar 25 kg och stors\u00e4ck.","breadcrumb":{"@id":"https:\/\/pro.viljatuote.fi\/sv\/tuote\/mork-mjolmix-kopio\/#breadcrumb"},"inLanguage":"sv-SE","potentialAction":[{"@type":"ReadAction","target":["https:\/\/pro.viljatuote.fi\/sv\/tuote\/mork-mjolmix-kopio\/"]}]},{"@type":"ImageObject","inLanguage":"sv-SE","@id":"https:\/\/pro.viljatuote.fi\/sv\/tuote\/mork-mjolmix-kopio\/#primaryimage","url":"https:\/\/pro.viljatuote.fi\/wp-content\/uploads\/2025\/12\/Tumma-Gluteeniton-Jauhoseos-25-kg.png","contentUrl":"https:\/\/pro.viljatuote.fi\/wp-content\/uploads\/2025\/12\/Tumma-Gluteeniton-Jauhoseos-25-kg.png","width":800,"height":800,"caption":"M\u00f6rk Glutenfri Mj\u00f6lmix 25 kg"},{"@type":"BreadcrumbList","@id":"https:\/\/pro.viljatuote.fi\/sv\/tuote\/mork-mjolmix-kopio\/#breadcrumb","itemListElement":[{"@type":"ListItem","position":1,"name":"Hemsida","item":"https:\/\/pro.viljatuote.fi\/sv\/"},{"@type":"ListItem","position":2,"name":"Webbutik","item":"https:\/\/pro.viljatuote.fi\/sv\/butik\/"},{"@type":"ListItem","position":3,"name":"M\u00f6rk Mj\u00f6lmix"}]},{"@type":"WebSite","@id":"https:\/\/pro.viljatuote.fi\/sv\/#website","url":"https:\/\/pro.viljatuote.fi\/sv\/","name":"Viljatuote Pro","description":"Verkkokauppa","publisher":{"@id":"https:\/\/pro.viljatuote.fi\/sv\/#organization"},"potentialAction":[{"@type":"SearchAction","target":{"@type":"EntryPoint","urlTemplate":"https:\/\/pro.viljatuote.fi\/sv\/?s={search_term_string}"},"query-input":{"@type":"PropertyValueSpecification","valueRequired":true,"valueName":"search_term_string"}}],"inLanguage":"sv-SE"},{"@type":"Organization","@id":"https:\/\/pro.viljatuote.fi\/sv\/#organization","name":"Virtasalmen Viljatuote","url":"https:\/\/pro.viljatuote.fi\/sv\/","logo":{"@type":"ImageObject","inLanguage":"sv-SE","@id":"https:\/\/pro.viljatuote.fi\/sv\/#\/schema\/logo\/image\/","url":"https:\/\/pro.viljatuote.fi\/wp-content\/uploads\/2025\/11\/Viljatuote-logo-GREEN.svg","contentUrl":"https:\/\/pro.viljatuote.fi\/wp-content\/uploads\/2025\/11\/Viljatuote-logo-GREEN.svg","width":245,"height":113,"caption":"Virtasalmen Viljatuote"},"image":{"@id":"https:\/\/pro.viljatuote.fi\/sv\/#\/schema\/logo\/image\/"}}]}},"taxonomy_info":{"product_cat":[{"value":146,"label":"Mj\u00f6lmixer"}],"product_tag":[{"value":143,"label":"Glutenfri"},{"value":148,"label":"Mj\u00f6lmix"}]},"featured_image_src_large":["https:\/\/pro.viljatuote.fi\/wp-content\/uploads\/2025\/12\/Tumma-Gluteeniton-Jauhoseos-25-kg.png",800,800,false],"author_info":[],"comment_info":"","_links":{"self":[{"href":"https:\/\/pro.viljatuote.fi\/sv\/wp-json\/wp\/v2\/product\/2899","targetHints":{"allow":["GET"]}}],"collection":[{"href":"https:\/\/pro.viljatuote.fi\/sv\/wp-json\/wp\/v2\/product"}],"about":[{"href":"https:\/\/pro.viljatuote.fi\/sv\/wp-json\/wp\/v2\/types\/product"}],"wp:featuredmedia":[{"embeddable":true,"href":"https:\/\/pro.viljatuote.fi\/sv\/wp-json\/wp\/v2\/media\/2910"}],"wp:attachment":[{"href":"https:\/\/pro.viljatuote.fi\/sv\/wp-json\/wp\/v2\/media?parent=2899"}],"wp:term":[{"taxonomy":"product_brand","embeddable":true,"href":"https:\/\/pro.viljatuote.fi\/sv\/wp-json\/wp\/v2\/product_brand?post=2899"},{"taxonomy":"product_cat","embeddable":true,"href":"https:\/\/pro.viljatuote.fi\/sv\/wp-json\/wp\/v2\/product_cat?post=2899"},{"taxonomy":"product_tag","embeddable":true,"href":"https:\/\/pro.viljatuote.fi\/sv\/wp-json\/wp\/v2\/product_tag?post=2899"}],"curies":[{"name":"wp","href":"https:\/\/api.w.org\/{rel}","templated":true}]}}